{"id":16563,"date":"2025-10-20T15:58:01","date_gmt":"2025-10-20T15:58:01","guid":{"rendered":"https:\/\/stayinn.travel\/product\/huahine-angele-house-2\/"},"modified":"2026-04-16T10:36:16","modified_gmt":"2026-04-16T10:36:16","slug":"huahine-angele-house-2","status":"publish","type":"product","link":"https:\/\/stayinn.travel\/es\/product\/huahine-angele-house-2\/","title":{"rendered":"HUAHINE- Ang\u00e8le House"},"content":{"rendered":"<p>Ubicada en el coraz\u00f3n de Maeva en Huahine, Ang\u00e8le House le invita a vivir un par\u00e9ntesis aut\u00e9ntico en un entorno verde y tranquilo. Desde su llegada, se sentir\u00e1 seducido por el encanto simple y acogedor de esta casa polinesia, ideal para compartir una estancia en familia o entre amigos.<\/p>\n<p>La casa puede albergar hasta 4 personas y cuenta con dos habitaciones con aire acondicionado, cada una equipada con una cama doble c\u00f3moda para noches relajantes despu\u00e9s de sus d\u00edas de descubrimiento. El cuarto de ba\u00f1o incluye una ducha, un lavabo y un inodoro.<\/p>\n<p>En el exterior, disfrute de una cocina de verano cubierta y equipada, perfecta para preparar sus comidas de manera acogedora, as\u00ed como una terraza protegida que se abre a un jard\u00edn cercado, donde se saborea la calma y la intimidad. Angel House est\u00e1 situada en un terreno familiar, lo que a\u00f1ade una atm\u00f3sfera c\u00e1lida y segura a su estancia.<\/p>\n<p>Para su comodidad, la casa est\u00e1 equipada con aire acondicionado, lavadora y todos los elementos esenciales para una estancia aut\u00f3noma.<\/p>\n<p>\u2728 Estancia de relajaci\u00f3n o descubrimiento activo, \u00a1Ang\u00e8le House le ofrece un punto de partida ideal para explorar Huahine en toda su autenticidad! Recomendamos el alquiler de un coche.<\/p>\n<p>Puntos fuertes del alojamiento<br \/>\n<br \/>Dos habitaciones con aire acondicionado con camas dobles confortables<\/p>\n<p>Cocina exterior de tipo cocina de verano y terraza cubierta<\/p>\n<p>Jard\u00edn vallado que ofrece tranquilidad y seguridad<\/p>\n<p>Lavadora disponible para mayor autonom\u00eda<\/p>\n<p>Ubicaci\u00f3n aut\u00e9ntica en terreno familiar, cerca de la playa y sitios culturales<\/p>\n<p>Cerca<br \/>\n<br \/>Playa del Sofitel: solo unos minutos en coche<\/p>\n<p>Mareas y parques de peces tradicionales: accesibles a pie<\/p>\n<p>Pueblo de Fare: a unos 6 km, con comercios, restaurantes y servicios<\/p>\n<p>Menciones obligatorias<br \/>\n<br \/>Las fiestas y reuniones est\u00e1n estrictamente prohibidas dentro de la vivienda.<\/p>\n<p>Toda reserva est\u00e1 sujeta obligatoriamente a la aceptaci\u00f3n sin restricciones de nuestras condiciones generales de venta visibles en nuestro sitio web Stayinn.Vacations haciendo clic en condiciones generales.<\/p>\n<p>N\u00famero de registro: 2411DTO-MT<\/p>\n","protected":false},"excerpt":{"rendered":"<p>Ubicada en el coraz\u00f3n de Maeva en Huahine, Ang\u00e8le House le invita a vivir un par\u00e9ntesis aut\u00e9ntico en un entorno verde y tranquilo. Desde su llegada, se sentir\u00e1 seducido por el encanto simple y acogedor de esta casa polinesia, ideal para compartir una estancia en familia o entre amigos. La casa puede albergar hasta 4 [&hellip;]<\/p>\n","protected":false},"featured_media":16697,"comment_status":"open","ping_status":"closed","template":"","meta":{"inline_featured_image":false},"country":[],"product_brand":[],"product_cat":[293],"product_tag":[],"class_list":{"0":"post-16563","1":"product","2":"type-product","3":"status-publish","4":"has-post-thumbnail","6":"product_cat-alojamiento","8":"first","9":"instock","10":"shipping-taxable","11":"purchasable","12":"product-type-simple"},"acf":[],"_links":{"self":[{"href":"https:\/\/stayinn.travel\/es\/wp-json\/wp\/v2\/product\/16563","targetHints":{"allow":["GET"]}}],"collection":[{"href":"https:\/\/stayinn.travel\/es\/wp-json\/wp\/v2\/product"}],"about":[{"href":"https:\/\/stayinn.travel\/es\/wp-json\/wp\/v2\/types\/product"}],"replies":[{"embeddable":true,"href":"https:\/\/stayinn.travel\/es\/wp-json\/wp\/v2\/comments?post=16563"}],"wp:featuredmedia":[{"embeddable":true,"href":"https:\/\/stayinn.travel\/es\/wp-json\/wp\/v2\/media\/16697"}],"wp:attachment":[{"href":"https:\/\/stayinn.travel\/es\/wp-json\/wp\/v2\/media?parent=16563"}],"wp:term":[{"taxonomy":"country","embeddable":true,"href":"https:\/\/stayinn.travel\/es\/wp-json\/wp\/v2\/country?post=16563"},{"taxonomy":"product_brand","embeddable":true,"href":"https:\/\/stayinn.travel\/es\/wp-json\/wp\/v2\/product_brand?post=16563"},{"taxonomy":"product_cat","embeddable":true,"href":"https:\/\/stayinn.travel\/es\/wp-json\/wp\/v2\/product_cat?post=16563"},{"taxonomy":"product_tag","embeddable":true,"href":"https:\/\/stayinn.travel\/es\/wp-json\/wp\/v2\/product_tag?post=16563"}],"curies":[{"name":"wp","href":"https:\/\/api.w.org\/{rel}","templated":true}]}}