{"id":16581,"date":"2025-10-20T15:57:59","date_gmt":"2025-10-20T15:57:59","guid":{"rendered":"https:\/\/stayinn.travel\/product\/fakarava-beach-houses-fetii\/"},"modified":"2026-04-16T10:36:21","modified_gmt":"2026-04-16T10:36:21","slug":"fakarava-beach-houses-fetii","status":"publish","type":"product","link":"https:\/\/stayinn.travel\/es\/product\/fakarava-beach-houses-fetii\/","title":{"rendered":"FAKARAVA &#8211; Beach Houses Fetii"},"content":{"rendered":"<p>\u00a1Iaorana y Maeva! Bienvenido a este bungalow familiar de 50 m\u00b2 Beach house 3, ubicado en un cocotal tranquilo a pocos pasos de la laguna turquesa de Fakarava. Ideal para una familia o un grupo de amigos, ofrece un espacio amplio y acogedor para disfrutar plenamente de su estancia.<\/p>\n<p>El alojamiento acoge hasta 5 personas y dispone de un espacio dormitorio con dos camas queen-size y una cama individual. La gran terraza cubierta es perfecta para compartir una comida, relajarse despu\u00e9s de un d\u00eda en la laguna o simplemente disfrutar de la tranquilidad de la isla. Encontrar\u00e1 un ba\u00f1o interior con agua caliente, complementado por una ducha exterior pr\u00e1ctica al regreso de la playa. La cocina equipada permite preparar sus comidas de forma aut\u00f3noma, y el bungalow est\u00e1 equipado con wifi, lavadora y un rinc\u00f3n de tendedero para mayor comodidad.<\/p>\n<p>En el lugar, un snack est\u00e1 abierto al mediod\u00eda, y una pensi\u00f3n vecina ofrece desayuno y cena con reserva. Para sus desplazamientos, tambi\u00e9n es posible alquilar scooters directamente en el lugar. Finalmente, la playa est\u00e1 a solo unos pasos, con kayaks gratuitos a disposici\u00f3n para explorar la laguna con total libertad.<br \/>\n<br \/>Adem\u00e1s, hay una zona de recepci\u00f3n disponible si llega o sale fuera del horario de recepci\u00f3n.<\/p>\n<p>Los esenciales:<\/p>\n<p>Bungalow familiar espacioso (50 m\u00b2) para 5 personas<\/p>\n<p>Dos camas queen-size + una cama individual<\/p>\n<p>Gran terraza cubierta<\/p>\n<p>Ba\u00f1o interior + ducha exterior<\/p>\n<p>Cocina equipada y lavadora<\/p>\n<p>Kayaks gratuitos, snack y pensi\u00f3n cerca<\/p>\n<p>Alquiler de scooters posible en el lugar<\/p>\n<p>Los traslados en taxi pueden ser organizados por el propietario si los horarios de vuelo se comunican con antelaci\u00f3n. La tarifa es de 1500 XPF por persona y por trayecto, que se debe pagar en efectivo en el lugar.<\/p>\n<p>Las fiestas y reuniones est\u00e1n estrictamente prohibidas dentro de la vivienda.<\/p>\n<p>Toda reserva est\u00e1 sujeta obligatoriamente a la aceptaci\u00f3n sin restricciones de nuestras condiciones generales de venta visibles en nuestro sitio web Stayinn.Vacations haciendo clic en condiciones generales.<\/p>\n<p>N\u00famero de registro: 1538DTO-MT<\/p>\n","protected":false},"excerpt":{"rendered":"<p>\u00a1Iaorana y Maeva! Bienvenido a este bungalow familiar de 50 m\u00b2 Beach house 3, ubicado en un cocotal tranquilo a pocos pasos de la laguna turquesa de Fakarava. Ideal para una familia o un grupo de amigos, ofrece un espacio amplio y acogedor para disfrutar plenamente de su estancia. El alojamiento acoge hasta 5 personas [&hellip;]<\/p>\n","protected":false},"featured_media":16583,"comment_status":"open","ping_status":"closed","template":"","meta":{"inline_featured_image":false},"country":[],"product_brand":[],"product_cat":[293],"product_tag":[],"class_list":{"0":"post-16581","1":"product","2":"type-product","3":"status-publish","4":"has-post-thumbnail","6":"product_cat-alojamiento","8":"first","9":"instock","10":"shipping-taxable","11":"purchasable","12":"product-type-simple"},"acf":[],"_links":{"self":[{"href":"https:\/\/stayinn.travel\/es\/wp-json\/wp\/v2\/product\/16581","targetHints":{"allow":["GET"]}}],"collection":[{"href":"https:\/\/stayinn.travel\/es\/wp-json\/wp\/v2\/product"}],"about":[{"href":"https:\/\/stayinn.travel\/es\/wp-json\/wp\/v2\/types\/product"}],"replies":[{"embeddable":true,"href":"https:\/\/stayinn.travel\/es\/wp-json\/wp\/v2\/comments?post=16581"}],"wp:featuredmedia":[{"embeddable":true,"href":"https:\/\/stayinn.travel\/es\/wp-json\/wp\/v2\/media\/16583"}],"wp:attachment":[{"href":"https:\/\/stayinn.travel\/es\/wp-json\/wp\/v2\/media?parent=16581"}],"wp:term":[{"taxonomy":"country","embeddable":true,"href":"https:\/\/stayinn.travel\/es\/wp-json\/wp\/v2\/country?post=16581"},{"taxonomy":"product_brand","embeddable":true,"href":"https:\/\/stayinn.travel\/es\/wp-json\/wp\/v2\/product_brand?post=16581"},{"taxonomy":"product_cat","embeddable":true,"href":"https:\/\/stayinn.travel\/es\/wp-json\/wp\/v2\/product_cat?post=16581"},{"taxonomy":"product_tag","embeddable":true,"href":"https:\/\/stayinn.travel\/es\/wp-json\/wp\/v2\/product_tag?post=16581"}],"curies":[{"name":"wp","href":"https:\/\/api.w.org\/{rel}","templated":true}]}}