{"id":16608,"date":"2025-10-20T15:57:57","date_gmt":"2025-10-20T15:57:57","guid":{"rendered":"https:\/\/stayinn.travel\/product\/tahiti-studio-manomano-maoti-2\/"},"modified":"2026-04-16T10:36:29","modified_gmt":"2026-04-16T10:36:29","slug":"tahiti-studio-manomano-maoti-2","status":"publish","type":"product","link":"https:\/\/stayinn.travel\/es\/product\/tahiti-studio-manomano-maoti-2\/","title":{"rendered":"TAHITI &#8211; Studio ManoMano Maoti"},"content":{"rendered":"<p>TAHIT\u00cd &#8211; Estudio Manomano Maoti<br \/>\n<br \/>Ubicado en la costa oeste de Tahit\u00ed, en Papara, el Estudio Manomano Maoti le ofrece un marco privilegiado junto a la playa, en el coraz\u00f3n de una propiedad familiar tranquila y verde. Disfrutar\u00e1 de un acceso casi privado a la arena blanca y a una laguna excepcional, ideal para relajarse, hacer snorkel o salir en kayak.<\/p>\n<p>Con sus 45 m\u00b2 habitables, el estudio climatizado permite acoger hasta 4 personas gracias a sus espacios para dormir en altillo<\/p>\n<p>El estudio con vistas al jard\u00edn consta de una cocina equipada (placa de cocina de gas, refrigerador, hervidor, cafetera y tostadora), un comedor y una terraza abierta al jard\u00edn.<\/p>\n<p>La estancia incluye 2 camas individuales con posibilidad de unirlas y 1 cama de matrimonio en el nivel del altillo.<\/p>\n<p>El ba\u00f1o est\u00e1 equipado con todo lo necesario (gel de ducha \/ champ\u00fas) y un cambio de s\u00e1banas cada 3 d\u00edas.<\/p>\n<p>Bajo petici\u00f3n, podemos poner a su disposici\u00f3n gratuitamente una cuna de viaje, un secador de pelo y un microondas. Un servicio de lavander\u00eda tambi\u00e9n est\u00e1 disponible por un cargo adicional. Es posible a\u00f1adir colchones adicionales (1.500 XPF por persona), que se pagar\u00e1n directamente en el lugar.<\/p>\n<p>Cerca del lodge (a -100 m a pie)<br \/>\n<br \/>Marae Mahaeatea del lodge<br \/>\n<br \/>Playa de Taharuu y ba\u00f1o en el r\u00edo<br \/>\n<br \/>Tienda LS PROXI TAHARUU<br \/>\n<br \/>Snack BEACH BURGER<br \/>\n<br \/>Pizzer\u00eda La Ventienne<\/p>\n<p>Lo esencial:<br \/>\n<br \/>desayuno + cena posible bajo demanda en el lugar<br \/>\n<br \/>Servicio de limpieza realizado cada 3 d\u00edas para estancias largas<br \/>\n<br \/>Wifi ilimitado gratuito<br \/>\n<br \/>Cerca del spot de Surf Taharuu<br \/>\n<br \/>alquiler de equipos n\u00e1uticos (paddle, kayaks, tabla de surf)<br \/>\n<br \/>spot de snorkel justo enfrente<\/p>\n<p>Los eventos o cualquier otra fiesta est\u00e1n prohibidos dentro del bungalow<br \/>\n<br \/>Se solicita una cauci\u00f3n para cualquier pago en efectivo, transferencia o cheque. Esta no se cobrar\u00e1 y se le devolver\u00e1 en el check out en la agencia STAYINN VACATIONS<br \/>\n<br \/>Toda reserva est\u00e1 sujeta obligatoriamente a la aceptaci\u00f3n sin restricciones de nuestras condiciones generales de venta visibles en nuestro sitio Stayinn.Vacations haciendo clic en las condiciones generales.<\/p>\n","protected":false},"excerpt":{"rendered":"<p>TAHIT\u00cd &#8211; Estudio Manomano Maoti Ubicado en la costa oeste de Tahit\u00ed, en Papara, el Estudio Manomano Maoti le ofrece un marco privilegiado junto a la playa, en el coraz\u00f3n de una propiedad familiar tranquila y verde. Disfrutar\u00e1 de un acceso casi privado a la arena blanca y a una laguna excepcional, ideal para relajarse, [&hellip;]<\/p>\n","protected":false},"featured_media":16609,"comment_status":"open","ping_status":"closed","template":"","meta":{"inline_featured_image":false},"country":[],"product_brand":[],"product_cat":[293],"product_tag":[],"class_list":{"0":"post-16608","1":"product","2":"type-product","3":"status-publish","4":"has-post-thumbnail","6":"product_cat-alojamiento","8":"first","9":"instock","10":"shipping-taxable","11":"purchasable","12":"product-type-simple"},"acf":[],"_links":{"self":[{"href":"https:\/\/stayinn.travel\/es\/wp-json\/wp\/v2\/product\/16608","targetHints":{"allow":["GET"]}}],"collection":[{"href":"https:\/\/stayinn.travel\/es\/wp-json\/wp\/v2\/product"}],"about":[{"href":"https:\/\/stayinn.travel\/es\/wp-json\/wp\/v2\/types\/product"}],"replies":[{"embeddable":true,"href":"https:\/\/stayinn.travel\/es\/wp-json\/wp\/v2\/comments?post=16608"}],"wp:featuredmedia":[{"embeddable":true,"href":"https:\/\/stayinn.travel\/es\/wp-json\/wp\/v2\/media\/16609"}],"wp:attachment":[{"href":"https:\/\/stayinn.travel\/es\/wp-json\/wp\/v2\/media?parent=16608"}],"wp:term":[{"taxonomy":"country","embeddable":true,"href":"https:\/\/stayinn.travel\/es\/wp-json\/wp\/v2\/country?post=16608"},{"taxonomy":"product_brand","embeddable":true,"href":"https:\/\/stayinn.travel\/es\/wp-json\/wp\/v2\/product_brand?post=16608"},{"taxonomy":"product_cat","embeddable":true,"href":"https:\/\/stayinn.travel\/es\/wp-json\/wp\/v2\/product_cat?post=16608"},{"taxonomy":"product_tag","embeddable":true,"href":"https:\/\/stayinn.travel\/es\/wp-json\/wp\/v2\/product_tag?post=16608"}],"curies":[{"name":"wp","href":"https:\/\/api.w.org\/{rel}","templated":true}]}}