{"id":16804,"date":"2025-06-11T05:14:08","date_gmt":"2025-06-11T05:14:08","guid":{"rendered":"https:\/\/stayinn.travel\/product\/tikehau-buceo\/"},"modified":"2025-06-11T05:14:08","modified_gmt":"2025-06-11T05:14:08","slug":"tikehau-buceo","status":"publish","type":"product","link":"https:\/\/stayinn.travel\/es\/product\/tikehau-buceo\/","title":{"rendered":"TIKEHAU &#8211; Buceo"},"content":{"rendered":"<p data-start=\"147\" data-end=\"503\">La Polinesia Francesa, un aut\u00e9ntico para\u00edso para los buceadores, es sin duda EL destino por excelencia para enamorarse del buceo. Tanto si eres principiante como si eres un buceador experimentado, no te pierdas la oportunidad de explorar esta emblem\u00e1tica regi\u00f3n, donde las lagunas brillan con cientos de tonos de azul y rebosan de una vida marina m\u00e1s vibrante y diversa que en cualquier otro lugar del planeta. <\/p>\n<p data-start=\"505\" data-end=\"905\">En Tikehau, el mundo submarino es rico y salvaje, y ofrece encuentros con grandes especies marinas como el tibur\u00f3n martillo gigante, el tibur\u00f3n tigre, el tibur\u00f3n gris de arrecife, el tibur\u00f3n de puntas negras y el escurridizo tibur\u00f3n tapete. Tambi\u00e9n podr\u00e1s avistar coloridos peces tropicales, peces napole\u00f3n, tortugas marinas, enormes bancos de peces cabra, barracudas, jureles de ojos grandes y, sobre todo, las majestuosas mantarrayas. <\/p>\n<p data-start=\"907\" data-end=\"990\"><strong>Introductory dives (bapt\u00eames)<\/strong> are held either at the manta ray site or at the pass.<\/p>\n<p data-start=\"992\" data-end=\"1156\">Las inmersiones de exploraci\u00f3n suelen realizarse en el paso de Tuheiava, a unos 20-25 minutos en barco desde el pueblo. Estas excursiones siempre incluyen dos inmersiones consecutivas. <\/p>\n<p data-start=\"1158\" data-end=\"1397\">En las inmersiones al atardecer (de 15:30 a 18:00), podr\u00e1s presenciar el desove de los peces cirujanos y los peces loro, as\u00ed como comportamientos marinos cambiantes, como los tiburones cazando bancos de \u00abAture\u00bb (caballa), todo ello bajo el m\u00e1gico resplandor dorado del sol poniente.<\/p>\n","protected":false},"excerpt":{"rendered":"<p><strong>\u2728 Sum\u00e9rgete en un mundo de gigantes, color y maravillas: \u00a1el universo submarino de Tikehau es pura magia! \ud83c\udf05\ud83e\udd88\ud83d\udc22\ud83c\udf0a <\/strong><\/p>\n","protected":false},"featured_media":2617,"comment_status":"open","ping_status":"closed","template":"","meta":{"inline_featured_image":false},"country":[],"product_brand":[],"product_cat":[294],"product_tag":[910],"class_list":{"0":"post-16804","1":"product","2":"type-product","3":"status-publish","4":"has-post-thumbnail","6":"product_cat-actividades","7":"product_tag-tikehau-es","9":"first","10":"instock","11":"shipping-taxable","12":"purchasable","13":"product-type-simple"},"acf":[],"_links":{"self":[{"href":"https:\/\/stayinn.travel\/es\/wp-json\/wp\/v2\/product\/16804","targetHints":{"allow":["GET"]}}],"collection":[{"href":"https:\/\/stayinn.travel\/es\/wp-json\/wp\/v2\/product"}],"about":[{"href":"https:\/\/stayinn.travel\/es\/wp-json\/wp\/v2\/types\/product"}],"replies":[{"embeddable":true,"href":"https:\/\/stayinn.travel\/es\/wp-json\/wp\/v2\/comments?post=16804"}],"wp:featuredmedia":[{"embeddable":true,"href":"https:\/\/stayinn.travel\/es\/wp-json\/wp\/v2\/media\/2617"}],"wp:attachment":[{"href":"https:\/\/stayinn.travel\/es\/wp-json\/wp\/v2\/media?parent=16804"}],"wp:term":[{"taxonomy":"country","embeddable":true,"href":"https:\/\/stayinn.travel\/es\/wp-json\/wp\/v2\/country?post=16804"},{"taxonomy":"product_brand","embeddable":true,"href":"https:\/\/stayinn.travel\/es\/wp-json\/wp\/v2\/product_brand?post=16804"},{"taxonomy":"product_cat","embeddable":true,"href":"https:\/\/stayinn.travel\/es\/wp-json\/wp\/v2\/product_cat?post=16804"},{"taxonomy":"product_tag","embeddable":true,"href":"https:\/\/stayinn.travel\/es\/wp-json\/wp\/v2\/product_tag?post=16804"}],"curies":[{"name":"wp","href":"https:\/\/api.w.org\/{rel}","templated":true}]}}