{"id":16869,"date":"2025-06-11T03:28:20","date_gmt":"2025-06-11T03:28:20","guid":{"rendered":"https:\/\/stayinn.travel\/product\/fakarava-buceo\/"},"modified":"2025-06-11T03:28:20","modified_gmt":"2025-06-11T03:28:20","slug":"fakarava-buceo","status":"publish","type":"product","link":"https:\/\/stayinn.travel\/es\/product\/fakarava-buceo\/","title":{"rendered":"FAKARAVA &#8211; Buceo"},"content":{"rendered":"<p data-start=\"135\" data-end=\"468\">La Polinesia Francesa, un aut\u00e9ntico para\u00edso para los buceadores, es sin duda uno de los mejores destinos del mundo para practicar el buceo. Tanto si eres principiante como si eres un buceador experimentado, no te pierdas la oportunidad de dar tu primer salto al agua en este emblem\u00e1tico destino, donde las lagunas resplandecen con cientos de tonos de azul y rebosan de una fascinante vida marina. <\/p>\n<p data-start=\"470\" data-end=\"749\">Tu instructor certificado informar\u00e1 a tu grupo de buceo y te explicar\u00e1 el lugar que est\u00e1is a punto de explorar. Una vez a bordo de la embarcaci\u00f3n, os dirigir\u00e9is al lugar de buceo elegido. Al llegar, os pondr\u00e9is el equipo, os sentar\u00e9is en la borda de la embarcaci\u00f3n y, a la cuenta de tres&#8230; os sumergir\u00e9is en un mundo completamente nuevo.  <\/p>\n<p data-start=\"751\" data-end=\"969\">En Fakarava, el paso norte de Garuae \u2014el m\u00e1s ancho de toda la Polinesia Francesa\u2014 ofrece un buceo espectacular lejos del turismo de masas, con arrecifes de coral en pleno esplendor y una impresionante concentraci\u00f3n de peces pel\u00e1gicos y tiburones.<\/p>\n<p data-start=\"971\" data-end=\"1294\">El paso sur de Tetamanu es ideal para buceadores de todos los niveles. Con condiciones tranquilas y una visibilidad extraordinaria, ofrece vibrantes jardines de coral, peces napole\u00f3n, enormes bancos de peces e innumerables tiburones grises de arrecife, incluida la famosa \u00abpared de tiburones\u00bb, que atrae a buceadores de todo el mundo. <\/p>\n","protected":false},"excerpt":{"rendered":"<article class=\"text-token-text-primary w-full\" dir=\"auto\" data-testid=\"conversation-turn-706\" data-scroll-anchor=\"true\">\n<div class=\"text-base my-auto mx-auto py-5 [--thread-content-margin:--spacing(4)] @[37rem]:[--thread-content-margin:--spacing(6)] @[72rem]:[--thread-content-margin:--spacing(16)] px-(--thread-content-margin)\">\n<div class=\"[--thread-content-max-width:32rem] @[34rem]:[--thread-content-max-width:40rem] @[64rem]:[--thread-content-max-width:48rem] mx-auto flex max-w-(--thread-content-max-width) flex-1 text-base gap-4 md:gap-5 lg:gap-6 group\/turn-messages focus-visible:outline-hidden\" tabindex=\"-1\">\n<div class=\"group\/conversation-turn relative flex w-full min-w-0 flex-col agent-turn\">\n<div class=\"relative flex-col gap-1 md:gap-3\">\n<div class=\"flex max-w-full flex-col grow\">\n<div class=\"min-h-8 text-message relative flex w-full flex-col items-end gap-2 text-start break-words whitespace-normal [.text-message+&amp;]:mt-5\" dir=\"auto\" data-message-author-role=\"assistant\" data-message-id=\"36bd33c5-6a45-49cf-8714-354fcee5ad67\" data-message-model-slug=\"gpt-4o\">\n<div class=\"flex w-full flex-col gap-1 empty:hidden first:pt-[3px]\">\n<div class=\"markdown prose dark:prose-invert w-full break-words dark\">\n<p data-start=\"1301\" data-end=\"1378\" data-is-last-node=\"\" data-is-only-node=\"\">\ud83e\udd88\ud83d\udc1f Sum\u00e9rgete en la magia de Fakarava, \u00a1donde brillan los corales y reinan los tiburones! \ud83c\udf0a\ud83e\udd3f<\/p>\n<\/div>\n<\/div>\n<\/div>\n<\/div>\n<\/div>\n<\/div>\n<\/div>\n<\/div>\n<\/article>\n","protected":false},"featured_media":2547,"comment_status":"open","ping_status":"closed","template":"","meta":{"inline_featured_image":false},"country":[],"product_brand":[],"product_cat":[294],"product_tag":[911],"class_list":{"0":"post-16869","1":"product","2":"type-product","3":"status-publish","4":"has-post-thumbnail","6":"product_cat-actividades","7":"product_tag-fakarava-es","9":"first","10":"instock","11":"shipping-taxable","12":"purchasable","13":"product-type-simple"},"acf":[],"_links":{"self":[{"href":"https:\/\/stayinn.travel\/es\/wp-json\/wp\/v2\/product\/16869","targetHints":{"allow":["GET"]}}],"collection":[{"href":"https:\/\/stayinn.travel\/es\/wp-json\/wp\/v2\/product"}],"about":[{"href":"https:\/\/stayinn.travel\/es\/wp-json\/wp\/v2\/types\/product"}],"replies":[{"embeddable":true,"href":"https:\/\/stayinn.travel\/es\/wp-json\/wp\/v2\/comments?post=16869"}],"wp:featuredmedia":[{"embeddable":true,"href":"https:\/\/stayinn.travel\/es\/wp-json\/wp\/v2\/media\/2547"}],"wp:attachment":[{"href":"https:\/\/stayinn.travel\/es\/wp-json\/wp\/v2\/media?parent=16869"}],"wp:term":[{"taxonomy":"country","embeddable":true,"href":"https:\/\/stayinn.travel\/es\/wp-json\/wp\/v2\/country?post=16869"},{"taxonomy":"product_brand","embeddable":true,"href":"https:\/\/stayinn.travel\/es\/wp-json\/wp\/v2\/product_brand?post=16869"},{"taxonomy":"product_cat","embeddable":true,"href":"https:\/\/stayinn.travel\/es\/wp-json\/wp\/v2\/product_cat?post=16869"},{"taxonomy":"product_tag","embeddable":true,"href":"https:\/\/stayinn.travel\/es\/wp-json\/wp\/v2\/product_tag?post=16869"}],"curies":[{"name":"wp","href":"https:\/\/api.w.org\/{rel}","templated":true}]}}