{"id":16928,"date":"2025-06-07T00:50:07","date_gmt":"2025-06-07T00:50:07","guid":{"rendered":"https:\/\/stayinn.travel\/product\/tahaa-safari-en-4x4-almuerzo-con-los-lugarenos-paseo-en-barco-al-jardin-de-coral-8-horas\/"},"modified":"2025-06-07T00:50:07","modified_gmt":"2025-06-07T00:50:07","slug":"tahaa-safari-en-4x4-almuerzo-con-los-lugarenos-paseo-en-barco-al-jardin-de-coral-8-horas","status":"publish","type":"product","link":"https:\/\/stayinn.travel\/es\/product\/tahaa-safari-en-4x4-almuerzo-con-los-lugarenos-paseo-en-barco-al-jardin-de-coral-8-horas\/","title":{"rendered":"TAHA&#8217;A &#8211; Safari en 4&#215;4 + Almuerzo con los lugare\u00f1os + Paseo en barco al Jard\u00edn de Coral &#8211; 8 horas"},"content":{"rendered":"<p data-start=\"155\" data-end=\"432\">\u00a1Descubre la riqueza de la Isla de la Vainilla en esta experiencia de d\u00eda completo que combina tierra y mar! Empieza con un recorrido cultural en 4&#215;4 por Taha\u2019a, en el que explorar\u00e1s las tradiciones de la isla y sus productos emblem\u00e1ticos, como las perlas negras de Tahit\u00ed, el cultivo de la vainilla y la elaboraci\u00f3n local de ron. <\/p>\n<p data-start=\"434\" data-end=\"653\">Contin\u00faa el recorrido con un almuerzo acogedor y aut\u00e9ntico que compartir\u00e1s con los lugare\u00f1os en su propia casa. Disfruta de una comida t\u00edpica polinesia, preparada con mucho cari\u00f1o, y participa en conversaciones sinceras que te permitir\u00e1n conocer de cerca la vida en la isla. <\/p>\n<p data-start=\"655\" data-end=\"919\">Por la tarde, s\u00fabete a un barco para disfrutar de un paseo panor\u00e1mico hasta el famoso Jard\u00edn de Coral de la isla. Nada en aguas cristalinas entre coloridos peces tropicales, elegantes rayas y simp\u00e1ticos tiburones de puntas negras en uno de los lugares m\u00e1s bonitos para practicar snorkel de la Polinesia Francesa. <\/p>\n","protected":false},"excerpt":{"rendered":"<article class=\"text-token-text-primary w-full\" dir=\"auto\" data-testid=\"conversation-turn-694\" data-scroll-anchor=\"true\">\n<div class=\"text-base my-auto mx-auto py-5 [--thread-content-margin:--spacing(4)] @[37rem]:[--thread-content-margin:--spacing(6)] @[72rem]:[--thread-content-margin:--spacing(16)] px-(--thread-content-margin)\">\n<div class=\"[--thread-content-max-width:32rem] @[34rem]:[--thread-content-max-width:40rem] @[64rem]:[--thread-content-max-width:48rem] mx-auto flex max-w-(--thread-content-max-width) flex-1 text-base gap-4 md:gap-5 lg:gap-6 group\/turn-messages focus-visible:outline-hidden\" tabindex=\"-1\">\n<div class=\"group\/conversation-turn relative flex w-full min-w-0 flex-col agent-turn\">\n<div class=\"relative flex-col gap-1 md:gap-3\">\n<div class=\"flex max-w-full flex-col grow\">\n<div class=\"min-h-8 text-message relative flex w-full flex-col items-end gap-2 text-start break-words whitespace-normal [.text-message+&amp;]:mt-5\" dir=\"auto\" data-message-author-role=\"assistant\" data-message-id=\"5be8584d-9c0b-4368-bdcd-d0e20f46b326\" data-message-model-slug=\"gpt-4o\">\n<div class=\"flex w-full flex-col gap-1 empty:hidden first:pt-[3px]\">\n<div class=\"markdown prose dark:prose-invert w-full break-words light\">\n<p data-start=\"926\" data-end=\"1006\" data-is-last-node=\"\" data-is-only-node=\"\">\ud83c\udf3a\ud83d\ude99\ud83c\udf7d\ufe0fCultura, sabores y las maravillas de la laguna: \u00a1la aventura definitiva en Taha\u2019a! \ud83d\udc20\ud83c\udf0a <\/p>\n<\/div>\n<\/div>\n<\/div>\n<\/div>\n<\/div>\n<div class=\"absolute\">\n<div class=\"flex items-center justify-center\"><\/div>\n<\/div>\n<\/div>\n<\/div>\n<\/div>\n<\/article>\n<div class=\"pointer-events-none h-px w-px\" aria-hidden=\"true\" data-edge=\"true\"><\/div>\n","protected":false},"featured_media":16929,"comment_status":"open","ping_status":"closed","template":"","meta":{"inline_featured_image":false},"country":[],"product_brand":[],"product_cat":[294],"product_tag":[912],"class_list":{"0":"post-16928","1":"product","2":"type-product","3":"status-publish","4":"has-post-thumbnail","6":"product_cat-actividades","7":"product_tag-tahaa-es","9":"first","10":"instock","11":"shipping-taxable","12":"purchasable","13":"product-type-simple"},"acf":[],"_links":{"self":[{"href":"https:\/\/stayinn.travel\/es\/wp-json\/wp\/v2\/product\/16928","targetHints":{"allow":["GET"]}}],"collection":[{"href":"https:\/\/stayinn.travel\/es\/wp-json\/wp\/v2\/product"}],"about":[{"href":"https:\/\/stayinn.travel\/es\/wp-json\/wp\/v2\/types\/product"}],"replies":[{"embeddable":true,"href":"https:\/\/stayinn.travel\/es\/wp-json\/wp\/v2\/comments?post=16928"}],"wp:featuredmedia":[{"embeddable":true,"href":"https:\/\/stayinn.travel\/es\/wp-json\/wp\/v2\/media\/16929"}],"wp:attachment":[{"href":"https:\/\/stayinn.travel\/es\/wp-json\/wp\/v2\/media?parent=16928"}],"wp:term":[{"taxonomy":"country","embeddable":true,"href":"https:\/\/stayinn.travel\/es\/wp-json\/wp\/v2\/country?post=16928"},{"taxonomy":"product_brand","embeddable":true,"href":"https:\/\/stayinn.travel\/es\/wp-json\/wp\/v2\/product_brand?post=16928"},{"taxonomy":"product_cat","embeddable":true,"href":"https:\/\/stayinn.travel\/es\/wp-json\/wp\/v2\/product_cat?post=16928"},{"taxonomy":"product_tag","embeddable":true,"href":"https:\/\/stayinn.travel\/es\/wp-json\/wp\/v2\/product_tag?post=16928"}],"curies":[{"name":"wp","href":"https:\/\/api.w.org\/{rel}","templated":true}]}}