{"id":16968,"date":"2025-06-07T00:06:19","date_gmt":"2025-06-07T00:06:19","guid":{"rendered":"https:\/\/stayinn.travel\/product\/tahaa-recorrido-en-barco-por-la-laguna-7-horas\/"},"modified":"2025-06-07T00:06:19","modified_gmt":"2025-06-07T00:06:19","slug":"tahaa-recorrido-en-barco-por-la-laguna-7-horas","status":"publish","type":"product","link":"https:\/\/stayinn.travel\/es\/product\/tahaa-recorrido-en-barco-por-la-laguna-7-horas\/","title":{"rendered":"TAHA\u2019A &#8211; Recorrido en barco por la laguna \u2013 7 horas"},"content":{"rendered":"<p data-start=\"175\" data-end=\"314\">Emb\u00e1rcate en un crucero por la laguna de la \u00abIsla de la Vainilla\u00bb y desembarca para explorar los lugares emblem\u00e1ticos que han dado tanta fama a Taha\u2019a.<\/p>\n<p data-start=\"316\" data-end=\"527\">El recorrido incluye una visita a una plantaci\u00f3n tradicional de vainilla, donde aprender\u00e1s sobre los m\u00e9todos ancestrales de cultivo, una cata en la destiler\u00eda de ron PARIPARI y una visita a una granja de perlas local.<\/p>\n<p data-start=\"529\" data-end=\"672\">De vuelta en el agua, disfruta del buceo con tubo en el legendario jard\u00edn de coral, hogar de un caleidoscopio de peces tropicales, tortugas marinas, rayas y tiburones de arrecife.<\/p>\n<p data-start=\"674\" data-end=\"811\">Se servir\u00e1 un almuerzo tradicional polinesio en un motu privado, donde podr\u00e1s comer con los pies en el agua: un entorno inolvidable.<\/p>\n<p data-start=\"813\" data-end=\"990\">Las actividades culturales tambi\u00e9n forman parte de la jornada: aprende a abrir un coco, prueba a tejer y disfruta de otras sorpresas locales a lo largo de esta experiencia inmersiva en la isla.<\/p>\n","protected":false},"excerpt":{"rendered":"<p><strong data-start=\"997\" data-end=\"1061\" data-is-last-node=\"\">\ud83c\udf3a Vainilla, coral y cultura: \u00a1descubre Taha\u2019a por mar! \ud83d\udc22\ud83c\udf0a\ud83e\udd65 <\/strong><\/p>\n","protected":false},"featured_media":1863,"comment_status":"open","ping_status":"closed","template":"","meta":{"inline_featured_image":false},"country":[],"product_brand":[],"product_cat":[294],"product_tag":[912],"class_list":{"0":"post-16968","1":"product","2":"type-product","3":"status-publish","4":"has-post-thumbnail","6":"product_cat-actividades","7":"product_tag-tahaa-es","9":"first","10":"instock","11":"shipping-taxable","12":"purchasable","13":"product-type-simple"},"acf":[],"_links":{"self":[{"href":"https:\/\/stayinn.travel\/es\/wp-json\/wp\/v2\/product\/16968","targetHints":{"allow":["GET"]}}],"collection":[{"href":"https:\/\/stayinn.travel\/es\/wp-json\/wp\/v2\/product"}],"about":[{"href":"https:\/\/stayinn.travel\/es\/wp-json\/wp\/v2\/types\/product"}],"replies":[{"embeddable":true,"href":"https:\/\/stayinn.travel\/es\/wp-json\/wp\/v2\/comments?post=16968"}],"wp:featuredmedia":[{"embeddable":true,"href":"https:\/\/stayinn.travel\/es\/wp-json\/wp\/v2\/media\/1863"}],"wp:attachment":[{"href":"https:\/\/stayinn.travel\/es\/wp-json\/wp\/v2\/media?parent=16968"}],"wp:term":[{"taxonomy":"country","embeddable":true,"href":"https:\/\/stayinn.travel\/es\/wp-json\/wp\/v2\/country?post=16968"},{"taxonomy":"product_brand","embeddable":true,"href":"https:\/\/stayinn.travel\/es\/wp-json\/wp\/v2\/product_brand?post=16968"},{"taxonomy":"product_cat","embeddable":true,"href":"https:\/\/stayinn.travel\/es\/wp-json\/wp\/v2\/product_cat?post=16968"},{"taxonomy":"product_tag","embeddable":true,"href":"https:\/\/stayinn.travel\/es\/wp-json\/wp\/v2\/product_tag?post=16968"}],"curies":[{"name":"wp","href":"https:\/\/api.w.org\/{rel}","templated":true}]}}