{"id":17061,"date":"2025-05-22T23:00:29","date_gmt":"2025-05-22T23:00:29","guid":{"rendered":"https:\/\/stayinn.travel\/product\/bora-bora-buceo\/"},"modified":"2025-05-22T23:00:29","modified_gmt":"2025-05-22T23:00:29","slug":"bora-bora-buceo","status":"publish","type":"product","link":"https:\/\/stayinn.travel\/es\/product\/bora-bora-buceo\/","title":{"rendered":"BORA BORA &#8211; Buceo"},"content":{"rendered":"<p>La Polinesia, un para\u00edso para los buceadores, es sin duda EL destino ideal para iniciarse en el buceo. Tanto si eres principiante como si eres un buceador experimentado, \u00a1no te pierdas la oportunidad de disfrutar de tu primera inmersi\u00f3n en este destino emblem\u00e1tico, donde las lagunas brillan con cientos de tonos de azul y rebosan de una incre\u00edble vida marina! Una vez que llegues al punto de inmersi\u00f3n, te pondr\u00e1s el chaleco de flotabilidad, te sentar\u00e1s en el borde y contar\u00e1s hasta tres antes de sumergirte en otro mundo. <\/p>\n<p data-start=\"87\" data-end=\"371\">In the calm, turquoise lagoon, glide alongside majestic manta rays, graceful eagle rays, and gentle sea turtles as you explore colorful coral gardens teeming with life.<\/p>\n<p data-start=\"373\" data-end=\"659\">Ad\u00e9ntrate en el mar abierto y siente la emoci\u00f3n de encontrarte con tiburones de puntas negras y tiburones lim\u00f3n, as\u00ed como con el impresionante pez napole\u00f3n, todo ello en el espectacular escenario del arrecife exterior de Bora Bora. Cada inmersi\u00f3n es un momento \u00fanico suspendido en el tiempo, entre el asombro, la adrenalina y la serenidad. <\/p>\n<p>\u2705 Each dive lasts between 45 and 60 minutes<br data-start=\"113\" data-end=\"116\">\u2705 Diving depth ranges from 15 to a maximum of 29 meters<br data-start=\"175\" data-end=\"178\">\u2705 Small group dives for a personalized experience<br data-start=\"231\" data-end=\"234\">\u2705 Full diving equipment provided at no extra cost<br data-start=\"446\" data-end=\"449\">\u2705 Air or Nitrox available (no extra charge)<br data-start=\"496\" data-end=\"499\">\u2705 Free transfers included<\/p>\n","protected":false},"excerpt":{"rendered":"<p data-start=\"68\" data-end=\"145\"><strong data-start=\"68\" data-end=\"144\">\ud83c\udf0a Sum\u00e9rgete en las profundidades, vive Bora Bora: mantas, tiburones y magia en cada burbuja \ud83d\udc22\ud83e\udd88\ud83d\udc20<\/strong><\/p>\n<p data-start=\"147\" data-end=\"231\" data-is-last-node=\"\" data-is-only-node=\"\">\n","protected":false},"featured_media":1531,"comment_status":"open","ping_status":"closed","template":"","meta":{"inline_featured_image":false},"country":[],"product_brand":[],"product_cat":[294],"product_tag":[914],"class_list":{"0":"post-17061","1":"product","2":"type-product","3":"status-publish","4":"has-post-thumbnail","6":"product_cat-actividades","7":"product_tag-bora-bora-es","9":"first","10":"instock","11":"shipping-taxable","12":"purchasable","13":"product-type-simple"},"acf":[],"_links":{"self":[{"href":"https:\/\/stayinn.travel\/es\/wp-json\/wp\/v2\/product\/17061","targetHints":{"allow":["GET"]}}],"collection":[{"href":"https:\/\/stayinn.travel\/es\/wp-json\/wp\/v2\/product"}],"about":[{"href":"https:\/\/stayinn.travel\/es\/wp-json\/wp\/v2\/types\/product"}],"replies":[{"embeddable":true,"href":"https:\/\/stayinn.travel\/es\/wp-json\/wp\/v2\/comments?post=17061"}],"wp:featuredmedia":[{"embeddable":true,"href":"https:\/\/stayinn.travel\/es\/wp-json\/wp\/v2\/media\/1531"}],"wp:attachment":[{"href":"https:\/\/stayinn.travel\/es\/wp-json\/wp\/v2\/media?parent=17061"}],"wp:term":[{"taxonomy":"country","embeddable":true,"href":"https:\/\/stayinn.travel\/es\/wp-json\/wp\/v2\/country?post=17061"},{"taxonomy":"product_brand","embeddable":true,"href":"https:\/\/stayinn.travel\/es\/wp-json\/wp\/v2\/product_brand?post=17061"},{"taxonomy":"product_cat","embeddable":true,"href":"https:\/\/stayinn.travel\/es\/wp-json\/wp\/v2\/product_cat?post=17061"},{"taxonomy":"product_tag","embeddable":true,"href":"https:\/\/stayinn.travel\/es\/wp-json\/wp\/v2\/product_tag?post=17061"}],"curies":[{"name":"wp","href":"https:\/\/api.w.org\/{rel}","templated":true}]}}