{"id":17064,"date":"2025-05-22T21:59:46","date_gmt":"2025-05-22T21:59:46","guid":{"rendered":"https:\/\/stayinn.travel\/product\/bora-bora-excursion-privada-en-ponton-6-horas\/"},"modified":"2025-05-22T21:59:46","modified_gmt":"2025-05-22T21:59:46","slug":"bora-bora-excursion-privada-en-ponton-6-horas","status":"publish","type":"product","link":"https:\/\/stayinn.travel\/es\/product\/bora-bora-excursion-privada-en-ponton-6-horas\/","title":{"rendered":"BORA BORA &#8211; Excursi\u00f3n privada en pont\u00f3n &#8211; 6 horas"},"content":{"rendered":"<p data-start=\"223\" data-end=\"392\">Emb\u00e1rcate en un viaje lujoso, privado e inolvidable por las aguas cristalinas de la laguna de Bora Bora a bordo de una c\u00f3moda embarcaci\u00f3n pont\u00f3n privada totalmente equipada.<\/p>\n<p data-start=\"394\" data-end=\"489\">Durante esta aventura de 6 horas, descubre los tesoros m\u00e1s impresionantes y rec\u00f3nditos de la isla:<\/p>\n<p data-start=\"491\" data-end=\"783\">\ud83d\udc20 Practica snorkel en coloridos jardines de coral repletos de peces tropicales,<br data-start=\"558\" data-end=\"561\">\ud83e\udd88 Nada con tiburones y rayas en su h\u00e1bitat natural,<br data-start=\"624\" data-end=\"627\">\ud83c\udf0a Y, si la naturaleza lo permite, contempla la elegancia de las mantarrayas desliz\u00e1ndose por la laguna.<br data-start=\"714\" data-end=\"717\">Todo ello en lugares rec\u00f3nditos y v\u00edrgenes, a los que solo se puede acceder en barco.<\/p>\n<p data-start=\"785\" data-end=\"894\">Para que esta experiencia sea a\u00fan m\u00e1s excepcional, disfruta de un delicioso almuerzo de barbacoa polinesia servido en un entorno paradis\u00edaco:<\/p>\n<p data-start=\"896\" data-end=\"1035\">\ud83d\udd25 Especialidades a la parrilla reci\u00e9n preparadas,<br data-start=\"934\" data-end=\"937\">\ud83c\udf4d Fruta de temporada y sabores locales,<br data-start=\"974\" data-end=\"977\">\ud83e\udd65 Ambiente tradicional isle\u00f1o en un id\u00edlico entorno de motu.<\/p>\n<p data-start=\"1037\" data-end=\"1179\">Todo lo necesario para que disfrutes de la m\u00e1xima comodidad:<br data-start=\"1086\" data-end=\"1089\">\ud83e\udddc\u200d\u2642\ufe0f Equipo de snorkel,<br data-start=\"1116\" data-end=\"1119\">\ud83e\udd64 Nevera con refrescos,<br data-start=\"1157\" data-end=\"1160\">\ud83e\uddfa Toallas incluidas.<\/p>\n<p data-start=\"1181\" data-end=\"1334\">Un d\u00eda completo de exploraci\u00f3n exclusiva, inmersi\u00f3n cultural y delicias culinarias, lejos de las multitudes. \ud83c\udf3a<\/p>\n<p data-start=\"850\" data-end=\"1000\"><strong>\u27a1\ufe0f Hasta 4 personas<\/strong><\/p>\n","protected":false},"excerpt":{"rendered":"<p><strong data-start=\"968\" data-end=\"1000\">\u2728\ud83d\udc8eAlmuerzo polinesio privado, exclusivo, m\u00e1gico y con barbacoa\ud83d\udc20\ud83c\udf4d <\/strong><\/p>\n","protected":false},"featured_media":2376,"comment_status":"open","ping_status":"closed","template":"","meta":{"inline_featured_image":false},"country":[],"product_brand":[],"product_cat":[294],"product_tag":[914],"class_list":{"0":"post-17064","1":"product","2":"type-product","3":"status-publish","4":"has-post-thumbnail","6":"product_cat-actividades","7":"product_tag-bora-bora-es","9":"first","10":"instock","11":"shipping-taxable","12":"purchasable","13":"product-type-simple"},"acf":[],"_links":{"self":[{"href":"https:\/\/stayinn.travel\/es\/wp-json\/wp\/v2\/product\/17064","targetHints":{"allow":["GET"]}}],"collection":[{"href":"https:\/\/stayinn.travel\/es\/wp-json\/wp\/v2\/product"}],"about":[{"href":"https:\/\/stayinn.travel\/es\/wp-json\/wp\/v2\/types\/product"}],"replies":[{"embeddable":true,"href":"https:\/\/stayinn.travel\/es\/wp-json\/wp\/v2\/comments?post=17064"}],"wp:featuredmedia":[{"embeddable":true,"href":"https:\/\/stayinn.travel\/es\/wp-json\/wp\/v2\/media\/2376"}],"wp:attachment":[{"href":"https:\/\/stayinn.travel\/es\/wp-json\/wp\/v2\/media?parent=17064"}],"wp:term":[{"taxonomy":"country","embeddable":true,"href":"https:\/\/stayinn.travel\/es\/wp-json\/wp\/v2\/country?post=17064"},{"taxonomy":"product_brand","embeddable":true,"href":"https:\/\/stayinn.travel\/es\/wp-json\/wp\/v2\/product_brand?post=17064"},{"taxonomy":"product_cat","embeddable":true,"href":"https:\/\/stayinn.travel\/es\/wp-json\/wp\/v2\/product_cat?post=17064"},{"taxonomy":"product_tag","embeddable":true,"href":"https:\/\/stayinn.travel\/es\/wp-json\/wp\/v2\/product_tag?post=17064"}],"curies":[{"name":"wp","href":"https:\/\/api.w.org\/{rel}","templated":true}]}}