{"id":17089,"date":"2025-05-20T03:26:22","date_gmt":"2025-05-20T03:26:22","guid":{"rendered":"https:\/\/stayinn.travel\/product\/bora-bora-excursion-privada-de-lujo-en-barco-para-practicar-snorkel-con-champan-3-horas\/"},"modified":"2025-05-20T03:26:22","modified_gmt":"2025-05-20T03:26:22","slug":"bora-bora-excursion-privada-de-lujo-en-barco-para-practicar-snorkel-con-champan-3-horas","status":"publish","type":"product","link":"https:\/\/stayinn.travel\/es\/product\/bora-bora-excursion-privada-de-lujo-en-barco-para-practicar-snorkel-con-champan-3-horas\/","title":{"rendered":"BORA BORA &#8211; Excursi\u00f3n privada de lujo en barco para practicar snorkel con champ\u00e1n \u2013 3 horas"},"content":{"rendered":"<p class=\"\" data-start=\"174\" data-end=\"296\"><em data-start=\"216\" data-end=\"296\">\u00a1Descubre la vibrante vida marina de la laguna de Bora Bora con total privacidad, comodidad y estilo!<\/em><\/p>\n<p class=\"\" data-start=\"298\" data-end=\"467\">\u00a1Sube a bordo de una embarcaci\u00f3n espaciosa y c\u00f3moda para disfrutar de una aventura de buceo con esn\u00f3rquel de 3 horas en grupos reducidos, pensada para que descubras las maravillas submarinas m\u00e1s impresionantes de la isla y una botella de champ\u00e1n!<\/p>\n<p class=\"\" data-start=\"469\" data-end=\"644\">Nada entre peces tropicales y peces payaso, y explora los coloridos jardines de coral. Contempla las majestuosas mantarrayas y las elegantes rayas leopardo durante este excepcional y completo itinerario. <\/p>\n<p class=\"\" data-start=\"646\" data-end=\"898\">Tu apasionado gu\u00eda te ofrecer\u00e1 informaci\u00f3n fascinante sobre la formaci\u00f3n de la isla, las especies marinas y las tradiciones polinesias. A lo largo del recorrido, har\u00e1s paradas en lugares cuidadosamente seleccionados para practicar snorkel y admirar lo mejor de la biodiversidad marina de Bora Bora. <\/p>\n<p class=\"\" data-start=\"900\" data-end=\"1032\">Una de las atracciones m\u00e1s destacadas: una parada \u00fanica en aguas poco profundas para observar de cerca a los encantadores peces payaso, \u00a1una experiencia m\u00e1gica y exclusiva!<\/p>\n","protected":false},"excerpt":{"rendered":"<p class=\"\" data-start=\"840\" data-end=\"901\">\ud83c\udf0a\ud83d\udee5\ufe0f <strong data-start=\"846\" data-end=\"896\">Mantas. Peces payaso. El sue\u00f1o de una laguna privada.  <\/strong> \ud83d\udc20\ud83c\udf3a<\/p>\n","protected":false},"featured_media":2195,"comment_status":"open","ping_status":"closed","template":"","meta":{"inline_featured_image":false},"country":[],"product_brand":[],"product_cat":[294],"product_tag":[914],"class_list":{"0":"post-17089","1":"product","2":"type-product","3":"status-publish","4":"has-post-thumbnail","6":"product_cat-actividades","7":"product_tag-bora-bora-es","9":"first","10":"instock","11":"shipping-taxable","12":"purchasable","13":"product-type-simple"},"acf":[],"_links":{"self":[{"href":"https:\/\/stayinn.travel\/es\/wp-json\/wp\/v2\/product\/17089","targetHints":{"allow":["GET"]}}],"collection":[{"href":"https:\/\/stayinn.travel\/es\/wp-json\/wp\/v2\/product"}],"about":[{"href":"https:\/\/stayinn.travel\/es\/wp-json\/wp\/v2\/types\/product"}],"replies":[{"embeddable":true,"href":"https:\/\/stayinn.travel\/es\/wp-json\/wp\/v2\/comments?post=17089"}],"wp:featuredmedia":[{"embeddable":true,"href":"https:\/\/stayinn.travel\/es\/wp-json\/wp\/v2\/media\/2195"}],"wp:attachment":[{"href":"https:\/\/stayinn.travel\/es\/wp-json\/wp\/v2\/media?parent=17089"}],"wp:term":[{"taxonomy":"country","embeddable":true,"href":"https:\/\/stayinn.travel\/es\/wp-json\/wp\/v2\/country?post=17089"},{"taxonomy":"product_brand","embeddable":true,"href":"https:\/\/stayinn.travel\/es\/wp-json\/wp\/v2\/product_brand?post=17089"},{"taxonomy":"product_cat","embeddable":true,"href":"https:\/\/stayinn.travel\/es\/wp-json\/wp\/v2\/product_cat?post=17089"},{"taxonomy":"product_tag","embeddable":true,"href":"https:\/\/stayinn.travel\/es\/wp-json\/wp\/v2\/product_tag?post=17089"}],"curies":[{"name":"wp","href":"https:\/\/api.w.org\/{rel}","templated":true}]}}