{"id":17104,"date":"2025-05-20T03:00:19","date_gmt":"2025-05-20T03:00:19","guid":{"rendered":"https:\/\/stayinn.travel\/product\/bora-bora-excursion-en-quad-y-moto-acuatica-almuerzo-en-un-motu-6-horas\/"},"modified":"2025-05-20T03:00:19","modified_gmt":"2025-05-20T03:00:19","slug":"bora-bora-excursion-en-quad-y-moto-acuatica-almuerzo-en-un-motu-6-horas","status":"publish","type":"product","link":"https:\/\/stayinn.travel\/es\/product\/bora-bora-excursion-en-quad-y-moto-acuatica-almuerzo-en-un-motu-6-horas\/","title":{"rendered":"BORA BORA &#8211; Excursi\u00f3n en quad y moto acu\u00e1tica + almuerzo en un motu &#8211; 6 horas"},"content":{"rendered":"<p class=\"\" data-start=\"215\" data-end=\"371\">\u00a1Prep\u00e1rate para un d\u00eda de aventura inolvidable en el para\u00edso! \ud83c\udf34\u2728<br data-start=\"275\" data-end=\"278\">Esta excursi\u00f3n combinada de d\u00eda completo combina a la perfecci\u00f3n emociones fuertes, descubrimientos y relajaci\u00f3n, tanto en tierra como en el mar. <\/p>\n<p class=\"\" data-start=\"373\" data-end=\"689\">\ud83d\ude99 Por la ma\u00f1ana: Aventura en quad<br data-start=\"402\" data-end=\"405\">Empieza el d\u00eda explorando los senderos rec\u00f3nditos y los impresionantes miradores de Bora Bora a bordo de un quad todoterreno. Acompa\u00f1ado por un gu\u00eda local apasionado, descubre la historia de la isla, incluidos los emblem\u00e1ticos ca\u00f1ones de la Segunda Guerra Mundial, y disfruta de vistas panor\u00e1micas de la laguna desde impresionantes miradores. <\/p>\n<p class=\"\" data-start=\"691\" data-end=\"961\">\ud83c\udf0a Mediod\u00eda: Excursi\u00f3n en moto acu\u00e1tica por la laguna y almuerzo polinesio<br data-start=\"742\" data-end=\"745\">Tras la aventura en tierra, l\u00e1nzate al agua para disfrutar de un paseo de dos horas en moto acu\u00e1tica por la cristalina laguna de Bora Bora. Desl\u00edzate sobre las olas de color turquesa, haz una parada para darte un refrescante ba\u00f1o y captura momentos inolvidables en compa\u00f1\u00eda de un gu\u00eda local. <\/p>\n<p class=\"\" data-start=\"963\" data-end=\"1103\">\ud83c\udf7d\ufe0f Almuerzo de barbacoa polinesia en un motu (islote)<br data-start=\"1009\" data-end=\"1012\">Entre una aventura y otra, recarga energ\u00edas con un banquete tradicional polinesio servido en un motu privado:<\/p>\n<ul data-start=\"1105\" data-end=\"1261\">\n<li class=\"\" data-start=\"1105\" data-end=\"1133\">\n<p class=\"\" data-start=\"1107\" data-end=\"1133\">Pescado y pollo a la parrilla<\/p>\n<\/li>\n<li class=\"\" data-start=\"1134\" data-end=\"1148\">\n<p class=\"\" data-start=\"1136\" data-end=\"1148\">Ensalada de arroz<\/p>\n<\/li>\n<li class=\"\" data-start=\"1134\" data-end=\"1148\">\n<p class=\"\" data-start=\"1136\" data-end=\"1148\">Pescado crudo con leche de coco<\/p>\n<\/li>\n<li class=\"\" data-start=\"1180\" data-end=\"1211\">\n<p class=\"\" data-start=\"1182\" data-end=\"1211\">Pastel de pl\u00e1tano y pan de coco<\/p>\n<\/li>\n<li class=\"\" data-start=\"1212\" data-end=\"1236\">\n<p class=\"\" data-start=\"1214\" data-end=\"1236\">Carnes al estilo tahitiano<\/p>\n<\/li>\n<li class=\"\" data-start=\"1237\" data-end=\"1261\">\n<p class=\"\" data-start=\"1239\" data-end=\"1261\">Ensalada de frutas tropicales<\/p>\n<\/li>\n<\/ul>\n<p class=\"\" data-start=\"1263\" data-end=\"1375\">Esta excursi\u00f3n combinada promete un d\u00eda aut\u00e9ntico y lleno de actividades en el coraz\u00f3n de la belleza natural y la cultura de Bora Bora.<\/p>\n<p class=\"\" data-start=\"1377\" data-end=\"1438\">\n","protected":false},"excerpt":{"rendered":"<p><strong data-start=\"1377\" data-end=\"1428\">\u00a1Navega, desl\u00edzate y saborea el esp\u00edritu de Bora Bora!<\/strong> \ud83c\udfdd\ufe0f\ud83d\ude99\ud83c\udf0a\ud83c\udf4d<\/p>\n","protected":false},"featured_media":17105,"comment_status":"open","ping_status":"closed","template":"","meta":{"inline_featured_image":false},"country":[],"product_brand":[],"product_cat":[294],"product_tag":[914],"class_list":{"0":"post-17104","1":"product","2":"type-product","3":"status-publish","4":"has-post-thumbnail","6":"product_cat-actividades","7":"product_tag-bora-bora-es","9":"first","10":"instock","11":"shipping-taxable","12":"purchasable","13":"product-type-simple"},"acf":[],"_links":{"self":[{"href":"https:\/\/stayinn.travel\/es\/wp-json\/wp\/v2\/product\/17104","targetHints":{"allow":["GET"]}}],"collection":[{"href":"https:\/\/stayinn.travel\/es\/wp-json\/wp\/v2\/product"}],"about":[{"href":"https:\/\/stayinn.travel\/es\/wp-json\/wp\/v2\/types\/product"}],"replies":[{"embeddable":true,"href":"https:\/\/stayinn.travel\/es\/wp-json\/wp\/v2\/comments?post=17104"}],"wp:featuredmedia":[{"embeddable":true,"href":"https:\/\/stayinn.travel\/es\/wp-json\/wp\/v2\/media\/17105"}],"wp:attachment":[{"href":"https:\/\/stayinn.travel\/es\/wp-json\/wp\/v2\/media?parent=17104"}],"wp:term":[{"taxonomy":"country","embeddable":true,"href":"https:\/\/stayinn.travel\/es\/wp-json\/wp\/v2\/country?post=17104"},{"taxonomy":"product_brand","embeddable":true,"href":"https:\/\/stayinn.travel\/es\/wp-json\/wp\/v2\/product_brand?post=17104"},{"taxonomy":"product_cat","embeddable":true,"href":"https:\/\/stayinn.travel\/es\/wp-json\/wp\/v2\/product_cat?post=17104"},{"taxonomy":"product_tag","embeddable":true,"href":"https:\/\/stayinn.travel\/es\/wp-json\/wp\/v2\/product_tag?post=17104"}],"curies":[{"name":"wp","href":"https:\/\/api.w.org\/{rel}","templated":true}]}}