{"id":17106,"date":"2025-05-20T02:38:45","date_gmt":"2025-05-20T02:38:45","guid":{"rendered":"https:\/\/stayinn.travel\/product\/bora-bora-excursion-en-quad-3-horas\/"},"modified":"2025-05-20T02:38:45","modified_gmt":"2025-05-20T02:38:45","slug":"bora-bora-excursion-en-quad-3-horas","status":"publish","type":"product","link":"https:\/\/stayinn.travel\/es\/product\/bora-bora-excursion-en-quad-3-horas\/","title":{"rendered":"BORA BORA &#8211; Excursi\u00f3n en quad &#8211; 3 horas"},"content":{"rendered":"<p class=\"\" data-start=\"114\" data-end=\"327\">\u00a1Emb\u00e1rcate en una emocionante aventura en quad para descubrir los tesoros ocultos de Bora Bora! Esta excursi\u00f3n de tres horas te lleva fuera de pista para explorar senderos pintorescos y hasta tres miradores impresionantes con vistas a la laguna y a la isla. <\/p>\n<p class=\"\" data-start=\"329\" data-end=\"599\">Acompa\u00f1ado por un gu\u00eda local apasionado, sum\u00e9rgete en la fascinante historia de Bora Bora con una visita a los famosos ca\u00f1ones de la Segunda Guerra Mundial. Esta excursi\u00f3n, una combinaci\u00f3n perfecta de adrenalina y descubrimiento cultural, ofrece una aut\u00e9ntica inmersi\u00f3n en el coraz\u00f3n de esta joya del Pac\u00edfico. <\/p>\n<p class=\"\" data-start=\"601\" data-end=\"819\">T\u00f3mate un delicioso descanso con un refrigerio gratuito: agua fresca, zumos de frutas locales, una bandeja de frutas tropicales y un delicioso pastel de coco.<br data-start=\"742\" data-end=\"745\">\u00a1Una experiencia \u00fanica que combina aventura, historia y unas vistas inolvidables!<\/p>\n<p class=\"\" data-start=\"821\" data-end=\"877\">\n","protected":false},"excerpt":{"rendered":"<p><strong data-start=\"821\" data-end=\"869\">Explora m\u00e1s a fondo. Llega m\u00e1s alto. \u00a1Vive Bora Bora!  <\/strong> \ud83c\udfdd\ufe0f\ud83d\ude99\ud83c\udf3a<\/p>\n","protected":false},"featured_media":2177,"comment_status":"open","ping_status":"closed","template":"","meta":{"inline_featured_image":false},"country":[],"product_brand":[],"product_cat":[294],"product_tag":[914],"class_list":{"0":"post-17106","1":"product","2":"type-product","3":"status-publish","4":"has-post-thumbnail","6":"product_cat-actividades","7":"product_tag-bora-bora-es","9":"first","10":"instock","11":"shipping-taxable","12":"purchasable","13":"product-type-simple"},"acf":[],"_links":{"self":[{"href":"https:\/\/stayinn.travel\/es\/wp-json\/wp\/v2\/product\/17106","targetHints":{"allow":["GET"]}}],"collection":[{"href":"https:\/\/stayinn.travel\/es\/wp-json\/wp\/v2\/product"}],"about":[{"href":"https:\/\/stayinn.travel\/es\/wp-json\/wp\/v2\/types\/product"}],"replies":[{"embeddable":true,"href":"https:\/\/stayinn.travel\/es\/wp-json\/wp\/v2\/comments?post=17106"}],"wp:featuredmedia":[{"embeddable":true,"href":"https:\/\/stayinn.travel\/es\/wp-json\/wp\/v2\/media\/2177"}],"wp:attachment":[{"href":"https:\/\/stayinn.travel\/es\/wp-json\/wp\/v2\/media?parent=17106"}],"wp:term":[{"taxonomy":"country","embeddable":true,"href":"https:\/\/stayinn.travel\/es\/wp-json\/wp\/v2\/country?post=17106"},{"taxonomy":"product_brand","embeddable":true,"href":"https:\/\/stayinn.travel\/es\/wp-json\/wp\/v2\/product_brand?post=17106"},{"taxonomy":"product_cat","embeddable":true,"href":"https:\/\/stayinn.travel\/es\/wp-json\/wp\/v2\/product_cat?post=17106"},{"taxonomy":"product_tag","embeddable":true,"href":"https:\/\/stayinn.travel\/es\/wp-json\/wp\/v2\/product_tag?post=17106"}],"curies":[{"name":"wp","href":"https:\/\/api.w.org\/{rel}","templated":true}]}}