{"id":17135,"date":"2025-05-20T01:47:36","date_gmt":"2025-05-20T01:47:36","guid":{"rendered":"https:\/\/stayinn.travel\/product\/bora-bora-dia-en-un-motu-con-almuerzo-incluido-7-h\/"},"modified":"2025-05-20T01:47:36","modified_gmt":"2025-05-20T01:47:36","slug":"bora-bora-dia-en-un-motu-con-almuerzo-incluido-7-h","status":"publish","type":"product","link":"https:\/\/stayinn.travel\/es\/product\/bora-bora-dia-en-un-motu-con-almuerzo-incluido-7-h\/","title":{"rendered":"BORA BORA &#8211; D\u00eda en un motu con almuerzo incluido &#8211; 7 h"},"content":{"rendered":"<p>\u00a1No te pierdas la oportunidad de visitar un motu en Bora Bora! Disfruta de un d\u00eda en uno de los motus m\u00e1s populares de Bora Bora, con su entorno id\u00edlico y su playa de arena blanca. Esta escapada te permite alejarte de la isla principal y disfrutar del lujo de pasar un rato en uno de los motus de la isla, con las codiciadas vistas del monte Otemanu. Rel\u00e1jate en las aguas tropicales de color turquesa y disfruta del espect\u00e1culo de las rayas leopardo, \u00a1a las que les encanta descansar aqu\u00ed! Practica snorkel y descubre las estatuas sumergidas, disfruta tomando el sol en las tumbonas y vive esta experiencia extraordinaria. \u00a1Esta opci\u00f3n incluye el almuerzo, una comida local basada en especialidades polinesias!     <\/p>\n<p>&nbsp;<\/p>\n","protected":false},"excerpt":{"rendered":"<p class=\"\" data-start=\"502\" data-end=\"573\"><strong data-start=\"502\" data-end=\"571\">\ud83d\udd25\ud83d\udc1f Barbacoa polinesia y placer en la laguna: solo t\u00fa y el motu \ud83c\udf0a\ud83c\udfdd\ufe0f<\/strong><\/p>\n","protected":false},"featured_media":2132,"comment_status":"open","ping_status":"closed","template":"","meta":{"inline_featured_image":false},"country":[],"product_brand":[],"product_cat":[294],"product_tag":[914],"class_list":{"0":"post-17135","1":"product","2":"type-product","3":"status-publish","4":"has-post-thumbnail","6":"product_cat-actividades","7":"product_tag-bora-bora-es","9":"first","10":"instock","11":"shipping-taxable","12":"purchasable","13":"product-type-simple"},"acf":[],"_links":{"self":[{"href":"https:\/\/stayinn.travel\/es\/wp-json\/wp\/v2\/product\/17135","targetHints":{"allow":["GET"]}}],"collection":[{"href":"https:\/\/stayinn.travel\/es\/wp-json\/wp\/v2\/product"}],"about":[{"href":"https:\/\/stayinn.travel\/es\/wp-json\/wp\/v2\/types\/product"}],"replies":[{"embeddable":true,"href":"https:\/\/stayinn.travel\/es\/wp-json\/wp\/v2\/comments?post=17135"}],"wp:featuredmedia":[{"embeddable":true,"href":"https:\/\/stayinn.travel\/es\/wp-json\/wp\/v2\/media\/2132"}],"wp:attachment":[{"href":"https:\/\/stayinn.travel\/es\/wp-json\/wp\/v2\/media?parent=17135"}],"wp:term":[{"taxonomy":"country","embeddable":true,"href":"https:\/\/stayinn.travel\/es\/wp-json\/wp\/v2\/country?post=17135"},{"taxonomy":"product_brand","embeddable":true,"href":"https:\/\/stayinn.travel\/es\/wp-json\/wp\/v2\/product_brand?post=17135"},{"taxonomy":"product_cat","embeddable":true,"href":"https:\/\/stayinn.travel\/es\/wp-json\/wp\/v2\/product_cat?post=17135"},{"taxonomy":"product_tag","embeddable":true,"href":"https:\/\/stayinn.travel\/es\/wp-json\/wp\/v2\/product_tag?post=17135"}],"curies":[{"name":"wp","href":"https:\/\/api.w.org\/{rel}","templated":true}]}}