{"id":17285,"date":"2025-05-15T01:42:43","date_gmt":"2025-05-15T01:42:43","guid":{"rendered":"https:\/\/stayinn.travel\/product\/raiatea-crucero-al-atardecer-con-champan-en-piragua-2-h\/"},"modified":"2025-05-15T01:42:43","modified_gmt":"2025-05-15T01:42:43","slug":"raiatea-crucero-al-atardecer-con-champan-en-piragua-2-h","status":"publish","type":"product","link":"https:\/\/stayinn.travel\/es\/product\/raiatea-crucero-al-atardecer-con-champan-en-piragua-2-h\/","title":{"rendered":"RAIATEA \u2013 Crucero al atardecer con champ\u00e1n en piragua \u2013 2 h"},"content":{"rendered":"<p class=\"\" data-start=\"0\" data-end=\"251\">Navega al atardecer y descubre la laguna de Raiatea como nunca antes. D\u00e9jate llevar a bordo de una acogedora e \u00edntima canoa tradicional mientras saboreas una copa de champ\u00e1n y disfrutas de deliciosas tapas locales. <\/p>\n<p class=\"\" data-start=\"253\" data-end=\"433\">Date un \u00faltimo chapuz\u00f3n en las c\u00e1lidas aguas de la laguna mientras el sol se esconde tras las monta\u00f1as. Despu\u00e9s, rel\u00e1jate en la red, con el viento acarici\u00e1ndote el pelo, y disfruta de la magia de este crucero inolvidable. <\/p>\n<p class=\"\" data-start=\"435\" data-end=\"559\">Al caer la tarde, tu gu\u00eda iluminar\u00e1 la canoa con suaves luces LED para que disfrutes de un regreso de ensue\u00f1o bajo las estrellas.<\/p>\n","protected":false},"excerpt":{"rendered":"<p class=\"\" data-start=\"0\" data-end=\"102\"><strong data-start=\"26\" data-end=\"100\">Puesta de sol, tragos y serenidad \ud83c\udf05\ud83e\udd42\ud83c\udf3a<\/strong><\/p>\n<p class=\"\" data-start=\"104\" data-end=\"197\">\n","protected":false},"featured_media":1807,"comment_status":"open","ping_status":"closed","template":"","meta":{"inline_featured_image":false},"country":[],"product_brand":[],"product_cat":[294],"product_tag":[916],"class_list":{"0":"post-17285","1":"product","2":"type-product","3":"status-publish","4":"has-post-thumbnail","6":"product_cat-actividades","7":"product_tag-raiatea-es","9":"first","10":"instock","11":"shipping-taxable","12":"purchasable","13":"product-type-simple"},"acf":[],"_links":{"self":[{"href":"https:\/\/stayinn.travel\/es\/wp-json\/wp\/v2\/product\/17285","targetHints":{"allow":["GET"]}}],"collection":[{"href":"https:\/\/stayinn.travel\/es\/wp-json\/wp\/v2\/product"}],"about":[{"href":"https:\/\/stayinn.travel\/es\/wp-json\/wp\/v2\/types\/product"}],"replies":[{"embeddable":true,"href":"https:\/\/stayinn.travel\/es\/wp-json\/wp\/v2\/comments?post=17285"}],"wp:featuredmedia":[{"embeddable":true,"href":"https:\/\/stayinn.travel\/es\/wp-json\/wp\/v2\/media\/1807"}],"wp:attachment":[{"href":"https:\/\/stayinn.travel\/es\/wp-json\/wp\/v2\/media?parent=17285"}],"wp:term":[{"taxonomy":"country","embeddable":true,"href":"https:\/\/stayinn.travel\/es\/wp-json\/wp\/v2\/country?post=17285"},{"taxonomy":"product_brand","embeddable":true,"href":"https:\/\/stayinn.travel\/es\/wp-json\/wp\/v2\/product_brand?post=17285"},{"taxonomy":"product_cat","embeddable":true,"href":"https:\/\/stayinn.travel\/es\/wp-json\/wp\/v2\/product_cat?post=17285"},{"taxonomy":"product_tag","embeddable":true,"href":"https:\/\/stayinn.travel\/es\/wp-json\/wp\/v2\/product_tag?post=17285"}],"curies":[{"name":"wp","href":"https:\/\/api.w.org\/{rel}","templated":true}]}}