{"id":17344,"date":"2025-05-13T03:09:59","date_gmt":"2025-05-13T03:09:59","guid":{"rendered":"https:\/\/stayinn.travel\/product\/moorea-ruta-gastronomica-descubre-las-especialidades-locales-de-la-isla-de-moorea-4-h-30-min\/"},"modified":"2025-05-13T03:09:59","modified_gmt":"2025-05-13T03:09:59","slug":"moorea-ruta-gastronomica-descubre-las-especialidades-locales-de-la-isla-de-moorea-4-h-30-min","status":"publish","type":"product","link":"https:\/\/stayinn.travel\/es\/product\/moorea-ruta-gastronomica-descubre-las-especialidades-locales-de-la-isla-de-moorea-4-h-30-min\/","title":{"rendered":"MOOREA &#8211; Ruta gastron\u00f3mica: Descubre las especialidades locales de la isla de Moorea &#8211; 4 h 30 min"},"content":{"rendered":"<p class=\"\" data-start=\"54\" data-end=\"373\">El tour gastron\u00f3mico est\u00e1 pensado para que descubras toda la gastronom\u00eda local y los dulces que tanto gustan a los polinesios. Aseg\u00farate de venir con el est\u00f3mago vac\u00edo, ya que no solo explorar\u00e1s los paisajes y las tiendas de nuestras islas, sino que tambi\u00e9n degustar\u00e1s una gran variedad de frutas frescas, verduras y productos locales. <\/p>\n<p class=\"\" data-start=\"375\" data-end=\"639\">\u00abTama&#8217;a\u00bb significa \u00abcomer\u00bb en tahitiano, y eso es precisamente lo que har\u00e1s mientras descubres Moorea a trav\u00e9s de tu paladar. Durante este recorrido, degustar\u00e1s y visitar\u00e1s aut\u00e9nticos locales que ofrecen sabores \u00fanicos, los lugares donde a los lugare\u00f1os les encanta comer. <\/p>\n<p class=\"\" data-start=\"641\" data-end=\"856\">Podr\u00e1s degustar una gran variedad de platos y bebidas, como frutas locales de temporada, aperitivos, platos de pescado, \u00abpai\u00bb, \u00abmape\u00bb y otras delicias locales propias de las tres culturas que conforman la actual Polinesia Francesa.<\/p>\n","protected":false},"excerpt":{"rendered":"<p class=\"\" data-start=\"35\" data-end=\"110\"><strong data-start=\"35\" data-end=\"109\">Saborea los sabores de Moorea \ud83c\udf3a\ud83c\udf4d &#8211; Un recorrido por las delicias locales \ud83c\udf7d\ufe0f\ud83c\udf34<\/strong><\/p>\n<p class=\"\" data-start=\"112\" data-end=\"189\">\n","protected":false},"featured_media":17345,"comment_status":"open","ping_status":"closed","template":"","meta":{"inline_featured_image":false},"country":[],"product_brand":[],"product_cat":[294],"product_tag":[915],"class_list":{"0":"post-17344","1":"product","2":"type-product","3":"status-publish","4":"has-post-thumbnail","6":"product_cat-actividades","7":"product_tag-moorea-es","9":"first","10":"instock","11":"shipping-taxable","12":"purchasable","13":"product-type-simple"},"acf":[],"_links":{"self":[{"href":"https:\/\/stayinn.travel\/es\/wp-json\/wp\/v2\/product\/17344","targetHints":{"allow":["GET"]}}],"collection":[{"href":"https:\/\/stayinn.travel\/es\/wp-json\/wp\/v2\/product"}],"about":[{"href":"https:\/\/stayinn.travel\/es\/wp-json\/wp\/v2\/types\/product"}],"replies":[{"embeddable":true,"href":"https:\/\/stayinn.travel\/es\/wp-json\/wp\/v2\/comments?post=17344"}],"wp:featuredmedia":[{"embeddable":true,"href":"https:\/\/stayinn.travel\/es\/wp-json\/wp\/v2\/media\/17345"}],"wp:attachment":[{"href":"https:\/\/stayinn.travel\/es\/wp-json\/wp\/v2\/media?parent=17344"}],"wp:term":[{"taxonomy":"country","embeddable":true,"href":"https:\/\/stayinn.travel\/es\/wp-json\/wp\/v2\/country?post=17344"},{"taxonomy":"product_brand","embeddable":true,"href":"https:\/\/stayinn.travel\/es\/wp-json\/wp\/v2\/product_brand?post=17344"},{"taxonomy":"product_cat","embeddable":true,"href":"https:\/\/stayinn.travel\/es\/wp-json\/wp\/v2\/product_cat?post=17344"},{"taxonomy":"product_tag","embeddable":true,"href":"https:\/\/stayinn.travel\/es\/wp-json\/wp\/v2\/product_tag?post=17344"}],"curies":[{"name":"wp","href":"https:\/\/api.w.org\/{rel}","templated":true}]}}