{"id":17411,"date":"2025-05-13T03:30:19","date_gmt":"2025-05-13T03:30:19","guid":{"rendered":"https:\/\/stayinn.travel\/product\/moorea-quad-4x4-4-horas\/"},"modified":"2025-05-13T03:30:19","modified_gmt":"2025-05-13T03:30:19","slug":"moorea-quad-4x4-4-horas","status":"publish","type":"product","link":"https:\/\/stayinn.travel\/es\/product\/moorea-quad-4x4-4-horas\/","title":{"rendered":"MOOREA &#8211; QUAD \/ 4&#215;4 &#8211; 4 horas"},"content":{"rendered":"<p class=\"\" data-start=\"104\" data-end=\"424\">Si te gusta la velocidad y la adrenalina, emb\u00e1rcate en una excursi\u00f3n guiada en quad por el coraz\u00f3n de la isla. Recorre caminos de tierra entre campos de pi\u00f1as, explora valles, cruza r\u00edos, descubre bosques y admira las majestuosas monta\u00f1as y unos miradores cada vez m\u00e1s impresionantes. \u00a1Prep\u00e1rate para una aventura con una excursi\u00f3n guiada de 3 horas y media!  <\/p>\n<p class=\"\" data-start=\"426\" data-end=\"753\">El itinerario incluye: descubrir la bah\u00eda de Opunohu y explorar el interior de la isla recorriendo caminos de tierra entre campos de pi\u00f1a y plantaciones de escuelas agr\u00edcolas. Subir por la carretera Belvedere y la Monta\u00f1a M\u00e1gica, con una vista panor\u00e1mica de 360\u00b0 de las dos impresionantes bah\u00edas. El operador proporciona el equipo de seguridad.  <\/p>\n","protected":false},"excerpt":{"rendered":"<article class=\"text-token-text-primary w-full\" dir=\"auto\" data-testid=\"conversation-turn-416\" data-scroll-anchor=\"true\">\n<div class=\"text-base my-auto mx-auto py-5 [--thread-content-margin:--spacing(4)] @[37rem]:[--thread-content-margin:--spacing(6)] @[72rem]:[--thread-content-margin:--spacing(16)] px-(--thread-content-margin)\">\n<div class=\"[--thread-content-max-width:32rem] @[34rem]:[--thread-content-max-width:40rem] @[64rem]:[--thread-content-max-width:48rem] mx-auto flex max-w-(--thread-content-max-width) flex-1 text-base gap-4 md:gap-5 lg:gap-6 group\/turn-messages focus-visible:outline-hidden\" tabindex=\"-1\">\n<div class=\"group\/conversation-turn relative flex w-full min-w-0 flex-col agent-turn\">\n<div class=\"relative flex-col gap-1 md:gap-3\">\n<div class=\"flex max-w-full flex-col grow\">\n<div class=\"min-h-8 text-message relative flex w-full flex-col items-end gap-2 text-start break-words whitespace-normal [.text-message+&amp;]:mt-5\" dir=\"auto\" data-message-author-role=\"assistant\" data-message-id=\"90ebdbdd-09fa-4123-80b7-87b5fbc7e2c3\" data-message-model-slug=\"gpt-4o-mini\">\n<div class=\"flex w-full flex-col gap-1 empty:hidden first:pt-[3px]\">\n<div class=\"markdown prose dark:prose-invert w-full break-words light\">\n<p class=\"\" data-start=\"60\" data-end=\"130\"><strong>\ud83c\udf04 Aventura en quad: \u00a1campos de pi\u00f1as, r\u00edos y vistas impresionantes! \ud83c\udf4d\ud83c\udf3f\ud83d\ude99 <\/strong><\/p>\n<\/div>\n<\/div>\n<\/div>\n<\/div>\n<\/div>\n<\/div>\n<\/div>\n<\/div>\n<\/article>\n","protected":false},"featured_media":1738,"comment_status":"open","ping_status":"closed","template":"","meta":{"inline_featured_image":false},"country":[],"product_brand":[],"product_cat":[294],"product_tag":[915],"class_list":{"0":"post-17411","1":"product","2":"type-product","3":"status-publish","4":"has-post-thumbnail","6":"product_cat-actividades","7":"product_tag-moorea-es","9":"first","10":"instock","11":"shipping-taxable","12":"purchasable","13":"product-type-simple"},"acf":[],"_links":{"self":[{"href":"https:\/\/stayinn.travel\/es\/wp-json\/wp\/v2\/product\/17411","targetHints":{"allow":["GET"]}}],"collection":[{"href":"https:\/\/stayinn.travel\/es\/wp-json\/wp\/v2\/product"}],"about":[{"href":"https:\/\/stayinn.travel\/es\/wp-json\/wp\/v2\/types\/product"}],"replies":[{"embeddable":true,"href":"https:\/\/stayinn.travel\/es\/wp-json\/wp\/v2\/comments?post=17411"}],"wp:featuredmedia":[{"embeddable":true,"href":"https:\/\/stayinn.travel\/es\/wp-json\/wp\/v2\/media\/1738"}],"wp:attachment":[{"href":"https:\/\/stayinn.travel\/es\/wp-json\/wp\/v2\/media?parent=17411"}],"wp:term":[{"taxonomy":"country","embeddable":true,"href":"https:\/\/stayinn.travel\/es\/wp-json\/wp\/v2\/country?post=17411"},{"taxonomy":"product_brand","embeddable":true,"href":"https:\/\/stayinn.travel\/es\/wp-json\/wp\/v2\/product_brand?post=17411"},{"taxonomy":"product_cat","embeddable":true,"href":"https:\/\/stayinn.travel\/es\/wp-json\/wp\/v2\/product_cat?post=17411"},{"taxonomy":"product_tag","embeddable":true,"href":"https:\/\/stayinn.travel\/es\/wp-json\/wp\/v2\/product_tag?post=17411"}],"curies":[{"name":"wp","href":"https:\/\/api.w.org\/{rel}","templated":true}]}}