{"id":17469,"date":"2025-05-06T05:51:23","date_gmt":"2025-05-06T05:51:23","guid":{"rendered":"https:\/\/stayinn.travel\/product\/tahiti-tour-en-helicoptero-moorea-desde-tahiti-35-minutos\/"},"modified":"2026-04-24T17:47:05","modified_gmt":"2026-04-24T17:47:05","slug":"tahiti-tour-en-helicoptero-moorea-desde-tahiti-35-minutos","status":"publish","type":"product","link":"https:\/\/stayinn.travel\/es\/product\/tahiti-tour-en-helicoptero-moorea-desde-tahiti-35-minutos\/","title":{"rendered":"TAHIT\u00cd \u2013 Tour en helic\u00f3ptero \u201cMoorea desde Tahit\u00ed\u201d \u2013 35 minutos"},"content":{"rendered":"<p class=\"\" data-start=\"75\" data-end=\"392\">Sube a bordo y alza el vuelo con destino a Moorea. Tras un vuelo panor\u00e1mico de 7 minutos con vistas impresionantes de Moorea, desl\u00edzate hacia la bah\u00eda de Vaiare y admira la ic\u00f3nica monta\u00f1a perforada. Sobrevuela la costa oeste, con sus lagunas turquesas y arrecifes de coral.  <\/p>\n<p class=\"\" data-start=\"394\" data-end=\"777\">Vuela hacia el coraz\u00f3n de Moorea a trav\u00e9s de la bah\u00eda de Opunohu y descubre sus exuberantes plantaciones de pi\u00f1a. Sobrevuela el famoso mirador antes de dejar atr\u00e1s la bah\u00eda de Cook y admirar el monte Rotui. Completa este recorrido a\u00e9reo de la isla hermana con impresionantes vistas de su vibrante laguna en tonos azules y verdes, antes de regresar a Tahit\u00ed disfrutando de una \u00faltima panor\u00e1mica de la isla.  <\/p>\n<p data-start=\"394\" data-end=\"777\">*Solo tour privado<\/p>\n","protected":false},"excerpt":{"rendered":"<p><strong>De las cumbres a los arrecifes \ud83c\udfd4\ufe0f\ud83c\udf0a \u2013 Descubre Moorea como nunca antes \ud83d\ude81<\/strong><\/p>\n","protected":false},"featured_media":1615,"comment_status":"open","ping_status":"closed","template":"","meta":{"inline_featured_image":false},"country":[],"product_brand":[],"product_cat":[294],"product_tag":[948],"class_list":{"0":"post-17469","1":"product","2":"type-product","3":"status-publish","4":"has-post-thumbnail","6":"product_cat-actividades","7":"product_tag-tahiti-es","9":"first","10":"instock","11":"shipping-taxable","12":"purchasable","13":"product-type-simple"},"acf":[],"_links":{"self":[{"href":"https:\/\/stayinn.travel\/es\/wp-json\/wp\/v2\/product\/17469","targetHints":{"allow":["GET"]}}],"collection":[{"href":"https:\/\/stayinn.travel\/es\/wp-json\/wp\/v2\/product"}],"about":[{"href":"https:\/\/stayinn.travel\/es\/wp-json\/wp\/v2\/types\/product"}],"replies":[{"embeddable":true,"href":"https:\/\/stayinn.travel\/es\/wp-json\/wp\/v2\/comments?post=17469"}],"wp:featuredmedia":[{"embeddable":true,"href":"https:\/\/stayinn.travel\/es\/wp-json\/wp\/v2\/media\/1615"}],"wp:attachment":[{"href":"https:\/\/stayinn.travel\/es\/wp-json\/wp\/v2\/media?parent=17469"}],"wp:term":[{"taxonomy":"country","embeddable":true,"href":"https:\/\/stayinn.travel\/es\/wp-json\/wp\/v2\/country?post=17469"},{"taxonomy":"product_brand","embeddable":true,"href":"https:\/\/stayinn.travel\/es\/wp-json\/wp\/v2\/product_brand?post=17469"},{"taxonomy":"product_cat","embeddable":true,"href":"https:\/\/stayinn.travel\/es\/wp-json\/wp\/v2\/product_cat?post=17469"},{"taxonomy":"product_tag","embeddable":true,"href":"https:\/\/stayinn.travel\/es\/wp-json\/wp\/v2\/product_tag?post=17469"}],"curies":[{"name":"wp","href":"https:\/\/api.w.org\/{rel}","templated":true}]}}