{"id":17542,"date":"2025-05-06T05:27:55","date_gmt":"2025-05-06T05:27:55","guid":{"rendered":"https:\/\/stayinn.travel\/product\/tahiti-vuelo-en-helicoptero-corazon-de-la-isla-20-minutos\/"},"modified":"2025-05-06T05:27:55","modified_gmt":"2025-05-06T05:27:55","slug":"tahiti-vuelo-en-helicoptero-corazon-de-la-isla-20-minutos","status":"publish","type":"product","link":"https:\/\/stayinn.travel\/es\/product\/tahiti-vuelo-en-helicoptero-corazon-de-la-isla-20-minutos\/","title":{"rendered":"TAHIT\u00cd \u2013 Vuelo en helic\u00f3ptero \u201cCoraz\u00f3n de la isla\u201d \u2013 20 minutos"},"content":{"rendered":"<p class=\"\" data-start=\"144\" data-end=\"395\">Despega hacia el coraz\u00f3n de Tahit\u00ed. Sobrevuela la impresionante laguna de Punaauia para llegar a la entrada del valle de Punaruu, rodeado por los picos m\u00e1s altos de la isla. Descubre la meseta de los naranjos y la antigua caldera en el centro de la isla.  <\/p>\n<p class=\"\" data-start=\"397\" data-end=\"639\">Contin\u00faa hacia el valle m\u00e1s grande de la isla, Papenoo, y sobrevuela el albergue Maroto. Admira los r\u00edos caudalosos y las imponentes cascadas. Te deslizar\u00e1s junto a los picos m\u00e1s altos de Tahit\u00ed, incluido el monte Orohena, el punto m\u00e1s alto de la Polinesia Francesa.  <\/p>\n<p class=\"\" data-start=\"641\" data-end=\"777\">El vuelo contin\u00faa sobre la monta\u00f1a Diad\u00e8me y la cascada de Fautaua en el valle de Pirae antes de regresar sobre el puerto de Papeete.<\/p>\n","protected":false},"excerpt":{"rendered":"<p class=\"\" data-start=\"69\" data-end=\"111\"><strong data-start=\"69\" data-end=\"109\">\u00a1Vuela hacia el coraz\u00f3n de Tahit\u00ed! \ud83d\ude81\ud83c\udf3a <\/strong><\/p>\n","protected":false},"featured_media":1603,"comment_status":"open","ping_status":"closed","template":"","meta":{"inline_featured_image":false},"country":[],"product_brand":[],"product_cat":[294],"product_tag":[948],"class_list":{"0":"post-17542","1":"product","2":"type-product","3":"status-publish","4":"has-post-thumbnail","6":"product_cat-actividades","7":"product_tag-tahiti-es","9":"first","10":"instock","11":"shipping-taxable","12":"purchasable","13":"product-type-simple"},"acf":[],"_links":{"self":[{"href":"https:\/\/stayinn.travel\/es\/wp-json\/wp\/v2\/product\/17542","targetHints":{"allow":["GET"]}}],"collection":[{"href":"https:\/\/stayinn.travel\/es\/wp-json\/wp\/v2\/product"}],"about":[{"href":"https:\/\/stayinn.travel\/es\/wp-json\/wp\/v2\/types\/product"}],"replies":[{"embeddable":true,"href":"https:\/\/stayinn.travel\/es\/wp-json\/wp\/v2\/comments?post=17542"}],"wp:featuredmedia":[{"embeddable":true,"href":"https:\/\/stayinn.travel\/es\/wp-json\/wp\/v2\/media\/1603"}],"wp:attachment":[{"href":"https:\/\/stayinn.travel\/es\/wp-json\/wp\/v2\/media?parent=17542"}],"wp:term":[{"taxonomy":"country","embeddable":true,"href":"https:\/\/stayinn.travel\/es\/wp-json\/wp\/v2\/country?post=17542"},{"taxonomy":"product_brand","embeddable":true,"href":"https:\/\/stayinn.travel\/es\/wp-json\/wp\/v2\/product_brand?post=17542"},{"taxonomy":"product_cat","embeddable":true,"href":"https:\/\/stayinn.travel\/es\/wp-json\/wp\/v2\/product_cat?post=17542"},{"taxonomy":"product_tag","embeddable":true,"href":"https:\/\/stayinn.travel\/es\/wp-json\/wp\/v2\/product_tag?post=17542"}],"curies":[{"name":"wp","href":"https:\/\/api.w.org\/{rel}","templated":true}]}}