{"id":17640,"date":"2025-04-25T07:07:51","date_gmt":"2025-04-25T07:07:51","guid":{"rendered":"https:\/\/stayinn.travel\/product\/moorea-quad-electrico-atv\/"},"modified":"2025-04-25T07:07:51","modified_gmt":"2025-04-25T07:07:51","slug":"moorea-quad-electrico-atv","status":"publish","type":"product","link":"https:\/\/stayinn.travel\/es\/product\/moorea-quad-electrico-atv\/","title":{"rendered":"MOOREA &#8211; Quad el\u00e9ctrico ATV"},"content":{"rendered":"<p>\u267b\ufe0f ECOL\u00d3GICO \ud83c\udf31<\/p>\n<p>Descubre la isla de Moorea de una manera diferente, responsable y ecol\u00f3gica, sin contaminaci\u00f3n ni ruido, para permitir que tus sentidos se despierten por completo. Explora el magn\u00edfico valle de Opunohu durante esta excursi\u00f3n original y \u00fanica, accesible para todos los niveles. Recorre sus exuberantes bosques, arroyos y r\u00edos, y visita plantaciones de pi\u00f1a, coco, pl\u00e1tano, papaya, \u00e1rbol del pan, mango y muchos otros \u00e1rboles frutales que tu gu\u00eda estar\u00e1 encantado de presentarte.<br \/>En el programa: valle, arroyos, r\u00edos, campos de pi\u00f1a y degustaci\u00f3n en el Liceo Agr\u00edcola*. Visita las plantaciones del liceo agr\u00edcola, marae (antiguos sitios de culto polinesios), un \u00e1rbol banyan de m\u00e1s de 350 a\u00f1os y anguilas de ojos azules.   <\/p>\n<p>&nbsp;<\/p>\n","protected":false},"excerpt":{"rendered":"<p><strong>Paseo verde, grandes vibraciones \ud83c\udf31\ud83c\udfcd\ufe0f \u2014 Un viaje ecol\u00f3gico y divertido \u267b\ufe0f<\/strong><\/p>\n","protected":false},"featured_media":1420,"comment_status":"open","ping_status":"closed","template":"","meta":{"inline_featured_image":false},"country":[],"product_brand":[],"product_cat":[294],"product_tag":[915],"class_list":{"0":"post-17640","1":"product","2":"type-product","3":"status-publish","4":"has-post-thumbnail","6":"product_cat-actividades","7":"product_tag-moorea-es","9":"first","10":"instock","11":"shipping-taxable","12":"purchasable","13":"product-type-simple"},"acf":[],"_links":{"self":[{"href":"https:\/\/stayinn.travel\/es\/wp-json\/wp\/v2\/product\/17640","targetHints":{"allow":["GET"]}}],"collection":[{"href":"https:\/\/stayinn.travel\/es\/wp-json\/wp\/v2\/product"}],"about":[{"href":"https:\/\/stayinn.travel\/es\/wp-json\/wp\/v2\/types\/product"}],"replies":[{"embeddable":true,"href":"https:\/\/stayinn.travel\/es\/wp-json\/wp\/v2\/comments?post=17640"}],"wp:featuredmedia":[{"embeddable":true,"href":"https:\/\/stayinn.travel\/es\/wp-json\/wp\/v2\/media\/1420"}],"wp:attachment":[{"href":"https:\/\/stayinn.travel\/es\/wp-json\/wp\/v2\/media?parent=17640"}],"wp:term":[{"taxonomy":"country","embeddable":true,"href":"https:\/\/stayinn.travel\/es\/wp-json\/wp\/v2\/country?post=17640"},{"taxonomy":"product_brand","embeddable":true,"href":"https:\/\/stayinn.travel\/es\/wp-json\/wp\/v2\/product_brand?post=17640"},{"taxonomy":"product_cat","embeddable":true,"href":"https:\/\/stayinn.travel\/es\/wp-json\/wp\/v2\/product_cat?post=17640"},{"taxonomy":"product_tag","embeddable":true,"href":"https:\/\/stayinn.travel\/es\/wp-json\/wp\/v2\/product_tag?post=17640"}],"curies":[{"name":"wp","href":"https:\/\/api.w.org\/{rel}","templated":true}]}}