{"id":17676,"date":"2025-04-29T05:32:56","date_gmt":"2025-04-29T05:32:56","guid":{"rendered":"https:\/\/stayinn.travel\/product\/tahiti-crucero-en-catamaran-a-tetiaroa-el-atolon-de-marlon-brando-12-h\/"},"modified":"2025-04-29T05:32:56","modified_gmt":"2025-04-29T05:32:56","slug":"tahiti-crucero-en-catamaran-a-tetiaroa-el-atolon-de-marlon-brando-12-h","status":"publish","type":"product","link":"https:\/\/stayinn.travel\/es\/product\/tahiti-crucero-en-catamaran-a-tetiaroa-el-atolon-de-marlon-brando-12-h\/","title":{"rendered":"TAHIT\u00cd &#8211; Crucero en catamar\u00e1n a Tetiaroa, el atol\u00f3n de Marlon Brando \u2013 12 h"},"content":{"rendered":"<p>Descubre Tetiaroa, un atol\u00f3n privado de belleza excepcional, en una excursi\u00f3n de d\u00eda completo en catamar\u00e1n que te permitir\u00e1 explorar un aut\u00e9ntico atol\u00f3n a solo unas horas de Tahit\u00ed.<\/p>\n<p>A bordo de un c\u00f3modo catamar\u00e1n de peque\u00f1a capacidad, que garantiza una experiencia \u00edntima, zarpar\u00e1s temprano por la ma\u00f1ana desde la marina de Papeete para una traves\u00eda de 4 horas que te llevar\u00e1 al para\u00edso.<\/p>\n<p>Tetiaroa, famoso por su historia ligada a Marlon Brando y por su hotel de lujo que recibe a celebridades, Le Brando, es un sitio natural preservado donde la flora y la fauna prosperan en tranquilidad.<\/p>\n<p>Una vez que llegues a Tetiaroa, comenzar\u00e1s tu exploraci\u00f3n con un paseo por la Isla de los P\u00e1jaros, un santuario para aves marinas como fragatas y charranes. Mientras caminas por la playa, podr\u00e1s observar a estas magn\u00edficas aves volando libremente en su h\u00e1bitat natural.<br \/>Tu gu\u00eda entusiasta te proporcionar\u00e1 informaci\u00f3n fascinante sobre las especies presentes y la historia de la isla.  <\/p>\n<p>Despu\u00e9s de este paseo, te sumergir\u00e1s en las aguas cristalinas de la laguna de Tetiaroa para practicar snorkel, un verdadero acuario natural donde podr\u00e1s nadar entre peces tropicales de colores, tortugas marinas y, quiz\u00e1s, incluso rayas o tiburones de arrecife.<br \/>Dispondr\u00e1s de tiempo libre para disfrutar de las playas desiertas de Tetiaroa, v\u00edrgenes y bordeadas de palmeras, que ofrecen el entorno perfecto para relajarte, nadar o pasear. <\/p>\n<p>Despu\u00e9s de un refrescante ba\u00f1o, se servir\u00e1 el almuerzo a bordo: una deliciosa comida polinesia con pescado crudo al estilo tahitiano, pollo a la parrilla, ensaladas frescas y frutas tropicales locales.<br \/>Este es un momento agradable para conversar con los dem\u00e1s pasajeros mientras disfrutas de la impresionante vista del oc\u00e9ano. <\/p>\n<p>Despu\u00e9s de tu tiempo libre, ser\u00e1 momento de subir nuevamente al catamar\u00e1n para el viaje de regreso a Tahit\u00ed, una \u00faltima oportunidad para disfrutar de los paisajes excepcionales de Tetiaroa antes de volver a la civilizaci\u00f3n, cruzando una vez m\u00e1s el oc\u00e9ano Pac\u00edfico para regresar a Papeete.<\/p>\n","protected":false},"excerpt":{"rendered":"<p>Navega hacia el para\u00edso \u26f5\ud83c\udfdd\ufe0f \u2014 \u00a1Descubre el m\u00e1gico atol\u00f3n de Marlon Brando! \ud83c\udf3a\ud83d\udc20 <\/p>\n","protected":false},"featured_media":17692,"comment_status":"open","ping_status":"closed","template":"","meta":{"inline_featured_image":false},"country":[],"product_brand":[],"product_cat":[294],"product_tag":[948],"class_list":{"0":"post-17676","1":"product","2":"type-product","3":"status-publish","4":"has-post-thumbnail","6":"product_cat-actividades","7":"product_tag-tahiti-es","9":"first","10":"instock","11":"shipping-taxable","12":"purchasable","13":"product-type-simple"},"acf":[],"_links":{"self":[{"href":"https:\/\/stayinn.travel\/es\/wp-json\/wp\/v2\/product\/17676","targetHints":{"allow":["GET"]}}],"collection":[{"href":"https:\/\/stayinn.travel\/es\/wp-json\/wp\/v2\/product"}],"about":[{"href":"https:\/\/stayinn.travel\/es\/wp-json\/wp\/v2\/types\/product"}],"replies":[{"embeddable":true,"href":"https:\/\/stayinn.travel\/es\/wp-json\/wp\/v2\/comments?post=17676"}],"wp:featuredmedia":[{"embeddable":true,"href":"https:\/\/stayinn.travel\/es\/wp-json\/wp\/v2\/media\/17692"}],"wp:attachment":[{"href":"https:\/\/stayinn.travel\/es\/wp-json\/wp\/v2\/media?parent=17676"}],"wp:term":[{"taxonomy":"country","embeddable":true,"href":"https:\/\/stayinn.travel\/es\/wp-json\/wp\/v2\/country?post=17676"},{"taxonomy":"product_brand","embeddable":true,"href":"https:\/\/stayinn.travel\/es\/wp-json\/wp\/v2\/product_brand?post=17676"},{"taxonomy":"product_cat","embeddable":true,"href":"https:\/\/stayinn.travel\/es\/wp-json\/wp\/v2\/product_cat?post=17676"},{"taxonomy":"product_tag","embeddable":true,"href":"https:\/\/stayinn.travel\/es\/wp-json\/wp\/v2\/product_tag?post=17676"}],"curies":[{"name":"wp","href":"https:\/\/api.w.org\/{rel}","templated":true}]}}