{"id":17714,"date":"2025-04-25T07:46:41","date_gmt":"2025-04-25T07:46:41","guid":{"rendered":"https:\/\/stayinn.travel\/product\/tahiti-excursion-en-barco-de-medio-dia-a-la-peninsula-de-tahiti-ola-de-teahupoo-y-fenua-aihere\/"},"modified":"2025-04-25T07:46:41","modified_gmt":"2025-04-25T07:46:41","slug":"tahiti-excursion-en-barco-de-medio-dia-a-la-peninsula-de-tahiti-ola-de-teahupoo-y-fenua-aihere","status":"publish","type":"product","link":"https:\/\/stayinn.travel\/es\/product\/tahiti-excursion-en-barco-de-medio-dia-a-la-peninsula-de-tahiti-ola-de-teahupoo-y-fenua-aihere\/","title":{"rendered":"TAHIT\u00cd \u2013 Excursi\u00f3n en barco de medio d\u00eda a la pen\u00ednsula de Tahit\u00ed, ola de Teahupoo y Fenua Aihere"},"content":{"rendered":"<p class=\"\" data-start=\"0\" data-end=\"60\"><strong data-start=\"0\" data-end=\"60\">Emb\u00e1rcate en un crucero de 4 horas hacia el punto m\u00e1s salvaje de Tahit\u00ed<\/strong><\/p>\n<p class=\"\" data-start=\"0\" data-end=\"332\">Tu gu\u00eda te llevar\u00e1 hasta la ola para observar a los surfistas deslizarse y entrar en los tubos de la marejada.<br data-start=\"92\" data-end=\"95\">Luego navegar\u00e1s hasta el extremo sur de Tahit\u00ed, hacia una reserva marina protegida donde ya no se permiten embarcaciones ni la pesca. Una parada para hacer snorkel te permitir\u00e1 observar la fauna y flora marina \u00fanicas de este entorno virgen. <\/p>\n<p class=\"\" data-start=\"334\" data-end=\"701\">A continuaci\u00f3n, desembarcar\u00e1s en un hermoso bosque de \u201cmape\u201d (casta\u00f1o), donde tendr\u00e1s la oportunidad de nadar en el r\u00edo, columpiarte con cuerdas en los \u00e1rboles y explorar cuevas cercanas.<br data-start=\"496\" data-end=\"499\">De regreso, disfruta de una \u00faltima vista de las majestuosas cascadas y monta\u00f1as \u2014especialmente impresionantes desde el oc\u00e9ano\u2014 mientras saboreas un c\u00f3ctel Maeva para cerrar esta experiencia inolvidable.<\/p>\n","protected":false},"excerpt":{"rendered":"<p>Emb\u00e1rcate en un crucero de 4 horas hacia el punto m\u00e1s salvaje de Tahit\u00ed Tu gu\u00eda te llevar\u00e1 hasta la ola para observar a los surfistas deslizarse y entrar en los tubos de la marejada.Luego navegar\u00e1s hasta el extremo sur de Tahit\u00ed, hacia una reserva marina protegida donde ya no se permiten embarcaciones ni la [&hellip;]<\/p>\n","protected":false},"featured_media":1443,"comment_status":"open","ping_status":"closed","template":"","meta":{"inline_featured_image":false},"country":[],"product_brand":[],"product_cat":[294],"product_tag":[948],"class_list":{"0":"post-17714","1":"product","2":"type-product","3":"status-publish","4":"has-post-thumbnail","6":"product_cat-actividades","7":"product_tag-tahiti-es","9":"first","10":"instock","11":"shipping-taxable","12":"purchasable","13":"product-type-simple"},"acf":[],"_links":{"self":[{"href":"https:\/\/stayinn.travel\/es\/wp-json\/wp\/v2\/product\/17714","targetHints":{"allow":["GET"]}}],"collection":[{"href":"https:\/\/stayinn.travel\/es\/wp-json\/wp\/v2\/product"}],"about":[{"href":"https:\/\/stayinn.travel\/es\/wp-json\/wp\/v2\/types\/product"}],"replies":[{"embeddable":true,"href":"https:\/\/stayinn.travel\/es\/wp-json\/wp\/v2\/comments?post=17714"}],"wp:featuredmedia":[{"embeddable":true,"href":"https:\/\/stayinn.travel\/es\/wp-json\/wp\/v2\/media\/1443"}],"wp:attachment":[{"href":"https:\/\/stayinn.travel\/es\/wp-json\/wp\/v2\/media?parent=17714"}],"wp:term":[{"taxonomy":"country","embeddable":true,"href":"https:\/\/stayinn.travel\/es\/wp-json\/wp\/v2\/country?post=17714"},{"taxonomy":"product_brand","embeddable":true,"href":"https:\/\/stayinn.travel\/es\/wp-json\/wp\/v2\/product_brand?post=17714"},{"taxonomy":"product_cat","embeddable":true,"href":"https:\/\/stayinn.travel\/es\/wp-json\/wp\/v2\/product_cat?post=17714"},{"taxonomy":"product_tag","embeddable":true,"href":"https:\/\/stayinn.travel\/es\/wp-json\/wp\/v2\/product_tag?post=17714"}],"curies":[{"name":"wp","href":"https:\/\/api.w.org\/{rel}","templated":true}]}}