{"id":17843,"date":"2025-06-18T02:41:19","date_gmt":"2025-06-18T02:41:19","guid":{"rendered":"https:\/\/stayinn.travel\/product\/amantes-de-la-laguna-de-polinesia-excursion-de-buceo-para-2-personas\/"},"modified":"2025-06-18T02:41:19","modified_gmt":"2025-06-18T02:41:19","slug":"amantes-de-la-laguna-de-polinesia-excursion-de-buceo-para-2-personas","status":"publish","type":"product","link":"https:\/\/stayinn.travel\/es\/product\/amantes-de-la-laguna-de-polinesia-excursion-de-buceo-para-2-personas\/","title":{"rendered":"Amantes de la laguna de Polinesia \u2013 Excursi\u00f3n de buceo para 2 personas"},"content":{"rendered":"<h3 class=\"\" data-start=\"154\" data-end=\"196\">\ud83c\udf34 \u00a1Bienvenidos al para\u00edso en la Tierra! <\/h3>\n<p data-start=\"183\" data-end=\"320\"><strong>\ud83e\udd3f Bucea m\u00e1s profundo, ama con m\u00e1s fuerza: explora las maravillas submarinas del para\u00edso.<\/strong><\/p>\n<p data-start=\"322\" data-end=\"516\">Te invitamos a vivir una escapada rom\u00e1ntica impresionante a trav\u00e9s de las islas y atolones m\u00e1s legendarios de la Polinesia Francesa \u2014 un viaje especialmente dise\u00f1ado para amantes del buceo y so\u00f1adores del oc\u00e9ano.<\/p>\n<p data-start=\"518\" data-end=\"831\">Descubre la rica biodiversidad marina y los vibrantes arrecifes de coral de 6 destinos impresionantes: Tahit\u00ed, Moorea, Tikehau, Rangiroa, Fakarava y Tetiaroa.<br data-start=\"664\" data-end=\"667\">Desde nadar con mantarrayas hasta explorar jardines de coral llenos de color y sumergirte en el famoso muro de tiburones, cada inmersi\u00f3n es un momento inolvidable para compartir juntos.<\/p>\n<p data-start=\"833\" data-end=\"1107\">Este paquete a medida incluye tu alojamiento, los vuelos entre islas y sesiones de buceo personalizadas adaptadas a tu nivel (principiante o certificado).<br data-start=\"991\" data-end=\"994\">Disfruta de una escapada tranquila y aut\u00e9ntica en el coraz\u00f3n del Pac\u00edfico \u2014 donde el amor y la aventura se encuentran bajo las olas.<\/p>\n<hr class=\"\" data-start=\"824\" data-end=\"827\">\n<p data-start=\"1109\" data-end=\"1134\">\ud83c\udfdd\ufe0f ISLAS INCLUIDAS:<\/p>\n<ul data-start=\"1136\" data-end=\"1195\">\n<li data-start=\"1136\" data-end=\"1146\">\n<p data-start=\"1138\" data-end=\"1146\">Tahiti<\/p>\n<\/li>\n<li data-start=\"1147\" data-end=\"1157\">\n<p data-start=\"1149\" data-end=\"1157\">Moorea<\/p>\n<\/li>\n<li data-start=\"1184\" data-end=\"1195\">\n<p data-start=\"1186\" data-end=\"1195\">Tikehau<\/p>\n<\/li>\n<li data-start=\"1184\" data-end=\"1195\">\n<p data-start=\"1186\" data-end=\"1195\">Rangiroa<\/p>\n<\/li>\n<li data-start=\"1184\" data-end=\"1195\">\n<p data-start=\"1186\" data-end=\"1195\">Fakarava<\/p>\n<\/li>\n<li data-start=\"1184\" data-end=\"1195\">Tetiaroa<br \/>\n<hr class=\"\" data-start=\"824\" data-end=\"827\">\n<\/li>\n<\/ul>\n<p data-start=\"1197\" data-end=\"1220\">\u2705 EL PAQUETE INCLUYE:<\/p>\n<ul>\n<li>17 noches \/ 18 d\u00edas<\/li>\n<li data-start=\"1246\" data-end=\"1264\">\n<p data-start=\"1248\" data-end=\"1264\">Alojamientos<\/p>\n<\/li>\n<li data-start=\"1246\" data-end=\"1264\">\n<p data-start=\"1248\" data-end=\"1264\">Alquiler de coches<\/p>\n<\/li>\n<li data-start=\"1246\" data-end=\"1264\">\n<p data-start=\"1248\" data-end=\"1264\">Vuelos interinsulares y traslados en ferry<\/p>\n<\/li>\n<li data-start=\"1246\" data-end=\"1264\">\n<p data-start=\"1248\" data-end=\"1264\">Excursiones y pase de buceo<\/p>\n<\/li>\n<li data-start=\"1246\" data-end=\"1264\">\n<p data-start=\"1248\" data-end=\"1264\">Extras rom\u00e1nticos disponibles bajo petici\u00f3n<\/p>\n<\/li>\n<\/ul>\n","protected":false},"excerpt":{"rendered":"<p data-start=\"43\" data-end=\"102\"><strong> \ud83d\udc20 Dive into love. Dive into Polynesia. \ud83d\udc99\ud83c\udf0a\ud83e\udd3f  <\/strong><\/p>\n<p data-start=\"104\" data-end=\"213\" data-is-last-node=\"\" data-is-only-node=\"\">\n","protected":false},"featured_media":2639,"comment_status":"open","ping_status":"closed","template":"","meta":{"inline_featured_image":false},"country":[],"product_brand":[],"product_cat":[295],"product_tag":[911,915,951,948,952,910],"class_list":{"0":"post-17843","1":"product","2":"type-product","3":"status-publish","4":"has-post-thumbnail","6":"product_cat-paquetes","7":"product_tag-fakarava-es","8":"product_tag-moorea-es","9":"product_tag-rangiroa-es","10":"product_tag-tahiti-es","11":"product_tag-tetiaroa-es","12":"product_tag-tikehau-es","14":"first","15":"instock","16":"sale","17":"shipping-taxable","18":"purchasable","19":"product-type-simple"},"acf":[],"_links":{"self":[{"href":"https:\/\/stayinn.travel\/es\/wp-json\/wp\/v2\/product\/17843","targetHints":{"allow":["GET"]}}],"collection":[{"href":"https:\/\/stayinn.travel\/es\/wp-json\/wp\/v2\/product"}],"about":[{"href":"https:\/\/stayinn.travel\/es\/wp-json\/wp\/v2\/types\/product"}],"replies":[{"embeddable":true,"href":"https:\/\/stayinn.travel\/es\/wp-json\/wp\/v2\/comments?post=17843"}],"wp:featuredmedia":[{"embeddable":true,"href":"https:\/\/stayinn.travel\/es\/wp-json\/wp\/v2\/media\/2639"}],"wp:attachment":[{"href":"https:\/\/stayinn.travel\/es\/wp-json\/wp\/v2\/media?parent=17843"}],"wp:term":[{"taxonomy":"country","embeddable":true,"href":"https:\/\/stayinn.travel\/es\/wp-json\/wp\/v2\/country?post=17843"},{"taxonomy":"product_brand","embeddable":true,"href":"https:\/\/stayinn.travel\/es\/wp-json\/wp\/v2\/product_brand?post=17843"},{"taxonomy":"product_cat","embeddable":true,"href":"https:\/\/stayinn.travel\/es\/wp-json\/wp\/v2\/product_cat?post=17843"},{"taxonomy":"product_tag","embeddable":true,"href":"https:\/\/stayinn.travel\/es\/wp-json\/wp\/v2\/product_tag?post=17843"}],"curies":[{"name":"wp","href":"https:\/\/api.w.org\/{rel}","templated":true}]}}