{"id":17860,"date":"2025-04-15T11:10:42","date_gmt":"2025-04-15T11:10:42","guid":{"rendered":"https:\/\/stayinn.travel\/product\/esenciales-de-las-islas-de-la-sociedad-para-parejas\/"},"modified":"2025-04-15T11:10:42","modified_gmt":"2025-04-15T11:10:42","slug":"esenciales-de-las-islas-de-la-sociedad-para-parejas","status":"publish","type":"product","link":"https:\/\/stayinn.travel\/es\/product\/esenciales-de-las-islas-de-la-sociedad-para-parejas\/","title":{"rendered":"Esenciales de las Islas de la Sociedad para parejas"},"content":{"rendered":"<h3>\ud83c\udf34 \u00a1Bienvenidos al para\u00edso en la Tierra!<\/h3>\n<p>\ud83c\udf0a<strong> <em data-start=\"364\" data-end=\"423\">\u00abLa escapada definitiva de isla en isla en la Polinesia Francesa.\u00bb<\/em><\/strong><\/p>\n<p>Le invitamos a descubrir el encanto fascinante de las Islas de la Sociedad en la Polinesia Francesa con nuestro exclusivo paquete de isla en isla.<\/p>\n<p>Prep\u00e1rese para una aventura inolvidable mientras explora 6 islas ic\u00f3nicas: Tahit\u00ed, Moorea, Huahine, Raiatea, Taha\u2019a y Bora Bora.<br \/>Este paquete todo incluido cubre los vuelos interinsulares y traslados, los alojamientos, el alquiler de coche y actividades cuidadosamente seleccionadas.<br \/>\u00a1Viaje a su propio ritmo, con total tranquilidad!<\/p>\n<hr>\n<h3>\ud83c\udfdd\ufe0f ISLAS INCLUIDAS:<\/h3>\n<ul>\n<li>Tahiti<\/li>\n<li>Moorea<\/li>\n<li>Huahine<\/li>\n<li>Raiatea<\/li>\n<li>Taha\u2019a<\/li>\n<li>Bora Bora<\/li>\n<\/ul>\n<hr>\n<h3>\u2705 EL PAQUETE INCLUYE:<\/h3>\n<ul>\n<li>15 noches \/ 16 d\u00edas<\/li>\n<li>Alojamientos<\/li>\n<li>Alquiler de coches<\/li>\n<li>Excursiones guiadas<\/li>\n<li>Vuelos interinsulares y traslados en ferry<\/li>\n<\/ul>\n","protected":false},"excerpt":{"rendered":"<p>\ud83c\udf0a \u00abLa escapada definitiva de isla en isla en la Polinesia Francesa.\u00bb<\/p>\n<p>&nbsp;<\/p>\n","protected":false},"featured_media":1246,"comment_status":"open","ping_status":"closed","template":"","meta":{"inline_featured_image":false},"country":[],"product_brand":[],"product_cat":[295],"product_tag":[],"class_list":{"0":"post-17860","1":"product","2":"type-product","3":"status-publish","4":"has-post-thumbnail","6":"product_cat-paquetes","8":"first","9":"instock","10":"shipping-taxable","11":"purchasable","12":"product-type-simple"},"acf":[],"_links":{"self":[{"href":"https:\/\/stayinn.travel\/es\/wp-json\/wp\/v2\/product\/17860","targetHints":{"allow":["GET"]}}],"collection":[{"href":"https:\/\/stayinn.travel\/es\/wp-json\/wp\/v2\/product"}],"about":[{"href":"https:\/\/stayinn.travel\/es\/wp-json\/wp\/v2\/types\/product"}],"replies":[{"embeddable":true,"href":"https:\/\/stayinn.travel\/es\/wp-json\/wp\/v2\/comments?post=17860"}],"wp:featuredmedia":[{"embeddable":true,"href":"https:\/\/stayinn.travel\/es\/wp-json\/wp\/v2\/media\/1246"}],"wp:attachment":[{"href":"https:\/\/stayinn.travel\/es\/wp-json\/wp\/v2\/media?parent=17860"}],"wp:term":[{"taxonomy":"country","embeddable":true,"href":"https:\/\/stayinn.travel\/es\/wp-json\/wp\/v2\/country?post=17860"},{"taxonomy":"product_brand","embeddable":true,"href":"https:\/\/stayinn.travel\/es\/wp-json\/wp\/v2\/product_brand?post=17860"},{"taxonomy":"product_cat","embeddable":true,"href":"https:\/\/stayinn.travel\/es\/wp-json\/wp\/v2\/product_cat?post=17860"},{"taxonomy":"product_tag","embeddable":true,"href":"https:\/\/stayinn.travel\/es\/wp-json\/wp\/v2\/product_tag?post=17860"}],"curies":[{"name":"wp","href":"https:\/\/api.w.org\/{rel}","templated":true}]}}