{"id":4238,"date":"2024-11-13T16:42:17","date_gmt":"2024-11-13T16:42:17","guid":{"rendered":"https:\/\/stayinn.travel\/a-propos\/"},"modified":"2026-04-22T02:07:43","modified_gmt":"2026-04-22T02:07:43","slug":"about","status":"publish","type":"page","link":"https:\/\/stayinn.travel\/fr\/about\/","title":{"rendered":"\u00c0 propos de nous"},"content":{"rendered":"\n<p>StayInn Travel est une agence de voyage locale propri\u00e9taire de la plus grande plateforme de location saisonni\u00e8re en Polyn\u00e9sie fran\u00e7aise, avec plus de 300 h\u00e9bergements partenaires.<br>Elle se distingue par un mod\u00e8le unique : la seule agence \u00e0 disposer de sa propre plateforme d\u2019h\u00e9bergement, issue de son activit\u00e9 de gestion locative.<br>Cette position nous permet d&rsquo;offrir un acc\u00e8s exclusif \u00e0 des h\u00e9bergements v\u00e9rifi\u00e9s et g\u00e9r\u00e9s par nos \u00e9quipes. Cette synergie nous permet de proposer des s\u00e9jours exclusifs, sur mesure et authentiques \u00e0 des tarifs parmi les plus comp\u00e9titifs du march\u00e9. Gr\u00e2ce \u00e0 notre expertise locale et \u00e0 notre r\u00e9seau privil\u00e9gi\u00e9, nous cr\u00e9ons des exp\u00e9riences personnalis\u00e9es, uniques et imbattables, loin du tourisme de masse.<\/p>\n","protected":false},"excerpt":{"rendered":"<p>Une \u00e9quipe locale d\u2019experts proposant des h\u00e9bergements soigneusement s\u00e9lectionn\u00e9s et des partenaires tri\u00e9s sur le volet.<\/p>\n","protected":false},"author":1,"featured_media":13449,"parent":0,"menu_order":0,"comment_status":"closed","ping_status":"closed","template":"template-about.php","meta":{"inline_featured_image":false,"footnotes":""},"class_list":["post-4238","page","type-page","status-publish","has-post-thumbnail","hentry"],"acf":[],"_links":{"self":[{"href":"https:\/\/stayinn.travel\/fr\/wp-json\/wp\/v2\/pages\/4238","targetHints":{"allow":["GET"]}}],"collection":[{"href":"https:\/\/stayinn.travel\/fr\/wp-json\/wp\/v2\/pages"}],"about":[{"href":"https:\/\/stayinn.travel\/fr\/wp-json\/wp\/v2\/types\/page"}],"author":[{"embeddable":true,"href":"https:\/\/stayinn.travel\/fr\/wp-json\/wp\/v2\/users\/1"}],"replies":[{"embeddable":true,"href":"https:\/\/stayinn.travel\/fr\/wp-json\/wp\/v2\/comments?post=4238"}],"version-history":[{"count":12,"href":"https:\/\/stayinn.travel\/fr\/wp-json\/wp\/v2\/pages\/4238\/revisions"}],"predecessor-version":[{"id":17215,"href":"https:\/\/stayinn.travel\/fr\/wp-json\/wp\/v2\/pages\/4238\/revisions\/17215"}],"wp:featuredmedia":[{"embeddable":true,"href":"https:\/\/stayinn.travel\/fr\/wp-json\/wp\/v2\/media\/13449"}],"wp:attachment":[{"href":"https:\/\/stayinn.travel\/fr\/wp-json\/wp\/v2\/media?parent=4238"}],"curies":[{"name":"wp","href":"https:\/\/api.w.org\/{rel}","templated":true}]}}