{"id":10043,"date":"2025-10-20T15:58:01","date_gmt":"2025-10-20T15:58:01","guid":{"rendered":"https:\/\/stayinn.travel\/product\/tahiti-iti-bay-lodge-2\/"},"modified":"2026-03-23T08:31:56","modified_gmt":"2026-03-23T08:31:56","slug":"tahiti-iti-bay-lodge-2","status":"publish","type":"product","link":"https:\/\/stayinn.travel\/fr\/product\/tahiti-iti-bay-lodge-2\/","title":{"rendered":"TAHITI ITI &#8211; Bay Lodge"},"content":{"rendered":"<p>Bienvenue au Bay Lodge, charmante maison am\u00e9nag\u00e9e et d\u00e9cor\u00e9e avec soin.<\/p>\n<p>Situ\u00e9e \u00e0 quelques pas du centre de TARAVAO, entre mer et montagnes,  cette belle propri\u00e9t\u00e9 peut accueillir jusqu&rsquo;\u00e0 8 personnes.<br \/>\n<br \/>Son grand jardin arbor\u00e9 et cl\u00f4tur\u00e9, sa belle piscine et la terrasse couverte avec vue mer vous permettront de passer un agr\u00e9able s\u00e9jour entre amis ou en famille et d&rsquo;admirer les couchers de soleil sur la baie.<\/p>\n<p>Au sein du logement, vous trouverez :<\/p>\n<p>&#8211; une cuisine am\u00e9ricaine enti\u00e8rement \u00e9quip\u00e9e et sa fontaine \u00e0 eau<br \/>\n<br \/>&#8211; un espace salon un canap\u00e9, 2 fauteuils et une t\u00e9l\u00e9vision<br \/>\n<br \/>&#8211; 2 chambres avec lit Queen size, ventilateurs et armoires de rangement ainsi qu&rsquo;une chambre parental avec salle de bain privative<br \/>\n<br \/>&#8211;  une vaste salle d&rsquo;eau avec douche \u00e0 l&rsquo;italienne, lavabo et wc<\/p>\n<p>Deux couchages suppl\u00e9mentaires sont disponibles dans le s\u00e9jour (2 lits simples)<\/p>\n<p>En ext\u00e9rieur, la belle et grande terrasse est am\u00e9nag\u00e9e avec une table pour prendre vos repas, un espace d\u00e9tente avec un canap\u00e9 et une belle cuisine d&rsquo;ext\u00e9rieur avec barbecue, enti\u00e8rement \u00e9quip\u00e9e pour r\u00e9galer l&rsquo;ensemble des convives.<br \/>\n<br \/>Le tout donnant sur une magnifique piscine qui fera le bonheur des petits comme des grands !<\/p>\n<p>Une douche ext\u00e9rieure a \u00e9galement \u00e9t\u00e9 install\u00e9e.<\/p>\n<p>Vous \u00eates \u00e0 quelques pas des commerces et restaurants de Taravao.<\/p>\n<p>Le BAY LODGE, l&rsquo;endroit id\u00e9al pour d\u00e9couvrir les tr\u00e9sors de la presqu&rsquo;\u00eele et passer un merveilleux s\u00e9jour dans un cadre idyllique.<\/p>\n<p><\/p>\n","protected":false},"excerpt":{"rendered":"<p>Bienvenue au Bay Lodge, charmante maison am\u00e9nag\u00e9e et d\u00e9cor\u00e9e avec soin. Situ\u00e9e \u00e0 quelques pas du centre de TARAVAO, entre mer et montagnes, cette belle propri\u00e9t\u00e9 peut accueillir jusqu&rsquo;\u00e0 8 personnes. Son grand jardin arbor\u00e9 et cl\u00f4tur\u00e9, sa belle piscine et la terrasse couverte avec vue mer vous permettront de passer un agr\u00e9able s\u00e9jour entre [&hellip;]<\/p>\n","protected":false},"featured_media":10038,"comment_status":"open","ping_status":"closed","template":"","meta":{"inline_featured_image":false},"country":[],"product_brand":[],"product_cat":[170],"product_tag":[],"class_list":{"0":"post-10043","1":"product","2":"type-product","3":"status-publish","4":"has-post-thumbnail","6":"product_cat-hebergement","8":"first","9":"instock","10":"shipping-taxable","11":"purchasable","12":"product-type-simple"},"acf":[],"_links":{"self":[{"href":"https:\/\/stayinn.travel\/fr\/wp-json\/wp\/v2\/product\/10043","targetHints":{"allow":["GET"]}}],"collection":[{"href":"https:\/\/stayinn.travel\/fr\/wp-json\/wp\/v2\/product"}],"about":[{"href":"https:\/\/stayinn.travel\/fr\/wp-json\/wp\/v2\/types\/product"}],"replies":[{"embeddable":true,"href":"https:\/\/stayinn.travel\/fr\/wp-json\/wp\/v2\/comments?post=10043"}],"wp:featuredmedia":[{"embeddable":true,"href":"https:\/\/stayinn.travel\/fr\/wp-json\/wp\/v2\/media\/10038"}],"wp:attachment":[{"href":"https:\/\/stayinn.travel\/fr\/wp-json\/wp\/v2\/media?parent=10043"}],"wp:term":[{"taxonomy":"country","embeddable":true,"href":"https:\/\/stayinn.travel\/fr\/wp-json\/wp\/v2\/country?post=10043"},{"taxonomy":"product_brand","embeddable":true,"href":"https:\/\/stayinn.travel\/fr\/wp-json\/wp\/v2\/product_brand?post=10043"},{"taxonomy":"product_cat","embeddable":true,"href":"https:\/\/stayinn.travel\/fr\/wp-json\/wp\/v2\/product_cat?post=10043"},{"taxonomy":"product_tag","embeddable":true,"href":"https:\/\/stayinn.travel\/fr\/wp-json\/wp\/v2\/product_tag?post=10043"}],"curies":[{"name":"wp","href":"https:\/\/api.w.org\/{rel}","templated":true}]}}