{"id":10051,"date":"2025-10-20T15:58:01","date_gmt":"2025-10-20T15:58:01","guid":{"rendered":"https:\/\/stayinn.travel\/product\/manihi-miki-lagoon-bungalow-2\/"},"modified":"2026-04-16T10:35:37","modified_gmt":"2026-04-16T10:35:37","slug":"manihi-miki-lagoon-bungalow-2","status":"publish","type":"product","link":"https:\/\/stayinn.travel\/fr\/product\/manihi-miki-lagoon-bungalow-2\/","title":{"rendered":"MANIHI &#8211; Miki Lagoon Bungalow"},"content":{"rendered":"<p>Bienvenue \u00e0 Manihi dans un bungalow spacieux de 80 m\u00b2 en bord de lagon dans une pension avec piscine, parfait pour un s\u00e9jour tropical en famille ou entre amis. Ce logement, con\u00e7u pour accueillir jusqu&rsquo;\u00e0 6 personnes, dispose de deux chambres confortables et de tout le n\u00e9cessaire pour un moment de d\u00e9tente absolue.<\/p>\n<p>Le bungalow est \u00e9quip\u00e9 d\u2019un coffre-fort pour vos effets personnels, un mini-bar, le wifi pour rester connect\u00e9 et une t\u00e9l\u00e9vision. <\/p>\n<p>Vous profiterez d\u2019un jardin priv\u00e9 avec mobilier ext\u00e9rieur,et une terrasse donnant sur l&rsquo;incroyable lagon. L\u2019acc\u00e8s \u00e0 une piscine partag\u00e9e vous invite \u00e0 la baignade sous le soleil polyn\u00e9sien et les cocotiers.<\/p>\n<p>La pension compl\u00e8te est incluse.<br \/>\n<br \/>La pension vous proposera une exp\u00e9rience culinaire raffin\u00e9e, o\u00f9 les saveurs locales de Polyn\u00e9sie rencontrent la finesse de la cuisine fran\u00e7aise. Une belle cave \u00e0 vin compl\u00e8te cet art de la table, vous offrant une s\u00e9lection de crus soigneusement choisis pour sublimer chaque repas.<\/p>\n<p>Au programme : p\u00eache, masque et tuba, farniente sous les cocotiers, visite de l&rsquo;\u00eele, la ferme perli\u00e8re, pique-nique sur des Motu, d\u00e9couverte de l&rsquo;atoll en bateau &#8230;<br \/>\n<br \/>Une salle de sport est \u00e0 votre disposition dans la pension.<br \/>\n<br \/>Le club de plong\u00e9e sous-marine de l&rsquo;\u00eele saura vous emmener sur les meilleurs spots pour d\u00e9couvrir les merveilles de l&rsquo;atoll ! <\/p>\n<p>L\u2019endroit id\u00e9al pour profiter de la s\u00e9r\u00e9nit\u00e9 et de l&rsquo;authenticit\u00e9 de Manihi. R\u00e9servez d\u00e8s maintenant pour un s\u00e9jour alliant confort, charme et d\u00e9couvertes culinaires polyn\u00e9siennes.<\/p>\n","protected":false},"excerpt":{"rendered":"<p>Bienvenue \u00e0 Manihi dans un bungalow spacieux de 80 m\u00b2 en bord de lagon dans une pension avec piscine, parfait pour un s\u00e9jour tropical en famille ou entre amis. Ce logement, con\u00e7u pour accueillir jusqu&rsquo;\u00e0 6 personnes, dispose de deux chambres confortables et de tout le n\u00e9cessaire pour un moment de d\u00e9tente absolue. Le bungalow [&hellip;]<\/p>\n","protected":false},"featured_media":10046,"comment_status":"open","ping_status":"closed","template":"","meta":{"inline_featured_image":false},"country":[],"product_brand":[],"product_cat":[170],"product_tag":[],"class_list":{"0":"post-10051","1":"product","2":"type-product","3":"status-publish","4":"has-post-thumbnail","6":"product_cat-hebergement","8":"first","9":"instock","10":"shipping-taxable","11":"purchasable","12":"product-type-simple"},"acf":[],"_links":{"self":[{"href":"https:\/\/stayinn.travel\/fr\/wp-json\/wp\/v2\/product\/10051","targetHints":{"allow":["GET"]}}],"collection":[{"href":"https:\/\/stayinn.travel\/fr\/wp-json\/wp\/v2\/product"}],"about":[{"href":"https:\/\/stayinn.travel\/fr\/wp-json\/wp\/v2\/types\/product"}],"replies":[{"embeddable":true,"href":"https:\/\/stayinn.travel\/fr\/wp-json\/wp\/v2\/comments?post=10051"}],"wp:featuredmedia":[{"embeddable":true,"href":"https:\/\/stayinn.travel\/fr\/wp-json\/wp\/v2\/media\/10046"}],"wp:attachment":[{"href":"https:\/\/stayinn.travel\/fr\/wp-json\/wp\/v2\/media?parent=10051"}],"wp:term":[{"taxonomy":"country","embeddable":true,"href":"https:\/\/stayinn.travel\/fr\/wp-json\/wp\/v2\/country?post=10051"},{"taxonomy":"product_brand","embeddable":true,"href":"https:\/\/stayinn.travel\/fr\/wp-json\/wp\/v2\/product_brand?post=10051"},{"taxonomy":"product_cat","embeddable":true,"href":"https:\/\/stayinn.travel\/fr\/wp-json\/wp\/v2\/product_cat?post=10051"},{"taxonomy":"product_tag","embeddable":true,"href":"https:\/\/stayinn.travel\/fr\/wp-json\/wp\/v2\/product_tag?post=10051"}],"curies":[{"name":"wp","href":"https:\/\/api.w.org\/{rel}","templated":true}]}}