{"id":10059,"date":"2025-10-20T15:58:01","date_gmt":"2025-10-20T15:58:01","guid":{"rendered":"https:\/\/stayinn.travel\/product\/bora-bora-villa-pearl-2\/"},"modified":"2026-04-16T10:35:47","modified_gmt":"2026-04-16T10:35:47","slug":"bora-bora-villa-pearl-2","status":"publish","type":"product","link":"https:\/\/stayinn.travel\/fr\/product\/bora-bora-villa-pearl-2\/","title":{"rendered":"BORA BORA &#8211; Villa Pearl"},"content":{"rendered":"<p>Situ\u00e9 au Nord Ouest de l&rsquo;\u00eele, la maison Faanui Pearl Bora Bora vous invite \u00e0 vivre une exp\u00e9rience polyn\u00e9sienne unique, au plus pr\u00e8s de la nature et du lagon mythique. Spacieuse et \u00e9l\u00e9gamment am\u00e9nag\u00e9e, cette maison de 3 chambres climatis\u00e9es est le parfait \u00e9quilibre entre confort moderne et charme local.<\/p>\n<p>D\u00e8s l\u2019entr\u00e9e, vous serez s\u00e9duit par la grande terrasse couverte, v\u00e9ritable pi\u00e8ce \u00e0 vivre ouverte sur un jardin arbor\u00e9 et une vue imprenable sur le lagon turquoise. Que ce soit pour un petit-d\u00e9jeuner au lever du soleil ou un ap\u00e9ritif en soir\u00e9e, chaque instant devient magique.<\/p>\n<p>Composition de la maison :<br \/>\n<br \/>Une suite parentale avec salle de douche privative<br \/>\n<br \/>Deux chambres avec lits Queen size<br \/>\n<br \/>Une seconde salle de douche \u00e9quip\u00e9e d\u2019un lave-linge<br \/>\n<br \/>Une cuisine enti\u00e8rement \u00e9quip\u00e9e (four, micro-ondes, plaques, frigo&#8230;)<br \/>\n<br \/>Un vaste salon avec espace repas et coin bureau<br \/>\n<br \/>Connexion Wi-Fi, TV \u00e9cran plat, climatisation<\/p>\n<p>Depuis le jardin, acc\u00e9dez directement au lagon, profitez du soleil sur un transat ou simplement admirer le coucher du soleil.<\/p>\n<p>Le petit plus : la maison se situe \u00e0 seulement quelques minutes des commerces, restaurants, et des lieux embl\u00e9matiques de Bora Bora, tout en offrant la qui\u00e9tude d\u2019un quartier r\u00e9sidentiel.<\/p>\n<p>Que vous voyagiez en couple, en famille ou entre amis, Faanui Pearl est l\u2019endroit r\u00eav\u00e9 pour un s\u00e9jour paisible, authentique et m\u00e9morable sur la perle du Pacifique.<\/p>\n","protected":false},"excerpt":{"rendered":"<p>Situ\u00e9 au Nord Ouest de l&rsquo;\u00eele, la maison Faanui Pearl Bora Bora vous invite \u00e0 vivre une exp\u00e9rience polyn\u00e9sienne unique, au plus pr\u00e8s de la nature et du lagon mythique. Spacieuse et \u00e9l\u00e9gamment am\u00e9nag\u00e9e, cette maison de 3 chambres climatis\u00e9es est le parfait \u00e9quilibre entre confort moderne et charme local. D\u00e8s l\u2019entr\u00e9e, vous serez s\u00e9duit [&hellip;]<\/p>\n","protected":false},"featured_media":10054,"comment_status":"open","ping_status":"closed","template":"","meta":{"inline_featured_image":false},"country":[],"product_brand":[],"product_cat":[170],"product_tag":[],"class_list":{"0":"post-10059","1":"product","2":"type-product","3":"status-publish","4":"has-post-thumbnail","6":"product_cat-hebergement","8":"first","9":"instock","10":"shipping-taxable","11":"purchasable","12":"product-type-simple"},"acf":[],"_links":{"self":[{"href":"https:\/\/stayinn.travel\/fr\/wp-json\/wp\/v2\/product\/10059","targetHints":{"allow":["GET"]}}],"collection":[{"href":"https:\/\/stayinn.travel\/fr\/wp-json\/wp\/v2\/product"}],"about":[{"href":"https:\/\/stayinn.travel\/fr\/wp-json\/wp\/v2\/types\/product"}],"replies":[{"embeddable":true,"href":"https:\/\/stayinn.travel\/fr\/wp-json\/wp\/v2\/comments?post=10059"}],"wp:featuredmedia":[{"embeddable":true,"href":"https:\/\/stayinn.travel\/fr\/wp-json\/wp\/v2\/media\/10054"}],"wp:attachment":[{"href":"https:\/\/stayinn.travel\/fr\/wp-json\/wp\/v2\/media?parent=10059"}],"wp:term":[{"taxonomy":"country","embeddable":true,"href":"https:\/\/stayinn.travel\/fr\/wp-json\/wp\/v2\/country?post=10059"},{"taxonomy":"product_brand","embeddable":true,"href":"https:\/\/stayinn.travel\/fr\/wp-json\/wp\/v2\/product_brand?post=10059"},{"taxonomy":"product_cat","embeddable":true,"href":"https:\/\/stayinn.travel\/fr\/wp-json\/wp\/v2\/product_cat?post=10059"},{"taxonomy":"product_tag","embeddable":true,"href":"https:\/\/stayinn.travel\/fr\/wp-json\/wp\/v2\/product_tag?post=10059"}],"curies":[{"name":"wp","href":"https:\/\/api.w.org\/{rel}","templated":true}]}}