{"id":10083,"date":"2025-10-20T15:58:02","date_gmt":"2025-10-20T15:58:02","guid":{"rendered":"https:\/\/stayinn.travel\/product\/tahiti-iti-fare-vaiavaro-teahupoo-2\/"},"modified":"2026-04-16T10:35:43","modified_gmt":"2026-04-16T10:35:43","slug":"tahiti-iti-fare-vaiavaro-teahupoo-2","status":"publish","type":"product","link":"https:\/\/stayinn.travel\/fr\/product\/tahiti-iti-fare-vaiavaro-teahupoo-2\/","title":{"rendered":"TAHITI ITI &#8211; Fare Vaiavaro Teahupoo"},"content":{"rendered":"<p>TAHITI ITI &#8211; FARE VAIAVARO <\/p>\n<p>Vous voici arriv\u00e9 au bout du monde, l\u00e0 o\u00f9 la route s\u2019arr\u00eate et o\u00f9 la nature reprend ses droits. Le Fare Vaiavaro vous accueille dans un cadre idyllique, entre montagnes majestueuses et lagon l\u00e9gendaire, \u00e0 seulement 200m du bout de la route. Ici, tout invite \u00e0 la s\u00e9r\u00e9nit\u00e9 et \u00e0 l\u2019\u00e9vasion.<\/p>\n<p>  Un \u00e9crin de nature et de confort<br \/>\n<br \/>Nich\u00e9e en plein c\u0153ur de la luxuriante vall\u00e9e de Vaiavaro, notre maison neuve est id\u00e9ale pour les amoureux de tranquillit\u00e9, d\u2019aventure et de surf. Que vous soyez en qu\u00eate de sensations fortes sur les vagues mythiques de Teahupoo ou simplement en train de savourer le calme d\u2019un jardin tropical, vous trouverez ici votre havre de paix.<\/p>\n<p>  Le logement<\/p>\n<p>3 chambres spacieuses avec lits King size et petite commode dont 1 climatis\u00e9e<br \/>\n<br \/>1 salle d\u2019eau commune + 1 salle d\u2019eau privative<br \/>\n<br \/>3 WC pour un confort optimal<br \/>\n<br \/>Cuisine enti\u00e8rement \u00e9quip\u00e9e, ouverte sur le salon<br \/>\n<br \/>Grande terrasse couverte, parfaite pour se d\u00e9tendre et admirer la nature environnante<br \/>\n<br \/>  Acc\u00e8s et commodit\u00e9s<\/p>\n<p>Maison situ\u00e9e en bord de route, c\u00f4t\u00e9 montagne<br \/>\n<br \/>Parking couvert pour 2 voitures<br \/>\n<br \/>Grand jardin pour profiter du cadre paisible<\/p>\n<p>  Num\u00e9ro d\u2019enregistrement : 4130DTO-MT<\/p>\n","protected":false},"excerpt":{"rendered":"<p>TAHITI ITI &#8211; FARE VAIAVARO Vous voici arriv\u00e9 au bout du monde, l\u00e0 o\u00f9 la route s\u2019arr\u00eate et o\u00f9 la nature reprend ses droits. Le Fare Vaiavaro vous accueille dans un cadre idyllique, entre montagnes majestueuses et lagon l\u00e9gendaire, \u00e0 seulement 200m du bout de la route. Ici, tout invite \u00e0 la s\u00e9r\u00e9nit\u00e9 et \u00e0 [&hellip;]<\/p>\n","protected":false},"featured_media":10078,"comment_status":"open","ping_status":"closed","template":"","meta":{"inline_featured_image":false},"country":[],"product_brand":[],"product_cat":[170],"product_tag":[],"class_list":{"0":"post-10083","1":"product","2":"type-product","3":"status-publish","4":"has-post-thumbnail","6":"product_cat-hebergement","8":"first","9":"instock","10":"shipping-taxable","11":"purchasable","12":"product-type-simple"},"acf":[],"_links":{"self":[{"href":"https:\/\/stayinn.travel\/fr\/wp-json\/wp\/v2\/product\/10083","targetHints":{"allow":["GET"]}}],"collection":[{"href":"https:\/\/stayinn.travel\/fr\/wp-json\/wp\/v2\/product"}],"about":[{"href":"https:\/\/stayinn.travel\/fr\/wp-json\/wp\/v2\/types\/product"}],"replies":[{"embeddable":true,"href":"https:\/\/stayinn.travel\/fr\/wp-json\/wp\/v2\/comments?post=10083"}],"wp:featuredmedia":[{"embeddable":true,"href":"https:\/\/stayinn.travel\/fr\/wp-json\/wp\/v2\/media\/10078"}],"wp:attachment":[{"href":"https:\/\/stayinn.travel\/fr\/wp-json\/wp\/v2\/media?parent=10083"}],"wp:term":[{"taxonomy":"country","embeddable":true,"href":"https:\/\/stayinn.travel\/fr\/wp-json\/wp\/v2\/country?post=10083"},{"taxonomy":"product_brand","embeddable":true,"href":"https:\/\/stayinn.travel\/fr\/wp-json\/wp\/v2\/product_brand?post=10083"},{"taxonomy":"product_cat","embeddable":true,"href":"https:\/\/stayinn.travel\/fr\/wp-json\/wp\/v2\/product_cat?post=10083"},{"taxonomy":"product_tag","embeddable":true,"href":"https:\/\/stayinn.travel\/fr\/wp-json\/wp\/v2\/product_tag?post=10083"}],"curies":[{"name":"wp","href":"https:\/\/api.w.org\/{rel}","templated":true}]}}