{"id":10131,"date":"2025-10-20T15:58:02","date_gmt":"2025-10-20T15:58:02","guid":{"rendered":"https:\/\/stayinn.travel\/product\/fare-iolana-2\/"},"modified":"2026-04-16T10:35:32","modified_gmt":"2026-04-16T10:35:32","slug":"fare-iolana-2","status":"publish","type":"product","link":"https:\/\/stayinn.travel\/fr\/product\/fare-iolana-2\/","title":{"rendered":"FARE IOLANA"},"content":{"rendered":"<p>C\u2019est au coeur de cette servitude familiale, enti\u00e8rement s\u00e9curis\u00e9e, que nous vous accueillons pour votre s\u00e9jour \u00e0 Punaauia.<\/p>\n<p>Bienvenue au FARE IOLANA, belle maison spacieuse et tr\u00e8s bien \u00e9quip\u00e9e pour passer des moments conviviaux en famille ou entre amis.<\/p>\n<p>Tout a \u00e9t\u00e9 pens\u00e9 et agenc\u00e9 pour que nous ne manquiez de rien <\/p>\n<p>Le grand jardin arbor\u00e9 sera le terrain de jeu des plus jeunes avec en prime un portique et ses balan\u00e7oires.<br \/>\n<br \/>La grande terrasse couverte sera le lieu id\u00e9al pour partager vos repas.<\/p>\n<p>La maison, d\u2019une superficie de 135 m\u00b2, est compos\u00e9e d\u2019une belle cuisine enti\u00e8rement am\u00e9nag\u00e9e donnant sur un vaste salon avec TV.<br \/>\n<br \/>Une pi\u00e8ce avec salle de jeux pour enfants et bureau est \u00e9galement \u00e0 votre disposition.<\/p>\n<p>C\u00f4t\u00e9 couchage, la maison peut accueillir jusqu\u2019\u00e0 8 personnes. Toutes les chambres sont climatis\u00e9es.<br \/>\n<br \/>La chambre parentale est \u00e9quip\u00e9e d\u2019un lit Extra King Size (200&#215;200) et d\u2019une armoire de rangement.<br \/>\n<br \/>La deuxi\u00e8me chambre peut recevoir 4 personnes : 2 lits superpos\u00e9s en 140 x 190<br \/>\n<br \/>Une salle de bain avec douche et WC dessert ces deux chambres.<br \/>\n<br \/>La troisi\u00e8me chambre est situ\u00e9e dans une petite annexe. Elle comprend un lit King Size (180 x 200), un canap\u00e9 et une t\u00e9l\u00e9vision.<br \/>\n<br \/>Une autre salle de bain avec douche et WC est \u00e0 disposition <\/p>\n<p>Pour les tout petits, un lit b\u00e9b\u00e9, une chaise haute, une baignoire sur pied et un parc enfant sont disponibles sur demande.<\/p>\n<p>L\u2019espace buanderie est pr\u00e9vu avec machine \u00e0 laver et s\u00e8che linge.<\/p>\n<p>\u00c9galement \u00e0 votre disposition, tout le mat\u00e9riel de plage : masques, tubas, palmes, brassards pour les petits, frites, seaux, pelles, l\u2019\u00e9quipement complet pour passer de belles journ\u00e9es au bord de l\u2019eau.<\/p>\n<p>Et la cerise sur le g\u00e2teau : un acc\u00e8s priv\u00e9 direct \u00e0 l\u2019une des plus belles plages de sable blanc de Tahiti.<br \/>\n<br \/>Eau cristalline, vue \u00e0 couper le souffle, le bonheur \u00e0 l\u2019\u00e9tat pur. <\/p>\n<p>Le Fare IOALANA  vous promet de bons moments dans un cadre apaisant et magnifique !<br \/>\n<br \/>Coup de c\u0153ur assur\u00e9.<\/p>\n<p>A proximit\u00e9 :<br \/>\n<br \/>\u00e0 20 mn de l\u2019a\u00e9roport international de Faa\u2019a<br \/>\n<br \/>\u00e0 25 mn du centre ville de Papeete<br \/>\n<br \/>\u00e0 30 mn du Quai des Ferrys pour Moorea<br \/>\n<br \/>\u00e0 12 mn du Mus\u00e9e de Tahiti et des \u00celes<br \/>\n<br \/>\u00e0 3 mn de la plage publique Vaiava PK18<br \/>\n<br \/>roulottes et restaurants \u00e0 proximit\u00e9<\/p>\n<p>Toute r\u00e9servation est soumise \u00e0 la pleine acceptation de nos conditions g\u00e9n\u00e9rales de vente qui peuvent \u00eatre consult\u00e9es sur notre site Stayinn.Vacations en cliquant sur les conditions g\u00e9n\u00e9rales de vente.<\/p>\n<p>Num\u00e9ro d&rsquo;enregistrement : 2666 DTO-MT<\/p>\n<p><\/p>\n","protected":false},"excerpt":{"rendered":"<p>C\u2019est au coeur de cette servitude familiale, enti\u00e8rement s\u00e9curis\u00e9e, que nous vous accueillons pour votre s\u00e9jour \u00e0 Punaauia. Bienvenue au FARE IOLANA, belle maison spacieuse et tr\u00e8s bien \u00e9quip\u00e9e pour passer des moments conviviaux en famille ou entre amis. Tout a \u00e9t\u00e9 pens\u00e9 et agenc\u00e9 pour que nous ne manquiez de rien Le grand jardin [&hellip;]<\/p>\n","protected":false},"featured_media":10126,"comment_status":"open","ping_status":"closed","template":"","meta":{"inline_featured_image":false},"country":[],"product_brand":[],"product_cat":[170],"product_tag":[],"class_list":{"0":"post-10131","1":"product","2":"type-product","3":"status-publish","4":"has-post-thumbnail","6":"product_cat-hebergement","8":"first","9":"instock","10":"shipping-taxable","11":"purchasable","12":"product-type-simple"},"acf":[],"_links":{"self":[{"href":"https:\/\/stayinn.travel\/fr\/wp-json\/wp\/v2\/product\/10131","targetHints":{"allow":["GET"]}}],"collection":[{"href":"https:\/\/stayinn.travel\/fr\/wp-json\/wp\/v2\/product"}],"about":[{"href":"https:\/\/stayinn.travel\/fr\/wp-json\/wp\/v2\/types\/product"}],"replies":[{"embeddable":true,"href":"https:\/\/stayinn.travel\/fr\/wp-json\/wp\/v2\/comments?post=10131"}],"wp:featuredmedia":[{"embeddable":true,"href":"https:\/\/stayinn.travel\/fr\/wp-json\/wp\/v2\/media\/10126"}],"wp:attachment":[{"href":"https:\/\/stayinn.travel\/fr\/wp-json\/wp\/v2\/media?parent=10131"}],"wp:term":[{"taxonomy":"country","embeddable":true,"href":"https:\/\/stayinn.travel\/fr\/wp-json\/wp\/v2\/country?post=10131"},{"taxonomy":"product_brand","embeddable":true,"href":"https:\/\/stayinn.travel\/fr\/wp-json\/wp\/v2\/product_brand?post=10131"},{"taxonomy":"product_cat","embeddable":true,"href":"https:\/\/stayinn.travel\/fr\/wp-json\/wp\/v2\/product_cat?post=10131"},{"taxonomy":"product_tag","embeddable":true,"href":"https:\/\/stayinn.travel\/fr\/wp-json\/wp\/v2\/product_tag?post=10131"}],"curies":[{"name":"wp","href":"https:\/\/api.w.org\/{rel}","templated":true}]}}