{"id":10139,"date":"2025-10-20T15:58:02","date_gmt":"2025-10-20T15:58:02","guid":{"rendered":"https:\/\/stayinn.travel\/product\/tahiti-villa-tokai-2\/"},"modified":"2025-10-20T16:09:07","modified_gmt":"2025-10-20T16:09:07","slug":"tahiti-villa-tokai-2","status":"publish","type":"product","link":"https:\/\/stayinn.travel\/fr\/product\/tahiti-villa-tokai-2\/","title":{"rendered":"TAHITI &#8211; VILLA  TOKAI"},"content":{"rendered":"<p>Bienvenue dans cette magnifique maison de vacances situ\u00e9e sur la presqu&rsquo;ile de Tahiti, du c\u00f4t\u00e9 de Afaahiti.<br \/>\n<br \/>Parfaite pour les familles et les groupes d&rsquo;amis, cette propri\u00e9t\u00e9 en bord de mer offre tout le confort n\u00e9cessaire pour des vacances inoubliables.<\/p>\n<p>La maison dispose de 4 chambres spacieuses, dont 3 avec des lits king size et 1 avec des lits individuels, pouvant accueillir jusqu&rsquo;\u00e0 8 personnes. Les 2 salles de bain, avec douche et toilettes, vous garantissent intimit\u00e9 et commodit\u00e9.<\/p>\n<p>La cuisine am\u00e9ricaine, \u00e9quip\u00e9e de tous les appareils essentiels (r\u00e9frig\u00e9rateur, lave-linge, four, micro-ondes, cafeti\u00e8re, grille-pain, bouilloire), vous permettra de pr\u00e9parer de d\u00e9licieux repas en famille ou entre amis. Vous pourrez \u00e9galement profiter des ustensiles de cuisine et de la vaisselle mis \u00e0 votre disposition.<\/p>\n<p>Pour votre confort, la maison est enti\u00e8rement climatis\u00e9e.<br \/>\n<br \/>Le wifi est \u00e9galement accessible dans toute la propri\u00e9t\u00e9, id\u00e9al pour des s\u00e9jours professionnels ou du t\u00e9l\u00e9travail.<\/p>\n<p>Un espace buanderie avec lave linge et s\u00e8che linge est disponible \u00e0 l&rsquo;arri\u00e8re de la maison.<\/p>\n<p>\u00c0 l&rsquo;ext\u00e9rieur, vous pourrez vous d\u00e9tendre dans le magnifique jardin cl\u00f4tur\u00e9, am\u00e9nag\u00e9 avec du mobilier de jardin. La terrasse vous offrira un espace id\u00e9al pour vos repas en plein air ou vos moments de d\u00e9tente.<br \/>\n<br \/>Un barbecue est \u00e9galement disponible au sein de la propri\u00e9t\u00e9.<\/p>\n<p>Vous aurez un acc\u00e8s direct au lagon, o\u00f9 le bain sera praticable.<br \/>\n<br \/>Les kayaks mis \u00e0 disposition vous permettront de partir explorer les alentours pour de simples balades ou pour des sessions snorkeling.<\/p>\n<p>Cette propri\u00e9t\u00e9 est id\u00e9ale pour des vacances en famille ou entre amis, pour un week-end reposant loin des tumultes de la ville, dans un cadre verdoyant et paisible. <\/p>\n<p>A proximit\u00e9 :<br \/>\n<br \/>&#8211; Plage publique \u00e0 200 m<br \/>\n<br \/>&#8211; Boulangerie Afaahiti et LS Proxi  \u00e0 6 mn<br \/>\n<br \/>&#8211; Carrefour Taravao \u00e0 10 mn<br \/>\n<br \/>&#8211; Belv\u00e9d\u00e8re de Taravao \u00e0 20 mn<br \/>\n<br \/>&#8211; Teahupoo \u00e0 moins de 30 mn<br \/>\n<br \/>Nombreuses excursions et randonn\u00e9es aux alentours<\/p>\n<p>N&rsquo;h\u00e9sitez pas \u00e0 nous contacter pour r\u00e9server votre s\u00e9jour inoubliable !<\/p>\n<p>Toute r\u00e9servation est soumise obligatoirement \u00e0 l&rsquo;acceptation sans restrictions de nos conditions g\u00e9n\u00e9rales de vente visible sur notre site Stayinn.Vacations en cliquant sur les conditions g\u00e9n\u00e9rales.<\/p>\n","protected":false},"excerpt":{"rendered":"<p>Bienvenue dans cette magnifique maison de vacances situ\u00e9e sur la presqu&rsquo;ile de Tahiti, du c\u00f4t\u00e9 de Afaahiti. Parfaite pour les familles et les groupes d&rsquo;amis, cette propri\u00e9t\u00e9 en bord de mer offre tout le confort n\u00e9cessaire pour des vacances inoubliables. La maison dispose de 4 chambres spacieuses, dont 3 avec des lits king size et [&hellip;]<\/p>\n","protected":false},"featured_media":10134,"comment_status":"open","ping_status":"closed","template":"","meta":{"inline_featured_image":false},"country":[],"product_brand":[],"product_cat":[170],"product_tag":[],"class_list":{"0":"post-10139","1":"product","2":"type-product","3":"status-publish","4":"has-post-thumbnail","6":"product_cat-hebergement","8":"first","9":"instock","10":"shipping-taxable","11":"purchasable","12":"product-type-simple"},"acf":[],"_links":{"self":[{"href":"https:\/\/stayinn.travel\/fr\/wp-json\/wp\/v2\/product\/10139","targetHints":{"allow":["GET"]}}],"collection":[{"href":"https:\/\/stayinn.travel\/fr\/wp-json\/wp\/v2\/product"}],"about":[{"href":"https:\/\/stayinn.travel\/fr\/wp-json\/wp\/v2\/types\/product"}],"replies":[{"embeddable":true,"href":"https:\/\/stayinn.travel\/fr\/wp-json\/wp\/v2\/comments?post=10139"}],"wp:featuredmedia":[{"embeddable":true,"href":"https:\/\/stayinn.travel\/fr\/wp-json\/wp\/v2\/media\/10134"}],"wp:attachment":[{"href":"https:\/\/stayinn.travel\/fr\/wp-json\/wp\/v2\/media?parent=10139"}],"wp:term":[{"taxonomy":"country","embeddable":true,"href":"https:\/\/stayinn.travel\/fr\/wp-json\/wp\/v2\/country?post=10139"},{"taxonomy":"product_brand","embeddable":true,"href":"https:\/\/stayinn.travel\/fr\/wp-json\/wp\/v2\/product_brand?post=10139"},{"taxonomy":"product_cat","embeddable":true,"href":"https:\/\/stayinn.travel\/fr\/wp-json\/wp\/v2\/product_cat?post=10139"},{"taxonomy":"product_tag","embeddable":true,"href":"https:\/\/stayinn.travel\/fr\/wp-json\/wp\/v2\/product_tag?post=10139"}],"curies":[{"name":"wp","href":"https:\/\/api.w.org\/{rel}","templated":true}]}}