{"id":10155,"date":"2025-10-20T15:58:02","date_gmt":"2025-10-20T15:58:02","guid":{"rendered":"https:\/\/stayinn.travel\/product\/huahine-ninamu-pool-full-house-voiture\/"},"modified":"2025-10-20T16:09:07","modified_gmt":"2025-10-20T16:09:07","slug":"huahine-ninamu-pool-full-house-voiture","status":"publish","type":"product","link":"https:\/\/stayinn.travel\/fr\/product\/huahine-ninamu-pool-full-house-voiture\/","title":{"rendered":"HUAHINE &#8211; Ninamu Pool Full House + voiture"},"content":{"rendered":"<p>HUAHINE &#8211; Ninamu Pool Full House + voiture<br \/>\n<br \/>Souvent appel\u00e9e \u00ab l\u2019\u00eele secr\u00e8te \u00bb, \u00ab l\u2019\u00eele authentique \u00bb ou encore \u00ab La sauvage \u00bb, vous fera d\u00e9couvrir La Polyn\u00e9sie d\u2019antan. L\u2019\u00eele vous offrira des paysages sublimes, une exp\u00e9rience de vie et d\u2019ambiance typiquement polyn\u00e9sienne. Elle vous d\u00e9voilera sa beaut\u00e9 \u00e0 couper le souffle, ses habitants accueillants et, des aventures passionnantes.<\/p>\n<p>Ninamu Full House + voiture se situe sur la barri\u00e8re de corail, non loin de l\u2019a\u00e9roport et du village principal de Fare. A seulement 100 m\u00e8tres de votre maison profitez du r\u00e9cif et ses kilom\u00e8tres de plage sauvage.<br \/>\n<br \/>Vous s\u00e9journerez dans les deux maisons jumel\u00e9es de la propri\u00e9t\u00e9. Chaque fare \u00e0 une superficie de 90m\u00b2 et peut accueillir jusqu&rsquo;\u00e0 5 personnes, soit 10 personnes en tout.<\/p>\n<p>A votre disposition, 4 chambres avec lit double situ\u00e9es \u00e0 l&rsquo;\u00e9tage. Deux salons chacun \u00e9quip\u00e9 d\u2019un canap\u00e9, 2 fauteuils et une t\u00e9l\u00e9vision \u00e0 \u00e9cran plat. Aussi un coin nuit avec lit double y est am\u00e9nag\u00e9. Au rez de chauss\u00e9e vous trouverez la salle d&rsquo;eau, 1 toilette suppl\u00e9mentaire, et une cuisine enti\u00e8rement \u00e9quip\u00e9e. La terrasse donnant sur la piscine sera votre endroit pr\u00e9f\u00e9r\u00e9 pour vos repas et vos moments de d\u00e9tente en famille ou entre amis.<\/p>\n<p>Les plus de cet h\u00e9bergement :<br \/>\n<br \/>*2 Voitures gratuites de 5 places \u00e0 disposition<br \/>\n<br \/>*Lit b\u00e9b\u00e9 disponible sur demande gratuitement<br \/>\n<br \/>*Acc\u00e8s libre \u00e0 la piscine. Attention: la piscine est partag\u00e9e avec les autres locataires de la propri\u00e9t\u00e9. (piscine communautaire)<br \/>\n<br \/>*Transfert a\u00e9roport gratuit<br \/>\n<br \/>*R\u00e9cif \u00e0 100 m\u00e8tres<br \/>\n<br \/>*Village et commodit\u00e9s (supermarch\u00e9, march\u00e9, poste, pharmacie\u2026) \u00e0 7 minutes en voiture<\/p>\n<p>Toute r\u00e9servation est soumise obligatoirement \u00e0 l&rsquo;acceptation sans restriction de nos conditions g\u00e9n\u00e9rales de vente visible sur notre site Stayinn.Vacations en cliquant sur les conditions g\u00e9n\u00e9rales.<\/p>\n<p>Num\u00e9ro TAHITI : 738534<\/p>\n","protected":false},"excerpt":{"rendered":"<p>HUAHINE &#8211; Ninamu Pool Full House + voiture Souvent appel\u00e9e \u00ab l\u2019\u00eele secr\u00e8te \u00bb, \u00ab l\u2019\u00eele authentique \u00bb ou encore \u00ab La sauvage \u00bb, vous fera d\u00e9couvrir La Polyn\u00e9sie d\u2019antan. L\u2019\u00eele vous offrira des paysages sublimes, une exp\u00e9rience de vie et d\u2019ambiance typiquement polyn\u00e9sienne. Elle vous d\u00e9voilera sa beaut\u00e9 \u00e0 couper le souffle, ses habitants [&hellip;]<\/p>\n","protected":false},"featured_media":10150,"comment_status":"open","ping_status":"closed","template":"","meta":{"inline_featured_image":false},"country":[],"product_brand":[],"product_cat":[170],"product_tag":[],"class_list":{"0":"post-10155","1":"product","2":"type-product","3":"status-publish","4":"has-post-thumbnail","6":"product_cat-hebergement","8":"first","9":"instock","10":"shipping-taxable","11":"purchasable","12":"product-type-simple"},"acf":[],"_links":{"self":[{"href":"https:\/\/stayinn.travel\/fr\/wp-json\/wp\/v2\/product\/10155","targetHints":{"allow":["GET"]}}],"collection":[{"href":"https:\/\/stayinn.travel\/fr\/wp-json\/wp\/v2\/product"}],"about":[{"href":"https:\/\/stayinn.travel\/fr\/wp-json\/wp\/v2\/types\/product"}],"replies":[{"embeddable":true,"href":"https:\/\/stayinn.travel\/fr\/wp-json\/wp\/v2\/comments?post=10155"}],"wp:featuredmedia":[{"embeddable":true,"href":"https:\/\/stayinn.travel\/fr\/wp-json\/wp\/v2\/media\/10150"}],"wp:attachment":[{"href":"https:\/\/stayinn.travel\/fr\/wp-json\/wp\/v2\/media?parent=10155"}],"wp:term":[{"taxonomy":"country","embeddable":true,"href":"https:\/\/stayinn.travel\/fr\/wp-json\/wp\/v2\/country?post=10155"},{"taxonomy":"product_brand","embeddable":true,"href":"https:\/\/stayinn.travel\/fr\/wp-json\/wp\/v2\/product_brand?post=10155"},{"taxonomy":"product_cat","embeddable":true,"href":"https:\/\/stayinn.travel\/fr\/wp-json\/wp\/v2\/product_cat?post=10155"},{"taxonomy":"product_tag","embeddable":true,"href":"https:\/\/stayinn.travel\/fr\/wp-json\/wp\/v2\/product_tag?post=10155"}],"curies":[{"name":"wp","href":"https:\/\/api.w.org\/{rel}","templated":true}]}}