{"id":10179,"date":"2025-10-20T15:58:02","date_gmt":"2025-10-20T15:58:02","guid":{"rendered":"https:\/\/stayinn.travel\/product\/moorea-fare-ahiata-2\/"},"modified":"2026-04-16T10:35:33","modified_gmt":"2026-04-16T10:35:33","slug":"moorea-fare-ahiata-2","status":"publish","type":"product","link":"https:\/\/stayinn.travel\/fr\/product\/moorea-fare-ahiata-2\/","title":{"rendered":"MOOREA &#8211; FARE AHIATA"},"content":{"rendered":"<p>D\u00e9couvrez votre havre de paix en bord de mer !<br \/>\n<br \/>Offrez-vous une escapade inoubliable dans cette belle maison avec plage priv\u00e9e, parfaite pour des moments privil\u00e9gi\u00e9s en famille ou entre amis. Pouvant accueillir jusqu&rsquo;\u00e0 15 personnes, elle vous promet d\u00e9tente et confort dans un cadre idyllique.<\/p>\n<p>Avec ses vastes ext\u00e9rieurs, 2 terrasses couvertes offrant une vue imprenable sur la mer, et un barbecue pour des soir\u00e9es conviviales, vous profiterez pleinement de la douceur de vivre. Loin du bruit, dans un calme absolu, c\u2019est l\u2019endroit r\u00eav\u00e9 pour se ressourcer.<\/p>\n<p>La pi\u00e8ce principale se compose d&rsquo;une cuisine ouverte sur la salle \u00e0 manger. L&rsquo;espace salon, compos\u00e9 de 2 canap\u00e9s convertibles, d&rsquo;une t\u00e9l\u00e9vision et d&rsquo;une petite table de s\u00e9jour  est situ\u00e9 en premi\u00e8re ligne avec une vue imprenable sur le lagon. <\/p>\n<p>La salle d&rsquo;eau avec douche et wc est situ\u00e9e en rez de chauss\u00e9e.<br \/>\n<br \/>Une machine \u00e0 laver est \u00e0 votre disposition.<\/p>\n<p>Le couchage pourra se faire sur les 2 canap\u00e9s lits du salon, ou \u00e0 l&rsquo;\u00e9tage  dans le dortoir o\u00f9 sont dispos\u00e9s des matelas au sol permettant le couchage de 13 personnes. Des ventilateurs sont pr\u00e9vus pour votre confort.<\/p>\n<p>Des kayaks sont \u00e0 votre disposition pour partir explorer le lagon directement de la plage priv\u00e9e ou pour vos sorties snorkeling.<\/p>\n<p>Situ\u00e9e \u00e0 deux pas du quai des ferrys et proche de toutes les commodit\u00e9s, cette maison est \u00e9galement le point de d\u00e9part id\u00e9al pour explorer l&rsquo;ile.<br \/>\n<br \/>\u00c0 votre arriv\u00e9e, vous serez chaleureusement accueillis par la ma\u00eetresse de maison, qui saura vous faire d\u00e9couvrir la magie d\u2019une ambiance polyn\u00e9sienne.<\/p>\n<p>Venez cr\u00e9er des souvenirs uniques dans ce petit coin de paradis o\u00f9 la d\u00e9tente est garantie !<\/p>\n<p>Toute r\u00e9servation est soumise obligatoirement \u00e0 l&rsquo;acceptation sans restriction de nos conditions g\u00e9n\u00e9rales de vente visible sur notre site Stayinn.Vacations en cliquant sur les conditions g\u00e9n\u00e9rales.<\/p>\n<p>Num\u00e9ro d&rsquo;enregistrement : 1259DTO-MT<\/p>\n","protected":false},"excerpt":{"rendered":"<p>D\u00e9couvrez votre havre de paix en bord de mer ! Offrez-vous une escapade inoubliable dans cette belle maison avec plage priv\u00e9e, parfaite pour des moments privil\u00e9gi\u00e9s en famille ou entre amis. Pouvant accueillir jusqu&rsquo;\u00e0 15 personnes, elle vous promet d\u00e9tente et confort dans un cadre idyllique. Avec ses vastes ext\u00e9rieurs, 2 terrasses couvertes offrant une [&hellip;]<\/p>\n","protected":false},"featured_media":10174,"comment_status":"open","ping_status":"closed","template":"","meta":{"inline_featured_image":false},"country":[],"product_brand":[],"product_cat":[170],"product_tag":[],"class_list":{"0":"post-10179","1":"product","2":"type-product","3":"status-publish","4":"has-post-thumbnail","6":"product_cat-hebergement","8":"first","9":"instock","10":"shipping-taxable","11":"purchasable","12":"product-type-simple"},"acf":[],"_links":{"self":[{"href":"https:\/\/stayinn.travel\/fr\/wp-json\/wp\/v2\/product\/10179","targetHints":{"allow":["GET"]}}],"collection":[{"href":"https:\/\/stayinn.travel\/fr\/wp-json\/wp\/v2\/product"}],"about":[{"href":"https:\/\/stayinn.travel\/fr\/wp-json\/wp\/v2\/types\/product"}],"replies":[{"embeddable":true,"href":"https:\/\/stayinn.travel\/fr\/wp-json\/wp\/v2\/comments?post=10179"}],"wp:featuredmedia":[{"embeddable":true,"href":"https:\/\/stayinn.travel\/fr\/wp-json\/wp\/v2\/media\/10174"}],"wp:attachment":[{"href":"https:\/\/stayinn.travel\/fr\/wp-json\/wp\/v2\/media?parent=10179"}],"wp:term":[{"taxonomy":"country","embeddable":true,"href":"https:\/\/stayinn.travel\/fr\/wp-json\/wp\/v2\/country?post=10179"},{"taxonomy":"product_brand","embeddable":true,"href":"https:\/\/stayinn.travel\/fr\/wp-json\/wp\/v2\/product_brand?post=10179"},{"taxonomy":"product_cat","embeddable":true,"href":"https:\/\/stayinn.travel\/fr\/wp-json\/wp\/v2\/product_cat?post=10179"},{"taxonomy":"product_tag","embeddable":true,"href":"https:\/\/stayinn.travel\/fr\/wp-json\/wp\/v2\/product_tag?post=10179"}],"curies":[{"name":"wp","href":"https:\/\/api.w.org\/{rel}","templated":true}]}}