{"id":10323,"date":"2025-10-20T15:58:03","date_gmt":"2025-10-20T15:58:03","guid":{"rendered":"https:\/\/stayinn.travel\/product\/tahiti-iti-bungalow-tevai-2\/"},"modified":"2026-04-16T10:35:42","modified_gmt":"2026-04-16T10:35:42","slug":"tahiti-iti-bungalow-tevai-2","status":"publish","type":"product","link":"https:\/\/stayinn.travel\/fr\/product\/tahiti-iti-bungalow-tevai-2\/","title":{"rendered":"TAHITI ITI &#8211; Bungalow TEVAI"},"content":{"rendered":"<p>Bungalow Tevai &#8211; Teahupo&rsquo;o<\/p>\n<p>\u00c9vadez-vous \u00e0 Teahupo&rsquo;o , situ\u00e9 sur un terrain partag\u00e9 avec deux autres bungalows, le Bungalow Tevai vous offre tout le confort d\u2019une maison, tout en profitant de l\u2019intimit\u00e9 et de la tranquillit\u00e9 de Teahupo&rsquo;o.<br \/>\n<br \/> Il d&rsquo;un lit king-size, d&rsquo;un canap\u00e9 convertible et d&rsquo;un lit simple, parfait pour une famille ou un groupe d&rsquo;amis. La salle de bain moderne et la cuisine enti\u00e8rement \u00e9quip\u00e9e ajoutent \u00e0 la praticit\u00e9 de votre s\u00e9jour.<\/p>\n<p>D\u00e9tendez-vous sur la terrasse couverte avec vue sur l&rsquo;oc\u00e9an, id\u00e9ale pour des repas en plein air ou pour profiter du paysage exceptionnel.<\/p>\n<p>Le Bungalow Tevai est l\u2019endroit parfait pour des vacances relaxantes \u00e0 Teahupo&rsquo;o, entre confort moderne et beaut\u00e9 naturelle, tout en \u00e9tant \u00e0 proximit\u00e9 d\u2019autres bungalows sur le m\u00eame terrain pour une ambiance conviviale.<\/p>\n<p>Points forts :<br \/>\n<br \/>-Vue sur l&rsquo;oc\u00e9an depuis la terrasse<br \/>\n<br \/>-Cuisine enti\u00e8rement \u00e9quip\u00e9e et salle de bain moderne<br \/>\n<br \/>-Barbecue et machine \u00e0 laver pour plus de commodit\u00e9<\/p>\n<p>R\u00e9servez d\u00e8s maintenant votre s\u00e9jour au Bungalow Tevai et plongez dans l\u2019exp\u00e9rience unique de Teahupo&rsquo;o, tout en profitant d\u2019un cadre \u00e0 la fois priv\u00e9 et convivial.<\/p>\n<p>R\u00e8gles de la maison<br \/>\n<br \/>Interdiction de fumer \u00e0 l\u2019int\u00e9rieur.<br \/>\n<br \/>Les animaux ne sont pas admis.<br \/>\n<br \/>Les f\u00eates et rassemblements sont strictement interdits pour pr\u00e9server la tranquillit\u00e9 des lieux.<\/p>\n<p>3802DTO-MT<\/p>\n","protected":false},"excerpt":{"rendered":"<p>Bungalow Tevai &#8211; Teahupo&rsquo;o \u00c9vadez-vous \u00e0 Teahupo&rsquo;o , situ\u00e9 sur un terrain partag\u00e9 avec deux autres bungalows, le Bungalow Tevai vous offre tout le confort d\u2019une maison, tout en profitant de l\u2019intimit\u00e9 et de la tranquillit\u00e9 de Teahupo&rsquo;o. Il d&rsquo;un lit king-size, d&rsquo;un canap\u00e9 convertible et d&rsquo;un lit simple, parfait pour une famille ou un [&hellip;]<\/p>\n","protected":false},"featured_media":10318,"comment_status":"open","ping_status":"closed","template":"","meta":{"inline_featured_image":false},"country":[],"product_brand":[],"product_cat":[170],"product_tag":[],"class_list":{"0":"post-10323","1":"product","2":"type-product","3":"status-publish","4":"has-post-thumbnail","6":"product_cat-hebergement","8":"first","9":"instock","10":"shipping-taxable","11":"purchasable","12":"product-type-simple"},"acf":[],"_links":{"self":[{"href":"https:\/\/stayinn.travel\/fr\/wp-json\/wp\/v2\/product\/10323","targetHints":{"allow":["GET"]}}],"collection":[{"href":"https:\/\/stayinn.travel\/fr\/wp-json\/wp\/v2\/product"}],"about":[{"href":"https:\/\/stayinn.travel\/fr\/wp-json\/wp\/v2\/types\/product"}],"replies":[{"embeddable":true,"href":"https:\/\/stayinn.travel\/fr\/wp-json\/wp\/v2\/comments?post=10323"}],"wp:featuredmedia":[{"embeddable":true,"href":"https:\/\/stayinn.travel\/fr\/wp-json\/wp\/v2\/media\/10318"}],"wp:attachment":[{"href":"https:\/\/stayinn.travel\/fr\/wp-json\/wp\/v2\/media?parent=10323"}],"wp:term":[{"taxonomy":"country","embeddable":true,"href":"https:\/\/stayinn.travel\/fr\/wp-json\/wp\/v2\/country?post=10323"},{"taxonomy":"product_brand","embeddable":true,"href":"https:\/\/stayinn.travel\/fr\/wp-json\/wp\/v2\/product_brand?post=10323"},{"taxonomy":"product_cat","embeddable":true,"href":"https:\/\/stayinn.travel\/fr\/wp-json\/wp\/v2\/product_cat?post=10323"},{"taxonomy":"product_tag","embeddable":true,"href":"https:\/\/stayinn.travel\/fr\/wp-json\/wp\/v2\/product_tag?post=10323"}],"curies":[{"name":"wp","href":"https:\/\/api.w.org\/{rel}","templated":true}]}}