{"id":10427,"date":"2025-10-20T15:58:04","date_gmt":"2025-10-20T15:58:04","guid":{"rendered":"https:\/\/stayinn.travel\/product\/huahine-bungalow-arii-breakfast-3-2\/"},"modified":"2025-10-20T16:09:17","modified_gmt":"2025-10-20T16:09:17","slug":"huahine-bungalow-arii-breakfast-3-2","status":"publish","type":"product","link":"https:\/\/stayinn.travel\/fr\/product\/huahine-bungalow-arii-breakfast-3-2\/","title":{"rendered":"HUAHINE &#8211; Bungalow Arii &#038; Breakfast 3"},"content":{"rendered":"<p>Bienvenue au Bungalow Arii Pool &#038; Breakfast 3<\/p>\n<p>Plongez dans l\u2019authenticit\u00e9 polyn\u00e9sienne en s\u00e9journant \u00e0 Huahine, l\u2019une des \u00eeles les plus pr\u00e9serv\u00e9es de l\u2019archipel. Surnomm\u00e9e \u00ab l\u2019\u00eele de la femme \u00bb, Huahine est un v\u00e9ritable joyau naturel, compos\u00e9e de deux parties reli\u00e9es par un pont : Huahine Nui et Huahine Iti. Ici, le temps semble suspendu entre lagons turquoise, plages de sable blanc, montagnes verdoyantes et traditions vivantes. Loin des grands complexes touristiques, l\u2019\u00eele s\u00e9duit par son ambiance paisible, ses marae (sites sacr\u00e9s) empreints d\u2019histoire, et ses villages authentiques o\u00f9 le mode de vie polyn\u00e9sien perdure.<\/p>\n<p>C\u2019est au c\u0153ur de ce d\u00e9cor enchanteur que vous d\u00e9couvrirez le Bungalow Arii Pool &#038; Breakfast, nich\u00e9 dans une petite pension intimiste entour\u00e9e de nature luxuriante. La propri\u00e9t\u00e9 dispose de 3 bungalows ind\u00e9pendants et 2 chambres d\u2019h\u00f4tes, avec une jolie piscine partag\u00e9e id\u00e9ale pour se rafra\u00eechir et se d\u00e9tendre.<\/p>\n<p>Le Bungalow Arii peut accueillir jusqu\u2019\u00e0 3 personnes avec un lit double et un lit simple, \u00e9quip\u00e9 d\u2019un ventilateur pour un confort optimal. Il comprend \u00e9galement une salle de bain priv\u00e9e avec douche, toilettes, et serviettes de bain fournies. Un changement de linge de lit et de serviettes est pr\u00e9vu tous les 3 jours pour votre bien-\u00eatre.<\/p>\n<p>Vous pourrez profiter d\u2019une kitchenette \u00e9quip\u00e9e (r\u00e9frig\u00e9rateur, plaque de cuisson, cafeti\u00e8re, bouilloire), parfaite pour vos repas en toute autonomie. Des espaces communs sont \u00e0 disposition, dont une cuisine ext\u00e9rieure pour les chambres d\u2019h\u00f4tes et bien s\u00fbr, la piscine.<\/p>\n<p>\u00c0 seulement 200 m\u00e8tres, un acc\u00e8s direct vous m\u00e8nera \u00e0 une magnifique plage de sable blanc \u2014 l\u2019endroit r\u00eav\u00e9 pour admirer le coucher de soleil ou simplement se relaxer en fin de journ\u00e9e.<\/p>\n<p>En option, savourez un d\u00e9licieux petit-d\u00e9jeuner continental servi sur place pour bien d\u00e9marrer la journ\u00e9e.<\/p>\n<p>Les essentiels de votre s\u00e9jour :<\/p>\n<p>-Piscine partag\u00e9e<br \/>\n<br \/>-Plage accessible \u00e0 pied \u00e0 200 m<br \/>\n<br \/>-\u00c0 seulement 500 m du centre-ville de Fare<br \/>\n<br \/>-Linge de lit fourni, machine \u00e0 laver \u00e0 disposition<br \/>\n<br \/>-Wifi illimit\u00e9<br \/>\n<br \/>-Petit-d\u00e9jeuner continental en suppl\u00e9ment<br \/>\n<br \/>-Transferts a\u00e9roport et location de v\u00e9hicule sur demande (en suppl\u00e9ment)<br \/>\n<br \/>-Animaux accept\u00e9s (sur demande pr\u00e9alable)<\/p>\n<p>Toute r\u00e9servation implique l\u2019acceptation de nos conditions g\u00e9n\u00e9rales de vente, consultables sur notre site Stayinn.Vacations dans la rubrique d\u00e9di\u00e9e.<\/p>\n<p>Num\u00e9ro d&rsquo;enregistrement : 568519<\/p>\n","protected":false},"excerpt":{"rendered":"<p>Bienvenue au Bungalow Arii Pool &#038; Breakfast 3 Plongez dans l\u2019authenticit\u00e9 polyn\u00e9sienne en s\u00e9journant \u00e0 Huahine, l\u2019une des \u00eeles les plus pr\u00e9serv\u00e9es de l\u2019archipel. Surnomm\u00e9e \u00ab l\u2019\u00eele de la femme \u00bb, Huahine est un v\u00e9ritable joyau naturel, compos\u00e9e de deux parties reli\u00e9es par un pont : Huahine Nui et Huahine Iti. Ici, le temps semble [&hellip;]<\/p>\n","protected":false},"featured_media":10422,"comment_status":"open","ping_status":"closed","template":"","meta":{"inline_featured_image":false},"country":[],"product_brand":[],"product_cat":[170],"product_tag":[],"class_list":{"0":"post-10427","1":"product","2":"type-product","3":"status-publish","4":"has-post-thumbnail","6":"product_cat-hebergement","8":"first","9":"instock","10":"shipping-taxable","11":"purchasable","12":"product-type-simple"},"acf":[],"_links":{"self":[{"href":"https:\/\/stayinn.travel\/fr\/wp-json\/wp\/v2\/product\/10427","targetHints":{"allow":["GET"]}}],"collection":[{"href":"https:\/\/stayinn.travel\/fr\/wp-json\/wp\/v2\/product"}],"about":[{"href":"https:\/\/stayinn.travel\/fr\/wp-json\/wp\/v2\/types\/product"}],"replies":[{"embeddable":true,"href":"https:\/\/stayinn.travel\/fr\/wp-json\/wp\/v2\/comments?post=10427"}],"wp:featuredmedia":[{"embeddable":true,"href":"https:\/\/stayinn.travel\/fr\/wp-json\/wp\/v2\/media\/10422"}],"wp:attachment":[{"href":"https:\/\/stayinn.travel\/fr\/wp-json\/wp\/v2\/media?parent=10427"}],"wp:term":[{"taxonomy":"country","embeddable":true,"href":"https:\/\/stayinn.travel\/fr\/wp-json\/wp\/v2\/country?post=10427"},{"taxonomy":"product_brand","embeddable":true,"href":"https:\/\/stayinn.travel\/fr\/wp-json\/wp\/v2\/product_brand?post=10427"},{"taxonomy":"product_cat","embeddable":true,"href":"https:\/\/stayinn.travel\/fr\/wp-json\/wp\/v2\/product_cat?post=10427"},{"taxonomy":"product_tag","embeddable":true,"href":"https:\/\/stayinn.travel\/fr\/wp-json\/wp\/v2\/product_tag?post=10427"}],"curies":[{"name":"wp","href":"https:\/\/api.w.org\/{rel}","templated":true}]}}