{"id":10659,"date":"2025-10-20T15:58:06","date_gmt":"2025-10-20T15:58:06","guid":{"rendered":"https:\/\/stayinn.travel\/product\/moorea-fare-taina-dream-2\/"},"modified":"2026-04-16T10:34:46","modified_gmt":"2026-04-16T10:34:46","slug":"moorea-fare-taina-dream-2","status":"publish","type":"product","link":"https:\/\/stayinn.travel\/fr\/product\/moorea-fare-taina-dream-2\/","title":{"rendered":"MOOREA &#8211; Fare Taina Dream"},"content":{"rendered":"<p>MOOREA &#8211; Fare Taina Dream<br \/>\n<br \/>S\u00e9journer au Fare Taina Dream c\u2019est faire l\u2019exp\u00e9rience typique de la Polyn\u00e9sie en famille ou entre amis. En langue Tahitienne le mot \u00abFare\u00bb signifie \u00abmaison\u00bb.<\/p>\n<p>Ce joli h\u00e9bergement aux ambiances locales est nich\u00e9 au sein d\u2019un beau jardin tropical au c\u0153ur d\u2019une propri\u00e9t\u00e9 priv\u00e9e, avec un acc\u00e8s direct et priv\u00e9 \u00e0 la c\u00e9l\u00e8bre plage des Tipaniers.<\/p>\n<p>La plage des Tipaniers est r\u00e9put\u00e9e pour \u00eatre la plus belle de l\u2019\u00eele de Moorea. Natation, kayak, snorkeling, observation des raies et requins et parfois m\u00eame des baleines \u00e0 bosse (de juillet \u00e0 novembre), saura vous combler de souvenirs et d\u2019\u00e9motions inoubliables. Pensez \u00e0 prendre vos masques et vos tubas pour partir \u00e0 la d\u00e9couverte de la faune et la flore aquatique.<\/p>\n<p>Le Fare se compose de 2 chambres confortables et climatis\u00e9es, et de 2 salles de bain. Le s\u00e9jour, poss\u00e8de une t\u00e9l\u00e9vision \u00e9cran plat, d\u2019o\u00f9 vous pourrez suivre ou d\u00e9couvrir les programmes Polyn\u00e9sien et fran\u00e7ais. Cette pi\u00e8ce, peut \u00e9galement accueillir 2 personnes suppl\u00e9mentaires, gr\u00e2ce \u00e0 ses 2 canap\u00e9s lits simples. La cuisine, est enti\u00e8rement \u00e9quip\u00e9e et fonctionnelle, afin de pr\u00e9parer des d\u00eeners Top Chef et ainsi, ravir les papilles de vos proches avec les produits frais de l\u2019\u00eele. La terrasse, sera votre endroit pr\u00e9f\u00e9r\u00e9. Celle-ci est am\u00e9nag\u00e9e et meubl\u00e9e pour y prendre vos repas, ou tout simplement vous d\u00e9tendre en sirotant un petit cocktail. <\/p>\n<p>Dans le district de Tiahura vous trouverez toutes les commodit\u00e9s : magasin d\u2019appoint, restaurants (Le No Stress ou le Cocodile) et roulottes (Le l\u00e9zard Jaune), centre nautique et d\u2019activit\u00e9s (location v\u00e9los et de mat\u00e9riel nautique)\u2026 impossible de s\u2019ennuyer \u00e0 cet endroit connu pour \u00eatre le plus enchanteur et dynamique.<\/p>\n<p>De nombreux sites touristiques sont accessibles par la route comme: les Marae (temple ancien polyn\u00e9sien), le Belv\u00e9d\u00e8re, les 2 baies principales (la baie d\u2019Opunohu et la baie de Cook), Manutea Tahiti Rotui (d\u00e9gustation possible de jus frais locaux et de liqueurs)\u2026 <\/p>\n<p>Toute r\u00e9servation est soumise obligatoirement \u00e0 l&rsquo;acceptation sans restrictions de nos conditions g\u00e9n\u00e9rales de vente visible sur notre site Stayinn.Vacations en cliquant sur les conditions generales.<\/p>\n<p>Num\u00e9ro d&rsquo;enregistrement : 1379DTO-MT<\/p>\n","protected":false},"excerpt":{"rendered":"<p>MOOREA &#8211; Fare Taina Dream S\u00e9journer au Fare Taina Dream c\u2019est faire l\u2019exp\u00e9rience typique de la Polyn\u00e9sie en famille ou entre amis. En langue Tahitienne le mot \u00abFare\u00bb signifie \u00abmaison\u00bb. Ce joli h\u00e9bergement aux ambiances locales est nich\u00e9 au sein d\u2019un beau jardin tropical au c\u0153ur d\u2019une propri\u00e9t\u00e9 priv\u00e9e, avec un acc\u00e8s direct et priv\u00e9 [&hellip;]<\/p>\n","protected":false},"featured_media":10654,"comment_status":"open","ping_status":"closed","template":"","meta":{"inline_featured_image":false},"country":[],"product_brand":[],"product_cat":[170],"product_tag":[],"class_list":{"0":"post-10659","1":"product","2":"type-product","3":"status-publish","4":"has-post-thumbnail","6":"product_cat-hebergement","8":"first","9":"instock","10":"shipping-taxable","11":"purchasable","12":"product-type-simple"},"acf":[],"_links":{"self":[{"href":"https:\/\/stayinn.travel\/fr\/wp-json\/wp\/v2\/product\/10659","targetHints":{"allow":["GET"]}}],"collection":[{"href":"https:\/\/stayinn.travel\/fr\/wp-json\/wp\/v2\/product"}],"about":[{"href":"https:\/\/stayinn.travel\/fr\/wp-json\/wp\/v2\/types\/product"}],"replies":[{"embeddable":true,"href":"https:\/\/stayinn.travel\/fr\/wp-json\/wp\/v2\/comments?post=10659"}],"wp:featuredmedia":[{"embeddable":true,"href":"https:\/\/stayinn.travel\/fr\/wp-json\/wp\/v2\/media\/10654"}],"wp:attachment":[{"href":"https:\/\/stayinn.travel\/fr\/wp-json\/wp\/v2\/media?parent=10659"}],"wp:term":[{"taxonomy":"country","embeddable":true,"href":"https:\/\/stayinn.travel\/fr\/wp-json\/wp\/v2\/country?post=10659"},{"taxonomy":"product_brand","embeddable":true,"href":"https:\/\/stayinn.travel\/fr\/wp-json\/wp\/v2\/product_brand?post=10659"},{"taxonomy":"product_cat","embeddable":true,"href":"https:\/\/stayinn.travel\/fr\/wp-json\/wp\/v2\/product_cat?post=10659"},{"taxonomy":"product_tag","embeddable":true,"href":"https:\/\/stayinn.travel\/fr\/wp-json\/wp\/v2\/product_tag?post=10659"}],"curies":[{"name":"wp","href":"https:\/\/api.w.org\/{rel}","templated":true}]}}