{"id":10835,"date":"2025-10-20T15:58:07","date_gmt":"2025-10-20T15:58:07","guid":{"rendered":"https:\/\/stayinn.travel\/product\/nuku-hiva-taiohae-room-free-breakfast-n1-2\/"},"modified":"2026-04-16T10:34:50","modified_gmt":"2026-04-16T10:34:50","slug":"nuku-hiva-taiohae-room-free-breakfast-n1-2","status":"publish","type":"product","link":"https:\/\/stayinn.travel\/fr\/product\/nuku-hiva-taiohae-room-free-breakfast-n1-2\/","title":{"rendered":"NUKU HIVA &#8211; Taiohae Room n\u00b01  &#038; Demi-pension"},"content":{"rendered":"<p>NUKU-HIVA &#8211; Taiohae Room &#038; Free Breakfast n\u00b01<br \/>\n<br \/>Stayinn.vacations vous offre l\u2019opportunit\u00e9 de visiter Les Marquises et plus particuli\u00e8rement l\u2019\u00eele de Nuku Hiva. Elle est la plus Grandiose de l\u2019archipel des Marquises et la 2\u00e8me plus grande \u00eele de Polyn\u00e9sie apr\u00e8s Tahiti.<br \/>\n<br \/>Un lieu pr\u00e9serv\u00e9, offrant des sites arch\u00e9ologiques et naturels impressionnants qui vous feront voyager dans le pass\u00e9 des Marquises ancestrales et des paysages f\u00e9\u00e9riques tels que : Kamuihei, Taipivai, la cascade de Hakaui haute de 350 m\u00e8tres qui en fait la 3\u00e8me plus haute cascade naturelle du monde\u2026<\/p>\n<p>Apr\u00e8s des journ\u00e9es bien remplies \u00e0 la d\u00e9couverte des tr\u00e9sors cach\u00e9s, le village de Taiohae sera le lieu id\u00e9al pour vous ressourcer. Ce petit port tranquille en fond de baie, prot\u00e9g\u00e9 par deux massifs rocheux, vous offrira un cadre reposant et plein de charme. Vous serez fascin\u00e9 par ses longues plages de sable noir o\u00f9 il fait bon se promener, tout en croisant les fiers cavaliers de l\u2019\u00eele. Aux Marquises, le cheval reste encore aujourd\u2019hui le moyen de transport principal des habitants des vall\u00e9es.<\/p>\n<p>A quelques pas du centre du village nous vous proposons l\u2019une des 8 chambres climatis\u00e9es, avec salle de bain privative pouvant chacune accueillir jusqu\u2019\u00e0 3 personnes. Vous appr\u00e9cierez le confort de cet h\u00e9bergement avec climatisation, wifi gratuit, terrasse avec transats et vue sur la baie, les petits d\u00e9jeuners &#038; d\u00eeners offerts sont servit en terrasse, le transfert vers l\u2019a\u00e9roport est possible (modalit\u00e9s de prix et r\u00e8glement sur demande), l\u2019eau chaude \u00e0 disposition&#8230;<br \/>\n<br \/>Une belle aventure qui vous attend et qui commencera d\u00e8s votre arriv\u00e9e \u00e0 l\u2019a\u00e9roport puisque il vous faudra traverser toute l\u2019\u00eele et plusieurs vall\u00e9es pour rejoindre votre logement. Pendant ce trajet, ponctu\u00e9 de rencontres insolites : chevaux et ch\u00e8vres sauvages, vous serez subjugu\u00e9 par le spectacle des cr\u00eates basaltiques et des canyons profonds.<\/p>\n<p>A savoir que nos prix incluent le petit d\u00e9jeuner et d\u00eener ( menu unique affich\u00e9 d\u00e8s le matin) <\/p>\n<p>L\u2019archipel des Marquises, ce sont des \u00eeles volcaniques, luxuriantes et hautes \u00e9mergeant de l\u2019oc\u00e9an Pacifique. On dit ici que c\u2019est une terre d\u2019histoires et de l\u00e9gendes aussi fascinante qu\u2019inoubliable. Les Marquises sont aussi appel\u00e9es \u00ab La Terre des Hommes \u00bb. Elles se situent \u00e0 1 500 km au Nord-Est de Tahiti, desservie par voie a\u00e9rienne au d\u00e9part de Tahiti ou par voie Maritime par paquebot, et sont r\u00e9parties sur 12 \u00eeles, dont seulement six sont habit\u00e9es.<br \/>\n<br \/>Les Marquisiens sont consid\u00e9r\u00e9s comme les meilleurs artisans de la Polyn\u00e9sie. Leur art s\u2019exprime de diff\u00e9rentes mani\u00e8res de la sculpture, en passant par l\u2019art du tatouage authentique et la confection de bijoux \u00e9tonnants. Une destination pleine d\u2019aventure, d\u00e9paysements et richesses en tout genre \u00e0 d\u00e9couvrir.<\/p>\n<p>Toute r\u00e9servation est soumise obligatoirement \u00e0 l&rsquo;acceptation sans restriction de nos conditions g\u00e9n\u00e9rales de vente visible sur notre site Stayinn.Vacations en cliquant sur les conditions generales.<\/p>\n<p>Num\u00e9ro TAHITI : 440131<\/p>\n","protected":false},"excerpt":{"rendered":"<p>NUKU-HIVA &#8211; Taiohae Room &#038; Free Breakfast n\u00b01 Stayinn.vacations vous offre l\u2019opportunit\u00e9 de visiter Les Marquises et plus particuli\u00e8rement l\u2019\u00eele de Nuku Hiva. Elle est la plus Grandiose de l\u2019archipel des Marquises et la 2\u00e8me plus grande \u00eele de Polyn\u00e9sie apr\u00e8s Tahiti. Un lieu pr\u00e9serv\u00e9, offrant des sites arch\u00e9ologiques et naturels impressionnants qui vous feront [&hellip;]<\/p>\n","protected":false},"featured_media":10830,"comment_status":"open","ping_status":"closed","template":"","meta":{"inline_featured_image":false},"country":[],"product_brand":[],"product_cat":[170],"product_tag":[],"class_list":{"0":"post-10835","1":"product","2":"type-product","3":"status-publish","4":"has-post-thumbnail","6":"product_cat-hebergement","8":"first","9":"instock","10":"shipping-taxable","11":"purchasable","12":"product-type-simple"},"acf":[],"_links":{"self":[{"href":"https:\/\/stayinn.travel\/fr\/wp-json\/wp\/v2\/product\/10835","targetHints":{"allow":["GET"]}}],"collection":[{"href":"https:\/\/stayinn.travel\/fr\/wp-json\/wp\/v2\/product"}],"about":[{"href":"https:\/\/stayinn.travel\/fr\/wp-json\/wp\/v2\/types\/product"}],"replies":[{"embeddable":true,"href":"https:\/\/stayinn.travel\/fr\/wp-json\/wp\/v2\/comments?post=10835"}],"wp:featuredmedia":[{"embeddable":true,"href":"https:\/\/stayinn.travel\/fr\/wp-json\/wp\/v2\/media\/10830"}],"wp:attachment":[{"href":"https:\/\/stayinn.travel\/fr\/wp-json\/wp\/v2\/media?parent=10835"}],"wp:term":[{"taxonomy":"country","embeddable":true,"href":"https:\/\/stayinn.travel\/fr\/wp-json\/wp\/v2\/country?post=10835"},{"taxonomy":"product_brand","embeddable":true,"href":"https:\/\/stayinn.travel\/fr\/wp-json\/wp\/v2\/product_brand?post=10835"},{"taxonomy":"product_cat","embeddable":true,"href":"https:\/\/stayinn.travel\/fr\/wp-json\/wp\/v2\/product_cat?post=10835"},{"taxonomy":"product_tag","embeddable":true,"href":"https:\/\/stayinn.travel\/fr\/wp-json\/wp\/v2\/product_tag?post=10835"}],"curies":[{"name":"wp","href":"https:\/\/api.w.org\/{rel}","templated":true}]}}