{"id":10899,"date":"2025-10-20T15:58:08","date_gmt":"2025-10-20T15:58:08","guid":{"rendered":"https:\/\/stayinn.travel\/product\/bora-holidays-superior-bedroom-1-2\/"},"modified":"2026-04-16T10:34:57","modified_gmt":"2026-04-16T10:34:57","slug":"bora-holidays-superior-bedroom-1-2","status":"publish","type":"product","link":"https:\/\/stayinn.travel\/fr\/product\/bora-holidays-superior-bedroom-1-2\/","title":{"rendered":"BORA \u2013 Holidays Superior Bedroom 1"},"content":{"rendered":"<p>BORA \u2013 Holiday\u2019s Superior Bedroom &#038; Pool n\u00b01<br \/>\n<br \/>Situ\u00e9 entre Vaitape et Faanui, \u00e0 moins de 3 Km des commodit\u00e9s, restaurants et magasins, et \u00e0 seulement 300 m\u00e8tres du c\u00e9l\u00e8bre et incontournable Yacht Club Bora Bora, se niche une jolie R\u00e9sidence de Vacances avec plusieurs h\u00e9bergements \u00e0 disposition ! Id\u00e9al pour vos s\u00e9jours en solo, en amoureux, en famille, entre amis ou encore pour les groupes de voyage organis\u00e9s.<\/p>\n<p>Celui-ci est une chambre sup\u00e9rieure de 21m\u00b2 avec son sol en parquet, climatis\u00e9e et tout confort. Elle est \u00e9quip\u00e9e d\u2019un lit Queen size, d\u2019une t\u00e9l\u00e9vision avec coin bureau, bouilloire et petit frigidaire sont \u00e0 disposition, ainsi qu\u2019une salle de douche privative avec lavabo et toilette. Vous appr\u00e9cierez votre terrasse privative avec table et chaises pour prendre votre caf\u00e9 le matin.<br \/>\n<br \/>La R\u00e9sidence b\u00e9n\u00e9ficie d\u2019une grande piscine, avec un solarium et un Fare Potee am\u00e9nag\u00e9. L\u2019acc\u00e8s y est libre \u00e0 tous les locataires.<\/p>\n<p>Les Essentiels :<br \/>\n<br \/>*Piscine en acc\u00e8s libre de 9h \u00e0 20h<br \/>\n<br \/>*Chambre climatis\u00e9e et tout confort avec salle de douche privative<br \/>\n<br \/>*1 place de parking<br \/>\n<br \/>*Internet gratuit en wifi<br \/>\n<br \/>*Tr\u00e8s bonne g\u00e9o-localisation : Proche Yacht Club Bora Bora, du village principal de Vaitape et ses commodit\u00e9s et centre d\u2019activit\u00e9s<br \/>\n<br \/>*A Faire : visiter le march\u00e9 artisanal, tour de l\u2019\u00eele en v\u00e9lo, la plage de Matira, Les Canons de Faanui, voir le Heiva (Festival de Danses et de Chants Polyn\u00e9sien \u2013 Mois de Juillet) le seul sur sable blanc qui lui donne son charme si particulier\u2026<\/p>\n<p>Toute r\u00e9servation est soumise obligatoirement \u00e0 l&rsquo;acceptation sans restriction de nos conditions g\u00e9n\u00e9rales de vente visible sur notre site Stayinn.Vacations en cliquant sur les conditions g\u00e9n\u00e9rales.<\/p>\n<p>Num\u00e9ro d&rsquo;enregistrement : 704DTO-MT<br \/><\/p>\n","protected":false},"excerpt":{"rendered":"<p>BORA \u2013 Holiday\u2019s Superior Bedroom &#038; Pool n\u00b01 Situ\u00e9 entre Vaitape et Faanui, \u00e0 moins de 3 Km des commodit\u00e9s, restaurants et magasins, et \u00e0 seulement 300 m\u00e8tres du c\u00e9l\u00e8bre et incontournable Yacht Club Bora Bora, se niche une jolie R\u00e9sidence de Vacances avec plusieurs h\u00e9bergements \u00e0 disposition ! Id\u00e9al pour vos s\u00e9jours en solo, [&hellip;]<\/p>\n","protected":false},"featured_media":10894,"comment_status":"open","ping_status":"closed","template":"","meta":{"inline_featured_image":false},"country":[],"product_brand":[],"product_cat":[170],"product_tag":[],"class_list":{"0":"post-10899","1":"product","2":"type-product","3":"status-publish","4":"has-post-thumbnail","6":"product_cat-hebergement","8":"first","9":"instock","10":"shipping-taxable","11":"purchasable","12":"product-type-simple"},"acf":[],"_links":{"self":[{"href":"https:\/\/stayinn.travel\/fr\/wp-json\/wp\/v2\/product\/10899","targetHints":{"allow":["GET"]}}],"collection":[{"href":"https:\/\/stayinn.travel\/fr\/wp-json\/wp\/v2\/product"}],"about":[{"href":"https:\/\/stayinn.travel\/fr\/wp-json\/wp\/v2\/types\/product"}],"replies":[{"embeddable":true,"href":"https:\/\/stayinn.travel\/fr\/wp-json\/wp\/v2\/comments?post=10899"}],"wp:featuredmedia":[{"embeddable":true,"href":"https:\/\/stayinn.travel\/fr\/wp-json\/wp\/v2\/media\/10894"}],"wp:attachment":[{"href":"https:\/\/stayinn.travel\/fr\/wp-json\/wp\/v2\/media?parent=10899"}],"wp:term":[{"taxonomy":"country","embeddable":true,"href":"https:\/\/stayinn.travel\/fr\/wp-json\/wp\/v2\/country?post=10899"},{"taxonomy":"product_brand","embeddable":true,"href":"https:\/\/stayinn.travel\/fr\/wp-json\/wp\/v2\/product_brand?post=10899"},{"taxonomy":"product_cat","embeddable":true,"href":"https:\/\/stayinn.travel\/fr\/wp-json\/wp\/v2\/product_cat?post=10899"},{"taxonomy":"product_tag","embeddable":true,"href":"https:\/\/stayinn.travel\/fr\/wp-json\/wp\/v2\/product_tag?post=10899"}],"curies":[{"name":"wp","href":"https:\/\/api.w.org\/{rel}","templated":true}]}}