{"id":10939,"date":"2025-10-20T15:58:08","date_gmt":"2025-10-20T15:58:08","guid":{"rendered":"https:\/\/stayinn.travel\/product\/chambre-dhotes-oviri-1-2\/"},"modified":"2026-04-16T10:36:12","modified_gmt":"2026-04-16T10:36:12","slug":"chambre-dhotes-oviri-1-2","status":"publish","type":"product","link":"https:\/\/stayinn.travel\/fr\/product\/chambre-dhotes-oviri-1-2\/","title":{"rendered":"Chambre d&rsquo;h\u00f4tes Oviri 1"},"content":{"rendered":"<p>Situ\u00e9e au sud de Raiatea, entre lagon et montagne, \u00e0 proximit\u00e9 imm\u00e9diate du Marae de Taputapuatea class\u00e9 au patrimoine mondial de l\u2019UNESCO, la Chambre d\u2019h\u00f4tes Oviri- Opuhi  vous invite \u00e0 vivre un s\u00e9jour paisible dans un cadre authentiquement polyn\u00e9sien.<\/p>\n<p>D\u2019une superficie de 24 m\u00b2, cette chambre peut accueillir 2 personnes. Elle dispose d\u2019un lit double confortable, d\u2019une salle de bain privative avec douche, lavabo et WC, ainsi que d\u2019un espace de rangement avec \u00e9tag\u00e8res et penderie. Pour vos instants de d\u00e9tente, un deck ext\u00e9rieur privatif compl\u00e8te l\u2019am\u00e9nagement.<\/p>\n<p>Vous aurez acc\u00e8s \u00e0 la cuisine commune \u00e9quip\u00e9e, ouverte sur le jardin, pour pr\u00e9parer vos repas en toute autonomie. Pour plus de confort, un petit-d\u00e9jeuner est propos\u00e9 en option (sur r\u00e9servation), et il est possible de commander des pizzas sur place.<\/p>\n<p>En s\u00e9journant ici, vous profiterez \u00e9galement d\u2019un acc\u00e8s direct \u00e0 la plage priv\u00e9e et de kayaks \u00e0 disposition pour explorer librement le lagon turquoise.<\/p>\n<p>\u2728 Un s\u00e9jour id\u00e9al pour savourer la s\u00e9r\u00e9nit\u00e9 de Raiatea et d\u00e9couvrir son patrimoine culturel unique.<\/p>\n<p>Les essentiels<\/p>\n<p>Chambre confortable de 24 m\u00b2 pour 2 personnes<\/p>\n<p>Salle de bain privative et deck ext\u00e9rieur<\/p>\n<p>Acc\u00e8s direct \u00e0 la plage priv\u00e9e avec kayaks inclus<\/p>\n<p>Cuisine commune \u00e9quip\u00e9e et possibilit\u00e9 de petit-d\u00e9jeuner en option<\/p>\n<p>\u00c0 deux pas du site sacr\u00e9 du Marae Taputapuatea (UNESCO)<\/p>\n<p>\u00c0 proximit\u00e9<\/p>\n<p>Marae Taputapuatea : site sacr\u00e9 class\u00e9 UNESCO accessible \u00e0 pied<\/p>\n<p>Exploration de Raiatea : location de voiture conseill\u00e9e pour d\u00e9couvrir l\u2019\u00eele<\/p>\n<p>Restauration : petit-d\u00e9jeuner en option, pizzas disponibles sur place<\/p>\n<p>Les f\u00eates et rassemblements sont strictement interdits au sein du logement.<\/p>\n<p>Toute r\u00e9servation est soumise obligatoirement \u00e0 l\u2019acceptation sans restriction de nos conditions g\u00e9n\u00e9rales de vente visibles sur notre site Stayinn.Vacations en cliquant sur conditions g\u00e9n\u00e9rales.<\/p>\n<p>Num\u00e9ro d&rsquo;enregistrement : F20178<\/p>\n","protected":false},"excerpt":{"rendered":"<p>Situ\u00e9e au sud de Raiatea, entre lagon et montagne, \u00e0 proximit\u00e9 imm\u00e9diate du Marae de Taputapuatea class\u00e9 au patrimoine mondial de l\u2019UNESCO, la Chambre d\u2019h\u00f4tes Oviri- Opuhi vous invite \u00e0 vivre un s\u00e9jour paisible dans un cadre authentiquement polyn\u00e9sien. D\u2019une superficie de 24 m\u00b2, cette chambre peut accueillir 2 personnes. Elle dispose d\u2019un lit double [&hellip;]<\/p>\n","protected":false},"featured_media":10934,"comment_status":"open","ping_status":"closed","template":"","meta":{"inline_featured_image":false},"country":[],"product_brand":[],"product_cat":[170],"product_tag":[],"class_list":{"0":"post-10939","1":"product","2":"type-product","3":"status-publish","4":"has-post-thumbnail","6":"product_cat-hebergement","8":"first","9":"instock","10":"shipping-taxable","11":"purchasable","12":"product-type-simple"},"acf":[],"_links":{"self":[{"href":"https:\/\/stayinn.travel\/fr\/wp-json\/wp\/v2\/product\/10939","targetHints":{"allow":["GET"]}}],"collection":[{"href":"https:\/\/stayinn.travel\/fr\/wp-json\/wp\/v2\/product"}],"about":[{"href":"https:\/\/stayinn.travel\/fr\/wp-json\/wp\/v2\/types\/product"}],"replies":[{"embeddable":true,"href":"https:\/\/stayinn.travel\/fr\/wp-json\/wp\/v2\/comments?post=10939"}],"wp:featuredmedia":[{"embeddable":true,"href":"https:\/\/stayinn.travel\/fr\/wp-json\/wp\/v2\/media\/10934"}],"wp:attachment":[{"href":"https:\/\/stayinn.travel\/fr\/wp-json\/wp\/v2\/media?parent=10939"}],"wp:term":[{"taxonomy":"country","embeddable":true,"href":"https:\/\/stayinn.travel\/fr\/wp-json\/wp\/v2\/country?post=10939"},{"taxonomy":"product_brand","embeddable":true,"href":"https:\/\/stayinn.travel\/fr\/wp-json\/wp\/v2\/product_brand?post=10939"},{"taxonomy":"product_cat","embeddable":true,"href":"https:\/\/stayinn.travel\/fr\/wp-json\/wp\/v2\/product_cat?post=10939"},{"taxonomy":"product_tag","embeddable":true,"href":"https:\/\/stayinn.travel\/fr\/wp-json\/wp\/v2\/product_tag?post=10939"}],"curies":[{"name":"wp","href":"https:\/\/api.w.org\/{rel}","templated":true}]}}