{"id":10947,"date":"2025-10-20T15:58:08","date_gmt":"2025-10-20T15:58:08","guid":{"rendered":"https:\/\/stayinn.travel\/product\/raiatea-chambre-dhotes-oviri-2-kahaia-2\/"},"modified":"2026-04-16T10:36:16","modified_gmt":"2026-04-16T10:36:16","slug":"raiatea-chambre-dhotes-oviri-2-kahaia-2","status":"publish","type":"product","link":"https:\/\/stayinn.travel\/fr\/product\/raiatea-chambre-dhotes-oviri-2-kahaia-2\/","title":{"rendered":"RAIATEA-Chambre d&rsquo;h\u00f4tes Oviri 2 &#8211; Kahaia"},"content":{"rendered":"<p>Situ\u00e9e au sud de Raiatea, entre lagon et montagne et \u00e0 proximit\u00e9 imm\u00e9diate du Marae de Taputapuatea, class\u00e9 au patrimoine mondial de l\u2019UNESCO, la Chambre Opuhi du Fare Oviri vous accueille dans un cadre paisible et authentiquement polyn\u00e9sien.<\/p>\n<p>D\u2019une superficie de 24 m\u00b2, elle peut accueillir 2 personnes et comprend un lit double confortable, une salle de bain privative avec douche, lavabo et WC, ainsi qu\u2019un espace de rangement avec \u00e9tag\u00e8res et penderie. La chambre dispose d\u2019un acc\u00e8s direct vers l\u2019ext\u00e9rieur, id\u00e9al pour profiter du jardin ou rejoindre la plage.<\/p>\n<p>Pour agr\u00e9menter votre s\u00e9jour, un petit-d\u00e9jeuner est disponible en option (sur r\u00e9servation), et il est \u00e9galement possible de commander des pizzas sur place. Vous profiterez aussi d\u2019un acc\u00e8s direct \u00e0 la plage priv\u00e9e avec kayaks \u00e0 disposition pour explorer le lagon turquoise.<\/p>\n<p>\u2728 Un s\u00e9jour id\u00e9al pour savourer la s\u00e9r\u00e9nit\u00e9 de Raiatea, au c\u0153ur d\u2019une nature luxuriante et authentique.<\/p>\n<p>Les essentiels<\/p>\n<p>Chambre confortable de 24 m\u00b2 pour 2 personnes<\/p>\n<p>Salle de bain privative et acc\u00e8s direct vers l\u2019ext\u00e9rieur<\/p>\n<p>Acc\u00e8s \u00e0 la plage priv\u00e9e avec kayaks inclus<\/p>\n<p>Possibilit\u00e9 de petit-d\u00e9jeuner en option et pizzas sur place<\/p>\n<p>Proximit\u00e9 imm\u00e9diate du site sacr\u00e9 Marae de Taputapuatea (UNESCO)<\/p>\n<p>\u00c0 proximit\u00e9<\/p>\n<p>Marae Taputapuatea : site sacr\u00e9 class\u00e9 UNESCO, accessible \u00e0 pied<\/p>\n<p>Exploration de Raiatea : location de voiture conseill\u00e9e pour d\u00e9couvrir l\u2019\u00eele<\/p>\n<p>Restauration : petit-d\u00e9jeuner en option, pizzas disponibles sur place<\/p>\n<p>Les f\u00eates et rassemblements sont strictement interdits au sein du logement.<\/p>\n<p>Toute r\u00e9servation est soumise obligatoirement \u00e0 l\u2019acceptation sans restriction de nos conditions g\u00e9n\u00e9rales de vente visibles sur notre site Stayinn.Vacations en cliquant sur conditions g\u00e9n\u00e9rales.<\/p>\n<p>Num\u00e9ro d\u2019enregistrement : F20178<\/p>\n","protected":false},"excerpt":{"rendered":"<p>Situ\u00e9e au sud de Raiatea, entre lagon et montagne et \u00e0 proximit\u00e9 imm\u00e9diate du Marae de Taputapuatea, class\u00e9 au patrimoine mondial de l\u2019UNESCO, la Chambre Opuhi du Fare Oviri vous accueille dans un cadre paisible et authentiquement polyn\u00e9sien. D\u2019une superficie de 24 m\u00b2, elle peut accueillir 2 personnes et comprend un lit double confortable, une [&hellip;]<\/p>\n","protected":false},"featured_media":10942,"comment_status":"open","ping_status":"closed","template":"","meta":{"inline_featured_image":false},"country":[],"product_brand":[],"product_cat":[170],"product_tag":[],"class_list":{"0":"post-10947","1":"product","2":"type-product","3":"status-publish","4":"has-post-thumbnail","6":"product_cat-hebergement","8":"first","9":"instock","10":"shipping-taxable","11":"purchasable","12":"product-type-simple"},"acf":[],"_links":{"self":[{"href":"https:\/\/stayinn.travel\/fr\/wp-json\/wp\/v2\/product\/10947","targetHints":{"allow":["GET"]}}],"collection":[{"href":"https:\/\/stayinn.travel\/fr\/wp-json\/wp\/v2\/product"}],"about":[{"href":"https:\/\/stayinn.travel\/fr\/wp-json\/wp\/v2\/types\/product"}],"replies":[{"embeddable":true,"href":"https:\/\/stayinn.travel\/fr\/wp-json\/wp\/v2\/comments?post=10947"}],"wp:featuredmedia":[{"embeddable":true,"href":"https:\/\/stayinn.travel\/fr\/wp-json\/wp\/v2\/media\/10942"}],"wp:attachment":[{"href":"https:\/\/stayinn.travel\/fr\/wp-json\/wp\/v2\/media?parent=10947"}],"wp:term":[{"taxonomy":"country","embeddable":true,"href":"https:\/\/stayinn.travel\/fr\/wp-json\/wp\/v2\/country?post=10947"},{"taxonomy":"product_brand","embeddable":true,"href":"https:\/\/stayinn.travel\/fr\/wp-json\/wp\/v2\/product_brand?post=10947"},{"taxonomy":"product_cat","embeddable":true,"href":"https:\/\/stayinn.travel\/fr\/wp-json\/wp\/v2\/product_cat?post=10947"},{"taxonomy":"product_tag","embeddable":true,"href":"https:\/\/stayinn.travel\/fr\/wp-json\/wp\/v2\/product_tag?post=10947"}],"curies":[{"name":"wp","href":"https:\/\/api.w.org\/{rel}","templated":true}]}}