{"id":10979,"date":"2025-10-20T15:58:08","date_gmt":"2025-10-20T15:58:08","guid":{"rendered":"https:\/\/stayinn.travel\/product\/tikehau-bungalow-pacific-beach-2-2\/"},"modified":"2026-04-16T10:35:27","modified_gmt":"2026-04-16T10:35:27","slug":"tikehau-bungalow-pacific-beach-2-2","status":"publish","type":"product","link":"https:\/\/stayinn.travel\/fr\/product\/tikehau-bungalow-pacific-beach-2-2\/","title":{"rendered":"TIKEHAU &#8211; Bungalow Pacific Beach 2"},"content":{"rendered":"<p>TIKEHAU \u2013 Bungalow Pacific Beach<br \/>\n<br \/>Tikehau est un atoll paradisiaque de l\u2019archipel des Tuamotus, \u00e0 55 minutes de vol de Papeete, la capitale de la Polyn\u00e9sie Fran\u00e7aise. Un atoll est un type d&rsquo;\u00eele corallienne basse des oc\u00e9ans tropicaux. Les atolls se composent d&rsquo;un r\u00e9cif ou barri\u00e8re de corail et de plusieurs \u00eelots appel\u00e9s motu.<br \/>\n<br \/>Tikehau offre \u00e0 ses visiteurs une v\u00e9ritable piscine naturelle, de superbes plages de sable blanc et rose \u00e0 perte de vue, un lagon de cristal avec une multitude d\u2019esp\u00e8ce de poissons tropicaux. La vie marine y est tr\u00e8s riche et promet aux amoureux de la nature de beaux spectacles.<br \/>\n<br \/>L\u2019\u00eele est peupl\u00e9e d\u2019environ 500 personnes, les habitants l\u2019appelle \u00ab la maison d\u2019un monde tranquille \u00bb. La population vie essentiellement de la p\u00eache et du coprah. Tikehau est un des atolls les plus pris\u00e9s de Polyn\u00e9sie pour la d\u00e9tente, le d\u00e9paysement, la plong\u00e9e, la p\u00eache, la d\u00e9couverte des Jacuzzis naturels appel\u00e9 \u00ab Feo \u00bb, les promenades sur les motus, la visite du village tant pittoresque que color\u00e9 de Tuherahera et l\u2019\u2019\u00eele aux oiseaux o\u00f9 nichent des esp\u00e8ces rares.<\/p>\n<p>Vous s\u00e9journerez dans un Bungalow polyn\u00e9sien individuel, compos\u00e9 d\u2019une chambre pouvant accueillir jusqu\u2019\u00e0 3 personnes, une salle de bain avec eau chaude, et une terrasse privative avec vue sur la plage et le lagon. Le petit d\u00e9jeuner et le d\u00eener est offert par votre h\u00f4te. Vous y d\u00e9gusterez les produits de la mer, les fruits tropicaux de saison, et des recettes traditionnelles Tahitienne, comme par exemple l\u2019incontournable poisson cru au lait de coco.<br \/>\n<br \/>La plage sera votre endroit pr\u00e9f\u00e9r\u00e9 ! Profitez des espaces de d\u00e9tente sp\u00e9cialement am\u00e9nag\u00e9s avec des transats, partez \u00e0 la d\u00e9couverte du lagon en snorkeling ou avec les kayaks mis \u00e0 votre disposition, et vivez pleinement l\u2019exp\u00e9rience de \u00ab La maison du monde tranquille \u00bb de cet atoll o\u00f9 le temps semble s\u2019\u00eatre arr\u00eat\u00e9 !<\/p>\n<p>Les avantages de cet h\u00e9bergement:<br \/>\n<br \/>*Petit d\u00e9jeuner et d\u00eener offert<br \/>\n<br \/>*Transfert a\u00e9roport gratuit<br \/>\n<br \/>*Internet en wifi<br \/>\n<br \/>*V\u00e9los \u00e0 disposition<br \/>\n<br \/>*Plage priv\u00e9e<br \/>\n<br \/>*Kayaks<br \/>\n<br \/>*Paddle<br \/>\n<br \/>*Mat\u00e9riel de snorkeling<br \/>\n<br \/>*Billard, et ping-pong<br \/>\n<br \/>*Aire de jeux pour enfants<\/p>\n<p>Les activit\u00e9s \u00e0 faire sont :<br \/>\n<br \/>&#8211;\tLes excursions lagon<br \/>\n<br \/>&#8211;\tLa plong\u00e9e \u00e0 la passe de Tuheiava<br \/>\n<br \/>&#8211;\tLa p\u00eache au gros et la visite des parcs \u00e0 poissons<br \/>\n<br \/>&#8211;\tLa visite du village de Tuherahera<br \/>\n<br \/>&#8211;\tLa d\u00e9couverte des \u00ab Feo \u00bb (jacuzzis naturel)<br \/>\n<br \/>&#8211;\tLa visite des plages de sable blanc et rose<br \/>\n<br \/>&#8211;\tL\u2019observation de la vie sauvage : \u00eele aux oiseaux, faune marine.<br \/>\n<br \/>&#8211;\tLes promenades en kayaks et le snorkeling<\/p>\n<p>Toute r\u00e9servation est soumise obligatoirement \u00e0 l&rsquo;acceptation sans restriction de nos conditions g\u00e9n\u00e9rales de vente visible sur notre site Stayinn.Vacations en cliquant sur les conditions g\u00e9n\u00e9rales.<\/p>\n<p>Num\u00e9ro TAHITI : 887216<br \/><\/p>\n","protected":false},"excerpt":{"rendered":"<p>TIKEHAU \u2013 Bungalow Pacific Beach Tikehau est un atoll paradisiaque de l\u2019archipel des Tuamotus, \u00e0 55 minutes de vol de Papeete, la capitale de la Polyn\u00e9sie Fran\u00e7aise. Un atoll est un type d&rsquo;\u00eele corallienne basse des oc\u00e9ans tropicaux. Les atolls se composent d&rsquo;un r\u00e9cif ou barri\u00e8re de corail et de plusieurs \u00eelots appel\u00e9s motu. Tikehau [&hellip;]<\/p>\n","protected":false},"featured_media":10974,"comment_status":"open","ping_status":"closed","template":"","meta":{"inline_featured_image":false},"country":[],"product_brand":[],"product_cat":[170],"product_tag":[],"class_list":{"0":"post-10979","1":"product","2":"type-product","3":"status-publish","4":"has-post-thumbnail","6":"product_cat-hebergement","8":"first","9":"instock","10":"shipping-taxable","11":"purchasable","12":"product-type-simple"},"acf":[],"_links":{"self":[{"href":"https:\/\/stayinn.travel\/fr\/wp-json\/wp\/v2\/product\/10979","targetHints":{"allow":["GET"]}}],"collection":[{"href":"https:\/\/stayinn.travel\/fr\/wp-json\/wp\/v2\/product"}],"about":[{"href":"https:\/\/stayinn.travel\/fr\/wp-json\/wp\/v2\/types\/product"}],"replies":[{"embeddable":true,"href":"https:\/\/stayinn.travel\/fr\/wp-json\/wp\/v2\/comments?post=10979"}],"wp:featuredmedia":[{"embeddable":true,"href":"https:\/\/stayinn.travel\/fr\/wp-json\/wp\/v2\/media\/10974"}],"wp:attachment":[{"href":"https:\/\/stayinn.travel\/fr\/wp-json\/wp\/v2\/media?parent=10979"}],"wp:term":[{"taxonomy":"country","embeddable":true,"href":"https:\/\/stayinn.travel\/fr\/wp-json\/wp\/v2\/country?post=10979"},{"taxonomy":"product_brand","embeddable":true,"href":"https:\/\/stayinn.travel\/fr\/wp-json\/wp\/v2\/product_brand?post=10979"},{"taxonomy":"product_cat","embeddable":true,"href":"https:\/\/stayinn.travel\/fr\/wp-json\/wp\/v2\/product_cat?post=10979"},{"taxonomy":"product_tag","embeddable":true,"href":"https:\/\/stayinn.travel\/fr\/wp-json\/wp\/v2\/product_tag?post=10979"}],"curies":[{"name":"wp","href":"https:\/\/api.w.org\/{rel}","templated":true}]}}