{"id":16291,"date":"2026-04-16T08:56:54","date_gmt":"2026-04-16T08:56:54","guid":{"rendered":"https:\/\/stayinn.travel\/product\/moorea-fare-moohono-pool-garden-2\/"},"modified":"2026-04-16T10:36:32","modified_gmt":"2026-04-16T10:36:32","slug":"moorea-fare-moohono-pool-garden-2","status":"publish","type":"product","link":"https:\/\/stayinn.travel\/fr\/product\/moorea-fare-moohono-pool-garden-2\/","title":{"rendered":"MOOREA &#8211; Fare Moohono Pool &#038; Garden"},"content":{"rendered":"<p>FARE MOOHONO POOL &#038; GARDEN &#8211; PAPETOAI<\/p>\n<p>Bienvenue au Fare Moohono Pool &#038; Garden, votre havre de paix sur l&rsquo;\u00eele magique de Moorea, situ\u00e9e \u00e0 seulement 45 minutes en ferry de Tahiti. Nich\u00e9 dans la charmante commune de Papetoai, ce fare (maison en tahitien ) c\u00f4t\u00e9 montagne entre lagon turquoise, nature luxuriante et paysages \u00e0 couper le souffle !<\/p>\n<p>Le Fare Moohono Pool 1 garden repr\u00e9sente 2 maisons pouvant accueillir 6 \/ 8 personnes .<\/p>\n<p>Chaque maison comprends :<br \/>\n<br \/>1 chambre climatis\u00e9e avec lit double, espace de rangement et ventilateur de plafond,<br \/>\n<br \/>1 salon confortable avec canap\u00e9 lit 2 places, t\u00e9l\u00e9vision satellite et connect\u00e9e.<br \/>\n<br \/>1 cuisine enti\u00e8rement \u00e9quip\u00e9e : r\u00e9frig\u00e9rateur, four, micro-ondes, grille-pain, cafeti\u00e8re et bouilloire \u00e9lectrique \u2013 tout le n\u00e9cessaire pour pr\u00e9parer vos repas maison.<br \/>\n<br \/>1 salle de bain equip\u00e9e <\/p>\n<p>Vous aurez acc\u00e8s \u00e0 la piscine lors de votre s\u00e9jour , id\u00e9ale pour se rafra\u00eechir ou admirer les couchers de soleil. Profitez \u00e9galement d\u2019un jardin avec quelques plantes et fleurs tropicaux typique de la Polyn\u00e9sie fran\u00e7aise.<\/p>\n<p>Proche de toutes commodit\u00e9s, vous \u00eates \u00e0 quelques minutes des plages, commerces et restaurants, tout en \u00e9tant dans un environnement calme, propice \u00e0 la zeznitude et \u00e0 la s\u00e9r\u00e9nit\u00e9.<br \/>\n<br \/>R\u00e9servez d\u00e8s maintenant pour vivre un moment de pur bonheur !<\/p>\n<p>*Les animaux ne sont pas admis dans cette location<br \/>\n<br \/>* Les f\u00eates et rassemblements sont strictement interdits au sein du logement<\/p>\n<p>Toute r\u00e9servation est soumise obligatoirement \u00e0 l&rsquo;acceptation sans restriction de nos conditions g\u00e9n\u00e9rales de vente visible sur notre site Stayinn.Vacations en cliquant sur les conditions g\u00e9n\u00e9rales.<\/p>\n<p>4311DTO-MT<br \/><\/p>\n","protected":false},"excerpt":{"rendered":"<p>FARE MOOHONO POOL &#038; GARDEN &#8211; PAPETOAI Bienvenue au Fare Moohono Pool &#038; Garden, votre havre de paix sur l&rsquo;\u00eele magique de Moorea, situ\u00e9e \u00e0 seulement 45 minutes en ferry de Tahiti. Nich\u00e9 dans la charmante commune de Papetoai, ce fare (maison en tahitien ) c\u00f4t\u00e9 montagne entre lagon turquoise, nature luxuriante et paysages \u00e0 [&hellip;]<\/p>\n","protected":false},"featured_media":16285,"comment_status":"open","ping_status":"closed","template":"","meta":{"inline_featured_image":false},"country":[],"product_brand":[],"product_cat":[170],"product_tag":[],"class_list":{"0":"post-16291","1":"product","2":"type-product","3":"status-publish","4":"has-post-thumbnail","6":"product_cat-hebergement","8":"first","9":"instock","10":"shipping-taxable","11":"purchasable","12":"product-type-simple"},"acf":[],"_links":{"self":[{"href":"https:\/\/stayinn.travel\/fr\/wp-json\/wp\/v2\/product\/16291","targetHints":{"allow":["GET"]}}],"collection":[{"href":"https:\/\/stayinn.travel\/fr\/wp-json\/wp\/v2\/product"}],"about":[{"href":"https:\/\/stayinn.travel\/fr\/wp-json\/wp\/v2\/types\/product"}],"replies":[{"embeddable":true,"href":"https:\/\/stayinn.travel\/fr\/wp-json\/wp\/v2\/comments?post=16291"}],"wp:featuredmedia":[{"embeddable":true,"href":"https:\/\/stayinn.travel\/fr\/wp-json\/wp\/v2\/media\/16285"}],"wp:attachment":[{"href":"https:\/\/stayinn.travel\/fr\/wp-json\/wp\/v2\/media?parent=16291"}],"wp:term":[{"taxonomy":"country","embeddable":true,"href":"https:\/\/stayinn.travel\/fr\/wp-json\/wp\/v2\/country?post=16291"},{"taxonomy":"product_brand","embeddable":true,"href":"https:\/\/stayinn.travel\/fr\/wp-json\/wp\/v2\/product_brand?post=16291"},{"taxonomy":"product_cat","embeddable":true,"href":"https:\/\/stayinn.travel\/fr\/wp-json\/wp\/v2\/product_cat?post=16291"},{"taxonomy":"product_tag","embeddable":true,"href":"https:\/\/stayinn.travel\/fr\/wp-json\/wp\/v2\/product_tag?post=16291"}],"curies":[{"name":"wp","href":"https:\/\/api.w.org\/{rel}","templated":true}]}}