{"id":4849,"date":"2025-06-11T05:31:20","date_gmt":"2025-06-11T05:31:20","guid":{"rendered":"https:\/\/stayinn.travel\/product\/tikehau-peche-au-gros-4h\/"},"modified":"2026-04-21T18:48:10","modified_gmt":"2026-04-21T18:48:10","slug":"tikehau-peche-au-gros-4h","status":"publish","type":"product","link":"https:\/\/stayinn.travel\/fr\/product\/tikehau-peche-au-gros-4h\/","title":{"rendered":"TIKEHAU &#8211; P\u00eache au gros &#8211; 4H"},"content":{"rendered":"<p data-start=\"150\" data-end=\"400\">Faites l&rsquo;exp\u00e9rience de la p\u00eache sportive dans l&rsquo;un des lagons les plus uniques au monde \u00e0 bord d&rsquo;un bateau polyn\u00e9sien traditionnel, le <strong data-start=\"264\" data-end=\"279\">Poti Marara<\/strong>. Ce bateau de 25 pieds est enti\u00e8rement \u00e9quip\u00e9 de moulinets, de leurres, de glaci\u00e8res et de mat\u00e9riel de s\u00e9curit\u00e9 pour une aventure s\u00fbre et palpitante. <\/p>\n<p data-start=\"402\" data-end=\"717\">Votre capitaine Matehau adaptera l&rsquo;excursion en fonction de la m\u00e9t\u00e9o et de l&rsquo;activit\u00e9 des oiseaux, utilisant leur pr\u00e9sence comme indicateur naturel de la pr\u00e9sence de poissons \u00e0 proximit\u00e9. La p\u00eache se fera principalement \u00e0 la <strong data-start=\"582\" data-end=\"594\">tra\u00eene<\/strong>, mais pourra \u00e9galement inclure la <strong data-start=\"617\" data-end=\"633\">p\u00eache \u00e0 la bou\u00e9e ou m\u00eame<\/strong> la <strong data-start=\"642\" data-end=\"673\">p\u00eache au harpon du mahi-mahi<\/strong>, selon les conditions et les opportunit\u00e9s. <\/p>\n<p data-start=\"719\" data-end=\"840\">Pendant le voyage, profitez <strong data-start=\"750\" data-end=\"759\">d&rsquo;une collation<\/strong> l\u00e9g\u00e8re servie \u00e0 bord, comprenant de l&rsquo;eau, du jus, des <strong data-start=\"801\" data-end=\"813\">firifiri<\/strong> (beignets locaux) et des chips.<\/p>\n<p><strong>Prix pour 4 personnes<\/strong><\/p>\n","protected":false},"excerpt":{"rendered":"<p><strong>\ud83c\udf0a\ud83c\udfa3 Ambiance oc\u00e9anique, tradition insulaire et frisson de la prise : votre aventure de p\u00eache polyn\u00e9sienne vous attend ! \ud83d\udc1f\u26f5 <\/strong><\/p>\n","protected":false},"featured_media":4054,"comment_status":"open","ping_status":"closed","template":"","meta":{"inline_featured_image":false},"country":[],"product_brand":[],"product_cat":[171],"product_tag":[174],"class_list":{"0":"post-4849","1":"product","2":"type-product","3":"status-publish","4":"has-post-thumbnail","6":"product_cat-activites","7":"product_tag-tikehau-fr","9":"first","10":"instock","11":"shipping-taxable","12":"purchasable","13":"product-type-simple"},"acf":[],"_links":{"self":[{"href":"https:\/\/stayinn.travel\/fr\/wp-json\/wp\/v2\/product\/4849","targetHints":{"allow":["GET"]}}],"collection":[{"href":"https:\/\/stayinn.travel\/fr\/wp-json\/wp\/v2\/product"}],"about":[{"href":"https:\/\/stayinn.travel\/fr\/wp-json\/wp\/v2\/types\/product"}],"replies":[{"embeddable":true,"href":"https:\/\/stayinn.travel\/fr\/wp-json\/wp\/v2\/comments?post=4849"}],"wp:featuredmedia":[{"embeddable":true,"href":"https:\/\/stayinn.travel\/fr\/wp-json\/wp\/v2\/media\/4054"}],"wp:attachment":[{"href":"https:\/\/stayinn.travel\/fr\/wp-json\/wp\/v2\/media?parent=4849"}],"wp:term":[{"taxonomy":"country","embeddable":true,"href":"https:\/\/stayinn.travel\/fr\/wp-json\/wp\/v2\/country?post=4849"},{"taxonomy":"product_brand","embeddable":true,"href":"https:\/\/stayinn.travel\/fr\/wp-json\/wp\/v2\/product_brand?post=4849"},{"taxonomy":"product_cat","embeddable":true,"href":"https:\/\/stayinn.travel\/fr\/wp-json\/wp\/v2\/product_cat?post=4849"},{"taxonomy":"product_tag","embeddable":true,"href":"https:\/\/stayinn.travel\/fr\/wp-json\/wp\/v2\/product_tag?post=4849"}],"curies":[{"name":"wp","href":"https:\/\/api.w.org\/{rel}","templated":true}]}}