{"id":4854,"date":"2025-05-23T01:13:07","date_gmt":"2025-05-23T01:13:07","guid":{"rendered":"https:\/\/stayinn.travel\/product\/huahine-pirogue-traditionnelle-dejeuner-sur-un-motu-7h\/"},"modified":"2026-04-21T20:42:09","modified_gmt":"2026-04-21T20:42:09","slug":"huahine-pirogue-traditionnelle-dejeuner-sur-un-motu-7h","status":"publish","type":"product","link":"https:\/\/stayinn.travel\/fr\/product\/huahine-pirogue-traditionnelle-dejeuner-sur-un-motu-7h\/","title":{"rendered":"HUAHINE &#8211; Pirogue traditionnelle &amp; d\u00e9jeuner sur un Motu \u2013 7H"},"content":{"rendered":"<p class=\"my-0\">Partez pour une aventure d&rsquo;une journ\u00e9e compl\u00e8te \u00e0 travers le lagon de Huahine \u00e0 bord d&rsquo;une pirogue traditionnelle, et d\u00e9couvrez la richesse de la flore et de la faune aquatiques.<\/p>\n<p class=\"my-0\">Plongez dans les eaux chaudes et cristallines pour faire du snorkeling au milieu de jardins de corail color\u00e9s et d\u2019aquariums naturels, en vous \u00e9merveillant devant la diversit\u00e9 de la vie marine qui peuple le lagon. Impr\u00e9gnez-vous de la culture et de l\u2019histoire de la perle tahitienne en visitant la seule ferme perli\u00e8re de Polyn\u00e9sie situ\u00e9e au c\u0153ur du lagon. <\/p>\n<p class=\"my-0\">Poursuivez votre aventure jusqu\u2019\u00e0 un motu familial pour savourer un d\u00e9licieux d\u00e9jeuner aux saveurs locales et fra\u00eeches \u2013 un v\u00e9ritable festin polyn\u00e9sien ! D\u00e9tendez-vous sur la plage et profitez du soleil \u00e0 l\u2019ombre des cocotiers avant de reprendre votre tour pittoresque de l\u2019\u00eele. <\/p>\n","protected":false},"excerpt":{"rendered":"<p class=\"my-0\"><strong>\ud83c\udf0a\ud83e\udd3f Decouvre le lagon de Huahine<\/strong><strong>Traditions &amp; Saveur! \ud83c\udfdd\ufe0f\ud83e\udd65 <\/strong><\/p>\n","protected":false},"featured_media":4074,"comment_status":"open","ping_status":"closed","template":"","meta":{"inline_featured_image":false},"country":[],"product_brand":[],"product_cat":[171],"product_tag":[180],"class_list":{"0":"post-4854","1":"product","2":"type-product","3":"status-publish","4":"has-post-thumbnail","6":"product_cat-activites","7":"product_tag-huahine-fr","9":"first","10":"instock","11":"shipping-taxable","12":"purchasable","13":"product-type-simple"},"acf":[],"_links":{"self":[{"href":"https:\/\/stayinn.travel\/fr\/wp-json\/wp\/v2\/product\/4854","targetHints":{"allow":["GET"]}}],"collection":[{"href":"https:\/\/stayinn.travel\/fr\/wp-json\/wp\/v2\/product"}],"about":[{"href":"https:\/\/stayinn.travel\/fr\/wp-json\/wp\/v2\/types\/product"}],"replies":[{"embeddable":true,"href":"https:\/\/stayinn.travel\/fr\/wp-json\/wp\/v2\/comments?post=4854"}],"wp:featuredmedia":[{"embeddable":true,"href":"https:\/\/stayinn.travel\/fr\/wp-json\/wp\/v2\/media\/4074"}],"wp:attachment":[{"href":"https:\/\/stayinn.travel\/fr\/wp-json\/wp\/v2\/media?parent=4854"}],"wp:term":[{"taxonomy":"country","embeddable":true,"href":"https:\/\/stayinn.travel\/fr\/wp-json\/wp\/v2\/country?post=4854"},{"taxonomy":"product_brand","embeddable":true,"href":"https:\/\/stayinn.travel\/fr\/wp-json\/wp\/v2\/product_brand?post=4854"},{"taxonomy":"product_cat","embeddable":true,"href":"https:\/\/stayinn.travel\/fr\/wp-json\/wp\/v2\/product_cat?post=4854"},{"taxonomy":"product_tag","embeddable":true,"href":"https:\/\/stayinn.travel\/fr\/wp-json\/wp\/v2\/product_tag?post=4854"}],"curies":[{"name":"wp","href":"https:\/\/api.w.org\/{rel}","templated":true}]}}