{"id":4855,"date":"2025-02-13T04:37:06","date_gmt":"2025-02-13T04:37:06","guid":{"rendered":"https:\/\/stayinn.travel\/product\/raiatea-aventure-en-kayak-sur-la-riviere-faaroa-3h\/"},"modified":"2026-04-24T18:45:40","modified_gmt":"2026-04-24T18:45:40","slug":"raiatea-aventure-en-kayak-sur-la-riviere-faaroa-3h","status":"publish","type":"product","link":"https:\/\/stayinn.travel\/fr\/product\/raiatea-aventure-en-kayak-sur-la-riviere-faaroa-3h\/","title":{"rendered":"RAIATEA \u2013Aventure en kayak sur la rivi\u00e8re Faaroa \u2013 3H"},"content":{"rendered":"<p class=\"\" data-start=\"51\" data-end=\"487\">D\u00e9couvrez l&rsquo;\u00eele de Raiatea autrement avec des balades guid\u00e9es en kayak \u00e0 travers une for\u00eat tropicale luxuriante.<br data-start=\"157\" data-end=\"160\">Pagayez sur la seule rivi\u00e8re navigable de Polyn\u00e9sie, offrant une activit\u00e9 unique et accessible \u00e0 tous les niveaux.<br data-start=\"266\" data-end=\"269\">Au programme : des paysages \u00e0 couper le souffle, des histoires et l\u00e9gendes passionnantes, et surtout, un merveilleux moment de plaisir et de partage !<\/p>\n<p class=\"\" data-start=\"51\" data-end=\"487\"><strong data-start=\"51\" data-end=\"487\"><br data-start=\"396\" data-end=\"399\">Veuillez apporter : <\/strong>une bouteille d&rsquo;eau, une paire de chaussures d&rsquo;eau, une serviette, un appareil photo et de la cr\u00e8me solaire.<\/p>\n","protected":false},"excerpt":{"rendered":"<p><strong>Pagayez vers l&rsquo;aventure \ud83d\udea3\u200d\u2642\ufe0f\ud83c\udf34 \u2014 Explorez le paradis secret des rivi\u00e8res de Raiatea ! \ud83c\udf0a<\/strong><\/p>\n","protected":false},"featured_media":1483,"comment_status":"open","ping_status":"closed","template":"","meta":{"inline_featured_image":false},"country":[],"product_brand":[],"product_cat":[171],"product_tag":[181],"class_list":{"0":"post-4855","1":"product","2":"type-product","3":"status-publish","4":"has-post-thumbnail","6":"product_cat-activites","7":"product_tag-raiatea-fr","9":"first","10":"instock","11":"shipping-taxable","12":"purchasable","13":"product-type-simple"},"acf":[],"_links":{"self":[{"href":"https:\/\/stayinn.travel\/fr\/wp-json\/wp\/v2\/product\/4855","targetHints":{"allow":["GET"]}}],"collection":[{"href":"https:\/\/stayinn.travel\/fr\/wp-json\/wp\/v2\/product"}],"about":[{"href":"https:\/\/stayinn.travel\/fr\/wp-json\/wp\/v2\/types\/product"}],"replies":[{"embeddable":true,"href":"https:\/\/stayinn.travel\/fr\/wp-json\/wp\/v2\/comments?post=4855"}],"wp:featuredmedia":[{"embeddable":true,"href":"https:\/\/stayinn.travel\/fr\/wp-json\/wp\/v2\/media\/1483"}],"wp:attachment":[{"href":"https:\/\/stayinn.travel\/fr\/wp-json\/wp\/v2\/media?parent=4855"}],"wp:term":[{"taxonomy":"country","embeddable":true,"href":"https:\/\/stayinn.travel\/fr\/wp-json\/wp\/v2\/country?post=4855"},{"taxonomy":"product_brand","embeddable":true,"href":"https:\/\/stayinn.travel\/fr\/wp-json\/wp\/v2\/product_brand?post=4855"},{"taxonomy":"product_cat","embeddable":true,"href":"https:\/\/stayinn.travel\/fr\/wp-json\/wp\/v2\/product_cat?post=4855"},{"taxonomy":"product_tag","embeddable":true,"href":"https:\/\/stayinn.travel\/fr\/wp-json\/wp\/v2\/product_tag?post=4855"}],"curies":[{"name":"wp","href":"https:\/\/api.w.org\/{rel}","templated":true}]}}