{"id":4856,"date":"2025-05-06T04:48:28","date_gmt":"2025-05-06T04:48:28","guid":{"rendered":"https:\/\/stayinn.travel\/product\/tahiti-aventure-en-quad-au-coeur-de-tahiti-vallee-de-la-papenoo-4h\/"},"modified":"2026-04-24T18:25:27","modified_gmt":"2026-04-24T18:25:27","slug":"tahiti-aventure-en-quad-au-coeur-de-tahiti-vallee-de-la-papenoo-4h","status":"publish","type":"product","link":"https:\/\/stayinn.travel\/fr\/product\/tahiti-aventure-en-quad-au-coeur-de-tahiti-vallee-de-la-papenoo-4h\/","title":{"rendered":"TAHITI &#8211; Aventure en quad au c\u0153ur de Tahiti, vall\u00e9e de la Papenoo \u2013 4h"},"content":{"rendered":"<p class=\"\" data-start=\"57\" data-end=\"537\"><strong data-start=\"57\" data-end=\"92\">Amateurs de sensations fortes et de vitesse<\/strong>, partez pour une visite guid\u00e9e en VTT au c\u0153ur de l&rsquo;\u00eele. D\u00e9couvrez des vall\u00e9es luxuriantes, traversez des rivi\u00e8res, explorez des for\u00eats denses et parcourez des paysages montagneux majestueux. Arr\u00eatez-vous devant les cascades et admirez les points de vue \u00e0 couper le souffle.<br data-start=\"331\" data-end=\"334\">L&rsquo;aventure commence \u00e0 seulement 3 kilom\u00e8tres de l&rsquo;entr\u00e9e de la plus grande vall\u00e9e de Tahiti, le Maroto.<br data-start=\"430\" data-end=\"433\">Votre guide se fera un plaisir de partager la riche histoire et les l\u00e9gendes de la vall\u00e9e tout au long du voyage.<\/p>\n<p class=\"\" data-start=\"539\" data-end=\"601\"><strong data-start=\"539\" data-end=\"552\">INCLUS<\/strong> : \u00c9quipement de s\u00e9curit\u00e9 (casques, gants et vestes imperm\u00e9ables).<\/p>\n","protected":false},"excerpt":{"rendered":"<p>Amateurs de sensations fortes et de vitesse, partez pour une visite guid\u00e9e en VTT au c\u0153ur de l&rsquo;\u00eele. D\u00e9couvrez des vall\u00e9es luxuriantes, traversez des rivi\u00e8res, explorez des for\u00eats denses et parcourez des paysages montagneux majestueux. Arr\u00eatez-vous devant les cascades et admirez les points de vue \u00e0 couper le souffle.L&rsquo;aventure commence \u00e0 seulement 3 kilom\u00e8tres de [&hellip;]<\/p>\n","protected":false},"featured_media":1562,"comment_status":"open","ping_status":"closed","template":"","meta":{"inline_featured_image":false},"country":[],"product_brand":[],"product_cat":[171],"product_tag":[182],"class_list":{"0":"post-4856","1":"product","2":"type-product","3":"status-publish","4":"has-post-thumbnail","6":"product_cat-activites","7":"product_tag-tahiti-fr","9":"first","10":"instock","11":"shipping-taxable","12":"purchasable","13":"product-type-simple"},"acf":[],"_links":{"self":[{"href":"https:\/\/stayinn.travel\/fr\/wp-json\/wp\/v2\/product\/4856","targetHints":{"allow":["GET"]}}],"collection":[{"href":"https:\/\/stayinn.travel\/fr\/wp-json\/wp\/v2\/product"}],"about":[{"href":"https:\/\/stayinn.travel\/fr\/wp-json\/wp\/v2\/types\/product"}],"replies":[{"embeddable":true,"href":"https:\/\/stayinn.travel\/fr\/wp-json\/wp\/v2\/comments?post=4856"}],"wp:featuredmedia":[{"embeddable":true,"href":"https:\/\/stayinn.travel\/fr\/wp-json\/wp\/v2\/media\/1562"}],"wp:attachment":[{"href":"https:\/\/stayinn.travel\/fr\/wp-json\/wp\/v2\/media?parent=4856"}],"wp:term":[{"taxonomy":"country","embeddable":true,"href":"https:\/\/stayinn.travel\/fr\/wp-json\/wp\/v2\/country?post=4856"},{"taxonomy":"product_brand","embeddable":true,"href":"https:\/\/stayinn.travel\/fr\/wp-json\/wp\/v2\/product_brand?post=4856"},{"taxonomy":"product_cat","embeddable":true,"href":"https:\/\/stayinn.travel\/fr\/wp-json\/wp\/v2\/product_cat?post=4856"},{"taxonomy":"product_tag","embeddable":true,"href":"https:\/\/stayinn.travel\/fr\/wp-json\/wp\/v2\/product_tag?post=4856"}],"curies":[{"name":"wp","href":"https:\/\/api.w.org\/{rel}","templated":true}]}}