{"id":4859,"date":"2025-05-06T05:27:55","date_gmt":"2025-05-06T05:27:55","guid":{"rendered":"https:\/\/stayinn.travel\/product\/tahiti-vol-en-helicoptere-coeur-de-lile-20-minutes\/"},"modified":"2026-04-24T18:19:00","modified_gmt":"2026-04-24T18:19:00","slug":"tahiti-vol-en-helicoptere-coeur-de-lile-20-minutes","status":"publish","type":"product","link":"https:\/\/stayinn.travel\/fr\/product\/tahiti-vol-en-helicoptere-coeur-de-lile-20-minutes\/","title":{"rendered":"TAHITI \u2013 Vol en h\u00e9licopt\u00e8re \u00ab\u202fC\u0153ur de l\u2019\u00eele\u202f\u00bb \u2013 20 minutes"},"content":{"rendered":"<p class=\"\" data-start=\"144\" data-end=\"395\">Envolez-vous vers le c\u0153ur de Tahiti. Survolez le magnifique lagon de Punaauia pour rejoindre l\u2019entr\u00e9e de la vall\u00e9e de la Punaruu, entour\u00e9e des plus hauts sommets de l\u2019\u00eele. D\u00e9couvrez le Plateau des Orangers et l\u2019ancienne caldeira situ\u00e9e au centre de l\u2019\u00eele.  <\/p>\n<p class=\"\" data-start=\"397\" data-end=\"639\">Poursuivez vers la plus grande vall\u00e9e de l\u2019\u00eele, la Papenoo, et survolez le lodge du Maroto. Admirez les rivi\u00e8res tumultueuses et les cascades impressionnantes. Vous survolerez les plus hauts sommets de Tahiti, dont le mont Orohena \u2014 point culminant de la Polyn\u00e9sie fran\u00e7aise.  <\/p>\n<p class=\"\" data-start=\"641\" data-end=\"777\">Le vol se poursuit au-dessus de la montagne du Diad\u00e8me et de la cascade de Fautaua dans la vall\u00e9e de Pirae, avant de revenir au-dessus du port de Papeete.<\/p>\n","protected":false},"excerpt":{"rendered":"<p class=\"\" data-start=\"69\" data-end=\"111\"><strong data-start=\"69\" data-end=\"109\">Envolez-vous vers le c\u0153ur de Tahiti ! \ud83d\ude81\ud83c\udf3a <\/strong><\/p>\n","protected":false},"featured_media":1603,"comment_status":"open","ping_status":"closed","template":"","meta":{"inline_featured_image":false},"country":[],"product_brand":[],"product_cat":[171],"product_tag":[182],"class_list":{"0":"post-4859","1":"product","2":"type-product","3":"status-publish","4":"has-post-thumbnail","6":"product_cat-activites","7":"product_tag-tahiti-fr","9":"first","10":"instock","11":"shipping-taxable","12":"purchasable","13":"product-type-simple"},"acf":[],"_links":{"self":[{"href":"https:\/\/stayinn.travel\/fr\/wp-json\/wp\/v2\/product\/4859","targetHints":{"allow":["GET"]}}],"collection":[{"href":"https:\/\/stayinn.travel\/fr\/wp-json\/wp\/v2\/product"}],"about":[{"href":"https:\/\/stayinn.travel\/fr\/wp-json\/wp\/v2\/types\/product"}],"replies":[{"embeddable":true,"href":"https:\/\/stayinn.travel\/fr\/wp-json\/wp\/v2\/comments?post=4859"}],"wp:featuredmedia":[{"embeddable":true,"href":"https:\/\/stayinn.travel\/fr\/wp-json\/wp\/v2\/media\/1603"}],"wp:attachment":[{"href":"https:\/\/stayinn.travel\/fr\/wp-json\/wp\/v2\/media?parent=4859"}],"wp:term":[{"taxonomy":"country","embeddable":true,"href":"https:\/\/stayinn.travel\/fr\/wp-json\/wp\/v2\/country?post=4859"},{"taxonomy":"product_brand","embeddable":true,"href":"https:\/\/stayinn.travel\/fr\/wp-json\/wp\/v2\/product_brand?post=4859"},{"taxonomy":"product_cat","embeddable":true,"href":"https:\/\/stayinn.travel\/fr\/wp-json\/wp\/v2\/product_cat?post=4859"},{"taxonomy":"product_tag","embeddable":true,"href":"https:\/\/stayinn.travel\/fr\/wp-json\/wp\/v2\/product_tag?post=4859"}],"curies":[{"name":"wp","href":"https:\/\/api.w.org\/{rel}","templated":true}]}}