{"id":4862,"date":"2025-04-16T10:16:10","date_gmt":"2025-04-16T10:16:10","guid":{"rendered":"https:\/\/stayinn.travel\/product\/package-3nuits-4jours\/"},"modified":"2026-04-24T22:16:18","modified_gmt":"2026-04-24T22:16:18","slug":"package-3nuits-4jours","status":"publish","type":"product","link":"https:\/\/stayinn.travel\/fr\/product\/package-3nuits-4jours\/","title":{"rendered":"PACKAGE 3 NUITS\/ 4 JOURS"},"content":{"rendered":"<p>Au sud-ouest de Tahiti, s\u00e9journez dans un bungalow traditionnel au bord du lagon, dans une propri\u00e9t\u00e9 dot\u00e9e d&rsquo;une belle piscine commune et d&rsquo;un emplacement en bord de lagon. Explorez l&rsquo;\u00eele en toute ind\u00e9pendance et \u00e0 votre rythme avec votre voiture de location.<br data-start=\"255\" data-end=\"258\">Participez \u00e0 un safari en 4&#215;4 et traversez l&rsquo;int\u00e9rieur de l&rsquo;\u00eele, en naviguant \u00e0 travers des montagnes escarp\u00e9es, le crat\u00e8re de l&rsquo;ancien volcan, et admirez ses cascades, sa faune et sa flore \u00e0 couper le souffle.<br data-start=\"451\" data-end=\"454\">Profitez d&rsquo;une excursion en bateau pour d\u00e9couvrir la c\u00e9l\u00e8bre vague de Teahupoo des Jeux Olympiques de 2024, et le lagon sud de l&rsquo;\u00eele, avec ses rivi\u00e8res, ses for\u00eats luxuriantes, et d&rsquo;autres surprises ! <\/p>\n<p><b>Tarif<\/b> <b>:<\/b> <\/p>\n<ul>\n<li style=\"font-weight: 400;\" aria-level=\"1\"><span style=\"font-weight: 400;\">1 150 \u20ac pour 2 personnes<\/span><\/li>\n<li style=\"font-weight: 400;\" aria-level=\"1\"><span style=\"font-weight: 400;\">1 353 \u20ac pour 3 personnes<\/span><\/li>\n<\/ul>\n<p data-start=\"252\" data-end=\"266\"><strong data-start=\"252\" data-end=\"266\">INCLUS :<\/strong><\/p>\n<ul data-start=\"268\" data-end=\"440\" data-is-last-node=\"\" data-is-only-node=\"\">\n<li data-start=\"268\" data-end=\"297\">\n<p data-start=\"270\" data-end=\"297\">1 lit double + 1 lit simple<\/p>\n<\/li>\n<li data-start=\"298\" data-end=\"313\">\n<p data-start=\"300\" data-end=\"313\">1 salle de douche<\/p>\n<\/li>\n<li data-start=\"314\" data-end=\"327\">\n<p data-start=\"316\" data-end=\"327\">Bord de lagon<\/p>\n<\/li>\n<li data-start=\"328\" data-end=\"341\">\n<p data-start=\"330\" data-end=\"341\">Piscine partag\u00e9e<\/p>\n<\/li>\n<li data-start=\"342\" data-end=\"348\">\n<p data-start=\"344\" data-end=\"348\">Wifi<\/p>\n<\/li>\n<li data-start=\"349\" data-end=\"378\">\n<p data-start=\"351\" data-end=\"378\">Bungalow traditionnel en bois<\/p>\n<\/li>\n<li data-start=\"379\" data-end=\"403\">\n<p data-start=\"381\" data-end=\"403\">1 excursion safari 4\u00d74<\/p>\n<\/li>\n<li data-start=\"404\" data-end=\"422\">\n<p data-start=\"406\" data-end=\"422\">1 excursion en bateau<\/p>\n<\/li>\n<li data-start=\"423\" data-end=\"440\" data-is-last-node=\"\">\n<p data-start=\"425\" data-end=\"440\" data-is-last-node=\"\">1 location de voiture<\/p>\n<\/li>\n<\/ul>\n","protected":false},"excerpt":{"rendered":"<p>Profitez d&rsquo;un forfait de 3 nuits et 4 jours incluant votre h\u00e9bergement, la location de voiture, une activit\u00e9 terrestre et une activit\u00e9 aquatique !<\/p>\n","protected":false},"featured_media":3287,"comment_status":"open","ping_status":"closed","template":"","meta":{"inline_featured_image":false},"country":[],"product_brand":[],"product_cat":[172],"product_tag":[],"class_list":{"0":"post-4862","1":"product","2":"type-product","3":"status-publish","4":"has-post-thumbnail","6":"product_cat-paquets","8":"first","9":"instock","10":"shipping-taxable","11":"purchasable","12":"product-type-simple"},"acf":[],"_links":{"self":[{"href":"https:\/\/stayinn.travel\/fr\/wp-json\/wp\/v2\/product\/4862","targetHints":{"allow":["GET"]}}],"collection":[{"href":"https:\/\/stayinn.travel\/fr\/wp-json\/wp\/v2\/product"}],"about":[{"href":"https:\/\/stayinn.travel\/fr\/wp-json\/wp\/v2\/types\/product"}],"replies":[{"embeddable":true,"href":"https:\/\/stayinn.travel\/fr\/wp-json\/wp\/v2\/comments?post=4862"}],"wp:featuredmedia":[{"embeddable":true,"href":"https:\/\/stayinn.travel\/fr\/wp-json\/wp\/v2\/media\/3287"}],"wp:attachment":[{"href":"https:\/\/stayinn.travel\/fr\/wp-json\/wp\/v2\/media?parent=4862"}],"wp:term":[{"taxonomy":"country","embeddable":true,"href":"https:\/\/stayinn.travel\/fr\/wp-json\/wp\/v2\/country?post=4862"},{"taxonomy":"product_brand","embeddable":true,"href":"https:\/\/stayinn.travel\/fr\/wp-json\/wp\/v2\/product_brand?post=4862"},{"taxonomy":"product_cat","embeddable":true,"href":"https:\/\/stayinn.travel\/fr\/wp-json\/wp\/v2\/product_cat?post=4862"},{"taxonomy":"product_tag","embeddable":true,"href":"https:\/\/stayinn.travel\/fr\/wp-json\/wp\/v2\/product_tag?post=4862"}],"curies":[{"name":"wp","href":"https:\/\/api.w.org\/{rel}","templated":true}]}}