{"id":4863,"date":"2025-05-06T07:10:39","date_gmt":"2025-05-06T07:10:39","guid":{"rendered":"https:\/\/stayinn.travel\/product\/moorea-aventure-en-kayak-transparent-3h30\/"},"modified":"2026-04-24T02:05:31","modified_gmt":"2026-04-24T02:05:31","slug":"moorea-aventure-en-kayak-transparent-3h30","status":"publish","type":"product","link":"https:\/\/stayinn.travel\/fr\/product\/moorea-aventure-en-kayak-transparent-3h30\/","title":{"rendered":"MOOREA \u2013 Aventure en kayak transparent \u2013 3h30"},"content":{"rendered":"<p class=\"\" data-start=\"124\" data-end=\"298\">Explorez le lagon \u00e0 couper le souffle de Moorea avec votre kayak 100 % transparent et \u00e9merveillez-vous devant les raies, tortues, requins \u00e0 pointe noire et poissons color\u00e9s qui nagent juste en dessous de vous !<\/p>\n<p class=\"\" data-start=\"300\" data-end=\"507\">Au cours de l&rsquo;excursion, vous ferez une pause sur un petit banc de sable pour d\u00e9guster des fruits tropicaux frais et des jus locaux. Profitez de la beaut\u00e9 de la plage de sable blanc et de votre temps libre pour nager et vous d\u00e9tendre. <\/p>\n<p class=\"\" data-start=\"509\" data-end=\"796\">Cette excursion \u00e9co-responsable comprend \u00e9galement un arr\u00eat au c\u00e9l\u00e8bre banc de sable, o\u00f9 vous pourrez nager aux c\u00f4t\u00e9s des raies et des requins pointes noires, rencontrer des tortues marines dans le chenal et d\u00e9couvrir des statues tiki immerg\u00e9es. N&rsquo;oubliez pas votre appareil photo \u00e9tanche pour capturer ces moments inoubliables ! <\/p>\n<p class=\"\" data-start=\"798\" data-end=\"883\">Cette excursion est enti\u00e8rement non polluante et respecte l&rsquo;\u00e9cosyst\u00e8me fragile du lagon.<\/p>\n","protected":false},"excerpt":{"rendered":"<p class=\"\" data-start=\"81\" data-end=\"176\"><strong data-start=\"81\" data-end=\"176\">Pagayez au paradis \ud83c\udf0a, d\u00e9couvrez la mer comme jamais auparavant \ud83d\udc22\u2728 \u2014 100 % transparent, 100 % \u00e9cologique !<\/strong><\/p>\n","protected":false},"featured_media":1661,"comment_status":"open","ping_status":"closed","template":"","meta":{"inline_featured_image":false},"country":[],"product_brand":[],"product_cat":[171],"product_tag":[183],"class_list":{"0":"post-4863","1":"product","2":"type-product","3":"status-publish","4":"has-post-thumbnail","6":"product_cat-activites","7":"product_tag-moorea-fr","9":"first","10":"instock","11":"shipping-taxable","12":"purchasable","13":"product-type-simple"},"acf":[],"_links":{"self":[{"href":"https:\/\/stayinn.travel\/fr\/wp-json\/wp\/v2\/product\/4863","targetHints":{"allow":["GET"]}}],"collection":[{"href":"https:\/\/stayinn.travel\/fr\/wp-json\/wp\/v2\/product"}],"about":[{"href":"https:\/\/stayinn.travel\/fr\/wp-json\/wp\/v2\/types\/product"}],"replies":[{"embeddable":true,"href":"https:\/\/stayinn.travel\/fr\/wp-json\/wp\/v2\/comments?post=4863"}],"wp:featuredmedia":[{"embeddable":true,"href":"https:\/\/stayinn.travel\/fr\/wp-json\/wp\/v2\/media\/1661"}],"wp:attachment":[{"href":"https:\/\/stayinn.travel\/fr\/wp-json\/wp\/v2\/media?parent=4863"}],"wp:term":[{"taxonomy":"country","embeddable":true,"href":"https:\/\/stayinn.travel\/fr\/wp-json\/wp\/v2\/country?post=4863"},{"taxonomy":"product_brand","embeddable":true,"href":"https:\/\/stayinn.travel\/fr\/wp-json\/wp\/v2\/product_brand?post=4863"},{"taxonomy":"product_cat","embeddable":true,"href":"https:\/\/stayinn.travel\/fr\/wp-json\/wp\/v2\/product_cat?post=4863"},{"taxonomy":"product_tag","embeddable":true,"href":"https:\/\/stayinn.travel\/fr\/wp-json\/wp\/v2\/product_tag?post=4863"}],"curies":[{"name":"wp","href":"https:\/\/api.w.org\/{rel}","templated":true}]}}