{"id":4866,"date":"2025-04-16T23:48:22","date_gmt":"2025-04-16T23:48:22","guid":{"rendered":"https:\/\/stayinn.travel\/product\/aventure-polynesienne-entre-les-marquises-et-les-iles-de-la-societe\/"},"modified":"2025-12-28T02:17:48","modified_gmt":"2025-12-28T02:17:48","slug":"aventure-polynesienne-entre-les-marquises-et-les-iles-de-la-societe","status":"publish","type":"product","link":"https:\/\/stayinn.travel\/fr\/product\/aventure-polynesienne-entre-les-marquises-et-les-iles-de-la-societe\/","title":{"rendered":"AVENTURE POLYN\u00c9SIENNE &#8211; ENTRE LES MARQUISES ET LES \u00ceLES DE LA SOCI\u00c9T\u00c9"},"content":{"rendered":"<h3 class=\"\" data-start=\"169\" data-end=\"211\">\ud83c\udf34 <strong data-start=\"176\" data-end=\"209\">Bienvenue au paradis sur Terre !<\/strong> <\/h3>\n<h3 class=\"\" data-start=\"169\" data-end=\"211\"><strong data-start=\"176\" data-end=\"209\"><em data-start=\"808\" data-end=\"872\">\ud83c\udf0b \u00ab\u00a0Des lagons luxuriants aux pics sacr\u00e9s \u2013 plongez dans la Polyn\u00e9sie brute.\u00a0\u00bb<\/em><\/strong><\/h3>\n<p class=\"\" data-start=\"212\" data-end=\"405\">Nous vous invitons \u00e0 d\u00e9couvrir le charme envo\u00fbtant des <strong data-start=\"266\" data-end=\"285\">\u00eeles de la Soci\u00e9t\u00e9<\/strong> et <strong data-start=\"294\" data-end=\"338\">la beaut\u00e9 sauvage de l&rsquo;archipel des Marquises <\/strong>en Polyn\u00e9sie fran\u00e7aise avec notre <strong data-start=\"368\" data-end=\"404\">forfait exclusif d&rsquo;escapade entre \u00eeles.<\/strong><\/p>\n<p class=\"\" data-start=\"407\" data-end=\"765\">Pr\u00e9parez-vous pour un voyage inoubliable \u00e0 travers 6 \u00eeles embl\u00e9matiques : <strong data-start=\"471\" data-end=\"532\">Tahiti, Moorea, Taha\u2019a, Bora Bora, Nuku Hiva et Hiva Oa.<\/strong><br data-start=\"533\" data-end=\"536\">Ce forfait complet inclut vos h\u00e9bergements, les vols et ferries inter-\u00eeles, les locations de voiture, ainsi qu\u2019une gamme compl\u00e8te d\u2019activit\u00e9s s\u00e9lectionn\u00e9es.<br data-start=\"674\" data-end=\"677\">Voyagez librement, \u00e0 votre propre rythme, et plongez dans un monde de nature brute et de culture riche.<\/p>\n<hr class=\"\" data-start=\"767\" data-end=\"770\">\n<h3 class=\"\" data-start=\"772\" data-end=\"801\"><strong data-start=\"780\" data-end=\"801\">\ud83c\udfdd\ufe0f \u00ceLES INCLUS :<\/strong><\/h3>\n<ul data-start=\"803\" data-end=\"873\">\n<li class=\"\" data-start=\"803\" data-end=\"813\">\n<p class=\"\" data-start=\"805\" data-end=\"813\">Tahiti<\/p>\n<\/li>\n<li class=\"\" data-start=\"814\" data-end=\"824\">\n<p class=\"\" data-start=\"816\" data-end=\"824\">Moorea<\/p>\n<\/li>\n<li class=\"\" data-start=\"825\" data-end=\"835\">\n<p class=\"\" data-start=\"827\" data-end=\"835\">Taha\u2019a<\/p>\n<\/li>\n<li class=\"\" data-start=\"836\" data-end=\"849\">\n<p class=\"\" data-start=\"838\" data-end=\"849\">Bora Bora<\/p>\n<\/li>\n<li class=\"\" data-start=\"850\" data-end=\"863\">\n<p class=\"\" data-start=\"852\" data-end=\"863\">Nuku Hiva<\/p>\n<\/li>\n<li class=\"\" data-start=\"864\" data-end=\"873\">\n<p class=\"\" data-start=\"866\" data-end=\"873\">Hiva Oa<\/p>\n<\/li>\n<\/ul>\n<hr class=\"\" data-start=\"875\" data-end=\"878\">\n<h3 class=\"\" data-start=\"880\" data-end=\"907\">\u2705 <strong data-start=\"886\" data-end=\"907\">PACKAGE INCLUS:<\/strong><\/h3>\n<ul data-start=\"909\" data-end=\"1032\">\n<li class=\"\" data-start=\"909\" data-end=\"932\">\n<p class=\"\" data-start=\"911\" data-end=\"932\">20 Nuits\/ 21 Jours<\/p>\n<\/li>\n<li class=\"\" data-start=\"933\" data-end=\"951\">\n<p class=\"\" data-start=\"935\" data-end=\"951\">H\u00e9bergements<\/p>\n<\/li>\n<li class=\"\" data-start=\"952\" data-end=\"967\">\n<p class=\"\" data-start=\"954\" data-end=\"967\">Location de voiture<\/p>\n<\/li>\n<li class=\"\" data-start=\"968\" data-end=\"989\">\n<p class=\"\" data-start=\"970\" data-end=\"989\">Excursions guid\u00e9es<\/p>\n<\/li>\n<li class=\"\" data-start=\"990\" data-end=\"1032\">\n<p class=\"\" data-start=\"992\" data-end=\"1032\">Vols inter-\u00eeles et transferts en ferry<\/p>\n<\/li>\n<\/ul>\n","protected":false},"excerpt":{"rendered":"<p><em data-start=\"808\" data-end=\"872\">\ud83c\udf0b \u00ab\u00a0Des lagons luxuriants aux pics sacr\u00e9s \u2013 plongez dans la Polyn\u00e9sie brute.\u00a0\u00bb<\/em><\/p>\n","protected":false},"featured_media":1264,"comment_status":"open","ping_status":"closed","template":"","meta":{"inline_featured_image":false},"country":[],"product_brand":[],"product_cat":[172],"product_tag":[],"class_list":{"0":"post-4866","1":"product","2":"type-product","3":"status-publish","4":"has-post-thumbnail","6":"product_cat-paquets","8":"first","9":"instock","10":"shipping-taxable","11":"purchasable","12":"product-type-simple"},"acf":[],"_links":{"self":[{"href":"https:\/\/stayinn.travel\/fr\/wp-json\/wp\/v2\/product\/4866","targetHints":{"allow":["GET"]}}],"collection":[{"href":"https:\/\/stayinn.travel\/fr\/wp-json\/wp\/v2\/product"}],"about":[{"href":"https:\/\/stayinn.travel\/fr\/wp-json\/wp\/v2\/types\/product"}],"replies":[{"embeddable":true,"href":"https:\/\/stayinn.travel\/fr\/wp-json\/wp\/v2\/comments?post=4866"}],"wp:featuredmedia":[{"embeddable":true,"href":"https:\/\/stayinn.travel\/fr\/wp-json\/wp\/v2\/media\/1264"}],"wp:attachment":[{"href":"https:\/\/stayinn.travel\/fr\/wp-json\/wp\/v2\/media?parent=4866"}],"wp:term":[{"taxonomy":"country","embeddable":true,"href":"https:\/\/stayinn.travel\/fr\/wp-json\/wp\/v2\/country?post=4866"},{"taxonomy":"product_brand","embeddable":true,"href":"https:\/\/stayinn.travel\/fr\/wp-json\/wp\/v2\/product_brand?post=4866"},{"taxonomy":"product_cat","embeddable":true,"href":"https:\/\/stayinn.travel\/fr\/wp-json\/wp\/v2\/product_cat?post=4866"},{"taxonomy":"product_tag","embeddable":true,"href":"https:\/\/stayinn.travel\/fr\/wp-json\/wp\/v2\/product_tag?post=4866"}],"curies":[{"name":"wp","href":"https:\/\/api.w.org\/{rel}","templated":true}]}}