{"id":4867,"date":"2025-05-13T03:09:59","date_gmt":"2025-05-13T03:09:59","guid":{"rendered":"https:\/\/stayinn.travel\/product\/moorea-tour-gastronomique-decouvrez-les-specialites-locales-de-lile-de-moorea-4h30\/"},"modified":"2026-04-24T00:56:22","modified_gmt":"2026-04-24T00:56:22","slug":"moorea-tour-gastronomique-decouvrez-les-specialites-locales-de-lile-de-moorea-4h30","status":"publish","type":"product","link":"https:\/\/stayinn.travel\/fr\/product\/moorea-tour-gastronomique-decouvrez-les-specialites-locales-de-lile-de-moorea-4h30\/","title":{"rendered":"MOOREA \u2013 Tour gastronomique : D\u00e9couvrez les sp\u00e9cialit\u00e9s locales de l\u2019\u00eele de Moorea \u2013 4h30"},"content":{"rendered":"<p class=\"\" data-start=\"54\" data-end=\"373\">Le tour gastronomique est con\u00e7u pour vous faire d\u00e9couvrir toute la gastronomie locale ainsi que les douceurs particuli\u00e8rement appr\u00e9ci\u00e9es des Polyn\u00e9siens. Veillez \u00e0 venir l\u2019estomac vide, car vous n\u2019explorerez pas seulement les paysages et les boutiques de nos \u00eeles, mais vous d\u00e9gusterez \u00e9galement une vari\u00e9t\u00e9 de fruits frais, l\u00e9gumes et produits locaux. <\/p>\n<p class=\"\" data-start=\"375\" data-end=\"639\">\u00ab Tama&rsquo;a \u00bb signifie \u00ab manger \u00bb en tahitien, et c\u2019est justement ce que vous ferez en d\u00e9couvrant Moorea \u00e0 travers vos papilles. Pendant ce tour, vous d\u00e9gusterez et visiterez des \u00e9tablissements locaux authentiques qui proposent des saveurs uniques, les endroits o\u00f9 les habitants aiment manger. <\/p>\n<p class=\"\" data-start=\"641\" data-end=\"856\">Vous savourerez une vari\u00e9t\u00e9 de plats et boissons tels que des fruits locaux de saison, des en-cas, des plats de poisson, du \u00ab\u202fpai\u202f\u00bb, du \u00ab\u202fMape\u202f\u00bb et d\u2019autres d\u00e9licieuses sp\u00e9cialit\u00e9s locales issues des trois cultures qui composent la Polyn\u00e9sie fran\u00e7aise actuelle.<\/p>\n","protected":false},"excerpt":{"rendered":"<p class=\"\" data-start=\"35\" data-end=\"110\"><strong data-start=\"35\" data-end=\"109\">Go\u00fbtez aux saveurs de Moorea \ud83c\udf3a\ud83c\udf4d \u2013 Un voyage \u00e0 travers les d\u00e9lices locaux \ud83c\udf7d\ufe0f\ud83c\udf34<\/strong><\/p>\n<p class=\"\" data-start=\"112\" data-end=\"189\">\n","protected":false},"featured_media":3667,"comment_status":"open","ping_status":"closed","template":"","meta":{"inline_featured_image":false},"country":[],"product_brand":[],"product_cat":[171],"product_tag":[183],"class_list":{"0":"post-4867","1":"product","2":"type-product","3":"status-publish","4":"has-post-thumbnail","6":"product_cat-activites","7":"product_tag-moorea-fr","9":"first","10":"instock","11":"shipping-taxable","12":"purchasable","13":"product-type-simple"},"acf":[],"_links":{"self":[{"href":"https:\/\/stayinn.travel\/fr\/wp-json\/wp\/v2\/product\/4867","targetHints":{"allow":["GET"]}}],"collection":[{"href":"https:\/\/stayinn.travel\/fr\/wp-json\/wp\/v2\/product"}],"about":[{"href":"https:\/\/stayinn.travel\/fr\/wp-json\/wp\/v2\/types\/product"}],"replies":[{"embeddable":true,"href":"https:\/\/stayinn.travel\/fr\/wp-json\/wp\/v2\/comments?post=4867"}],"wp:featuredmedia":[{"embeddable":true,"href":"https:\/\/stayinn.travel\/fr\/wp-json\/wp\/v2\/media\/3667"}],"wp:attachment":[{"href":"https:\/\/stayinn.travel\/fr\/wp-json\/wp\/v2\/media?parent=4867"}],"wp:term":[{"taxonomy":"country","embeddable":true,"href":"https:\/\/stayinn.travel\/fr\/wp-json\/wp\/v2\/country?post=4867"},{"taxonomy":"product_brand","embeddable":true,"href":"https:\/\/stayinn.travel\/fr\/wp-json\/wp\/v2\/product_brand?post=4867"},{"taxonomy":"product_cat","embeddable":true,"href":"https:\/\/stayinn.travel\/fr\/wp-json\/wp\/v2\/product_cat?post=4867"},{"taxonomy":"product_tag","embeddable":true,"href":"https:\/\/stayinn.travel\/fr\/wp-json\/wp\/v2\/product_tag?post=4867"}],"curies":[{"name":"wp","href":"https:\/\/api.w.org\/{rel}","templated":true}]}}